{"id":1829,"date":"2021-04-09T09:25:47","date_gmt":"2021-04-09T07:25:47","guid":{"rendered":"https:\/\/horizonagency.eu\/%d8%a7%d9%84%d8%a7%d8%aa%d8%b5%d8%a7%d9%84\/"},"modified":"2021-04-09T09:34:59","modified_gmt":"2021-04-09T07:34:59","slug":"%d8%a7%d9%84%d8%a7%d8%aa%d8%b5%d8%a7%d9%84","status":"publish","type":"page","link":"https:\/\/horizonagency.eu\/ar\/%d8%a7%d9%84%d8%a7%d8%aa%d8%b5%d8%a7%d9%84\/","title":{"rendered":"\u0627\u0644\u0627\u062a\u0635\u0627\u0644"},"content":{"rendered":"\t\t<div data-elementor-type=\"wp-page\" data-elementor-id=\"1829\" class=\"elementor elementor-1829 elementor-34\" data-elementor-post-type=\"page\">\n\t\t\t\t\t\t<section class=\"elementor-section elementor-top-section elementor-element elementor-element-501e0fac elementor-section-stretched elementor-section-content-middle elementor-section-boxed elementor-section-height-default elementor-section-height-default\" data-id=\"501e0fac\" data-element_type=\"section\" data-e-type=\"section\" data-settings=\"{&quot;stretch_section&quot;:&quot;section-stretched&quot;}\">\n\t\t\t\t\t\t<div class=\"elementor-container elementor-column-gap-extended\">\n\t\t\t\t\t<div class=\"elementor-column elementor-col-50 elementor-top-column elementor-element elementor-element-1611d103\" data-id=\"1611d103\" data-element_type=\"column\" data-e-type=\"column\">\n\t\t\t<div class=\"elementor-widget-wrap elementor-element-populated\">\n\t\t\t\t\t\t<div class=\"elementor-element elementor-element-575c65ac elementor-widget elementor-widget-heading\" data-id=\"575c65ac\" data-element_type=\"widget\" data-e-type=\"widget\" data-widget_type=\"heading.default\">\n\t\t\t\t<div class=\"elementor-widget-container\">\n\t\t\t\t\t<h3 class=\"elementor-heading-title elementor-size-default\">\u0627\u0628\u0642 \u0639\u0644\u0649 \u062a\u0648\u0627\u0635\u0644<\/h3>\t\t\t\t<\/div>\n\t\t\t\t<\/div>\n\t\t\t\t<div class=\"elementor-element elementor-element-5ccac69 elementor-widget-divider--view-line elementor-widget elementor-widget-divider\" data-id=\"5ccac69\" data-element_type=\"widget\" data-e-type=\"widget\" data-widget_type=\"divider.default\">\n\t\t\t\t<div class=\"elementor-widget-container\">\n\t\t\t\t\t\t\t<div class=\"elementor-divider\">\n\t\t\t<span class=\"elementor-divider-separator\">\n\t\t\t\t\t\t<\/span>\n\t\t<\/div>\n\t\t\t\t\t\t<\/div>\n\t\t\t\t<\/div>\n\t\t\t\t<div class=\"elementor-element elementor-element-38d00dda elementor-widget__width-initial elementor-widget-mobile__width-initial elementor-widget elementor-widget-text-editor\" data-id=\"38d00dda\" data-element_type=\"widget\" data-e-type=\"widget\" data-settings=\"{&quot;_animation&quot;:&quot;none&quot;}\" data-widget_type=\"text-editor.default\">\n\t\t\t\t<div class=\"elementor-widget-container\">\n\t\t\t\t\t\t\t\t\t<p>\u0628\u064a\u0627\u0646\u0627\u062a \u0627\u0644\u0645\u062a\u0635\u0644<\/p>\n\t\t\t\t\t\t\t\t<\/div>\n\t\t\t\t<\/div>\n\t\t\t\t<div class=\"elementor-element elementor-element-431d6ab elementor-widget elementor-widget-text-editor\" data-id=\"431d6ab\" data-element_type=\"widget\" data-e-type=\"widget\" data-widget_type=\"text-editor.default\">\n\t\t\t\t<div class=\"elementor-widget-container\">\n\t\t\t\t\t\t\t\t\t<p>\u0628\u0635\u0641\u062a\u0646\u0627 \u0645\u0646\u0638\u0645 \u0631\u062d\u0644\u0627\u062a \u062f\u0627\u062e\u0644\u064a\u0629 \u0630\u0648 \u062e\u0628\u0631\u0629\u060c \u0641\u0625\u0646\u0646\u0627 \u0646\u0646\u0635\u062d \u0643\u0644 \u064a\u0648\u0645 \u0627\u0644\u0639\u062f\u064a\u062f \u0645\u0646 \u0627\u0644\u0623\u0634\u062e\u0627\u0635 \u062d\u0648\u0644 \u0643\u064a\u0641\u064a\u0629 \u0625\u0639\u062f\u0627\u062f \u0645\u062c\u0645\u0648\u0639\u0629 \u0646\u0627\u062c\u062d\u0629 \u0623\u0648 \u062d\u0627\u0641\u0632 \u0623\u0648 \u0633\u0641\u0631\u0629 \u0641\u0627\u062e\u0631\u0629. \u0627\u062a\u0635\u0644 \u0628\u0646\u0627 \u0625\u0630\u0627 \u0643\u0646\u062a \u062a\u0631\u064a\u062f \u0627\u0644\u062a\u062d\u062f\u062b \u0625\u0644\u0649 \u0634\u062e\u0635 \u0645\u062a\u062e\u0635\u0635 \u0641\u064a \u062a\u0646\u0638\u064a\u0645 \u062c\u0648\u0644\u0627\u062a \u0645\u062e\u0635\u0635\u0629 \u0623\u0648 \u0627\u0643\u062a\u0628 \u0631\u0633\u0627\u0644\u0629 \u0628\u0627\u0644\u0628\u0631\u064a\u062f \u0627\u0644\u0625\u0644\u0643\u062a\u0631\u0648\u0646\u064a \u0625\u0630\u0627 \u0643\u0646\u062a \u062a\u0631\u064a\u062f \u062a\u0642\u062f\u064a\u0645 \u062a\u0648\u0642\u0639\u0627\u062a\u0643 \u0641\u064a \u0647\u0630\u0627 \u0627\u0644\u0646\u0645\u0648\u0630\u062c. \u0633\u0646\u062a\u0639\u0631\u0641 \u0639\u0644\u064a\u0647\u0627 \u0648\u0646\u0639\u0627\u0648\u062f \u0627\u0644\u0627\u062a\u0635\u0627\u0644 \u0644\u0645\u0646\u0627\u0642\u0634\u0629 \u0627\u0644\u062a\u0641\u0627\u0635\u064a\u0644 \u0645\u0639\u0627.  <\/p>\n\t\t\t\t\t\t\t\t<\/div>\n\t\t\t\t<\/div>\n\t\t\t\t<div class=\"elementor-element elementor-element-2c7ffb9 elementor-icon-list--layout-traditional elementor-list-item-link-full_width elementor-widget elementor-widget-icon-list\" data-id=\"2c7ffb9\" data-element_type=\"widget\" data-e-type=\"widget\" data-widget_type=\"icon-list.default\">\n\t\t\t\t<div class=\"elementor-widget-container\">\n\t\t\t\t\t\t\t<ul class=\"elementor-icon-list-items\">\n\t\t\t\t\t\t\t<li class=\"elementor-icon-list-item\">\n\t\t\t\t\t\t\t\t\t\t\t<span class=\"elementor-icon-list-icon\">\n\t\t\t\t\t\t\t<i aria-hidden=\"true\" class=\" icomoon-the7-font-the7-map-05\"><\/i>\t\t\t\t\t\t<\/span>\n\t\t\t\t\t\t\t\t\t\t<span class=\"elementor-icon-list-text\">\u0648\u0643\u0627\u0644\u0629 \u0633\u0641\u0631\u064a\u0627\u062a \u0647\u0648\u0631\u0627\u064a\u0632\u0648\u0646 <br> \u0634\u0627\u0631\u0639 Powsta\u0144c\u00f3w \u015bl\u0105skich 116\u060c \u0627\u0644\u0631\u0645\u0632 \u0627\u0644\u0628\u0631\u064a\u062f\u064a:53-333 \u060c \u0641\u0631\u0648\u062a\u0633\u0648\u0627\u0641 \u060c \u0628\u0648\u0644\u0646\u062f\u0627 <\/span>\n\t\t\t\t\t\t\t\t\t<\/li>\n\t\t\t\t\t\t\t\t<li class=\"elementor-icon-list-item\">\n\t\t\t\t\t\t\t\t\t\t\t<a href=\"tel:+48%2071%20367%2008%2092\">\n\n\t\t\t\t\t\t\t\t\t\t\t\t<span class=\"elementor-icon-list-icon\">\n\t\t\t\t\t\t\t<i aria-hidden=\"true\" class=\" icomoon-the7-font-the7-phone-051\"><\/i>\t\t\t\t\t\t<\/span>\n\t\t\t\t\t\t\t\t\t\t<span class=\"elementor-icon-list-text\">\u0647\u0627\u062a\u0641: 0048 71367 08 92<\/span>\n\t\t\t\t\t\t\t\t\t\t\t<\/a>\n\t\t\t\t\t\t\t\t\t<\/li>\n\t\t\t\t\t\t\t\t<li class=\"elementor-icon-list-item\">\n\t\t\t\t\t\t\t\t\t\t\t<a href=\"mailto:office@horizonagency.eu\">\n\n\t\t\t\t\t\t\t\t\t\t\t\t<span class=\"elementor-icon-list-icon\">\n\t\t\t\t\t\t\t<i aria-hidden=\"true\" class=\" icomoon-the7-font-the7-mail-mail-06\"><\/i>\t\t\t\t\t\t<\/span>\n\t\t\t\t\t\t\t\t\t\t<span class=\"elementor-icon-list-text\">\u0627\u0644\u0628\u0631\u064a\u062f: office@horizonagency.eu<\/span>\n\t\t\t\t\t\t\t\t\t\t\t<\/a>\n\t\t\t\t\t\t\t\t\t<\/li>\n\t\t\t\t\t\t<\/ul>\n\t\t\t\t\t\t<\/div>\n\t\t\t\t<\/div>\n\t\t\t\t<div class=\"elementor-element elementor-element-5d8e7ec elementor-widget elementor-widget-html\" data-id=\"5d8e7ec\" data-element_type=\"widget\" data-e-type=\"widget\" data-widget_type=\"html.default\">\n\t\t\t\t<div class=\"elementor-widget-container\">\n\t\t\t\t\t<div class=\"social-follow\">\n\u0627\u062a\u0628\u0639\u0646\u0627: <a href=\"https:\/\/www.facebook.com\/HoryzontBiuroTurystyczne\"><i aria-hidden=\"true\" class=\"icomoon-the7-font-facebook\"><\/i><\/a> <a href=\"https:\/\/www.instagram.com\/bt_horyzont\/\"><i aria-hidden=\"true\" class=\" icomoon-the7-font-instagram\"><\/i><\/a> <a href=\"https:\/\/www.linkedin.com\/company\/biuro-turystyczne-horyzont\/about\/\"><i aria-hidden=\"true\" class=\"icomoon-the7-font-linkedin\"><\/i><\/a>\n<\/div>\t\t\t\t<\/div>\n\t\t\t\t<\/div>\n\t\t\t\t\t<\/div>\n\t\t<\/div>\n\t\t\t\t<div class=\"elementor-column elementor-col-50 elementor-top-column elementor-element elementor-element-49980205\" data-id=\"49980205\" data-element_type=\"column\" data-e-type=\"column\">\n\t\t\t<div class=\"elementor-widget-wrap elementor-element-populated\">\n\t\t\t\t\t\t<div class=\"elementor-element elementor-element-31ec3f4 elementor-widget elementor-widget-image\" data-id=\"31ec3f4\" data-element_type=\"widget\" data-e-type=\"widget\" data-widget_type=\"image.default\">\n\t\t\t\t<div class=\"elementor-widget-container\">\n\t\t\t\t\t\t\t\t\t\t\t\t\t\t\t<img decoding=\"async\" src=\"https:\/\/horizonagency.eu\/wp-content\/uploads\/elementor\/thumbs\/contact-image-01-r4e14ym0nxquygmo13xu91bq32csg2yj2sj6564abk.jpg\" title=\"\" alt=\"\" loading=\"lazy\" \/>\t\t\t\t\t\t\t\t\t\t\t\t\t\t\t<\/div>\n\t\t\t\t<\/div>\n\t\t\t\t\t<\/div>\n\t\t<\/div>\n\t\t\t\t\t<\/div>\n\t\t<\/section>\n\t\t\t\t<\/div>\n\t\t","protected":false},"excerpt":{"rendered":"<p>\u0627\u0628\u0642 \u0639\u0644\u0649 \u062a\u0648\u0627\u0635\u0644 \u0628\u064a\u0627\u0646\u0627\u062a \u0627\u0644\u0645\u062a\u0635\u0644 \u0628\u0635\u0641\u062a\u0646\u0627 \u0645\u0646\u0638\u0645 \u0631\u062d\u0644\u0627\u062a \u062f\u0627\u062e\u0644\u064a\u0629 \u0630\u0648 \u062e\u0628\u0631\u0629\u060c \u0641\u0625\u0646\u0646\u0627 \u0646\u0646\u0635\u062d \u0643\u0644 \u064a\u0648\u0645 \u0627\u0644\u0639\u062f\u064a\u062f \u0645\u0646 \u0627\u0644\u0623\u0634\u062e\u0627\u0635 \u062d\u0648\u0644 \u0643\u064a\u0641\u064a\u0629 \u0625\u0639\u062f\u0627\u062f \u0645\u062c\u0645\u0648\u0639\u0629 \u0646\u0627\u062c\u062d\u0629 \u0623\u0648 \u062d\u0627\u0641\u0632 \u0623\u0648 \u0633\u0641\u0631\u0629 \u0641\u0627\u062e\u0631\u0629. \u0627\u062a\u0635\u0644 \u0628\u0646\u0627 \u0625\u0630\u0627 \u0643\u0646\u062a \u062a\u0631\u064a\u062f \u0627\u0644\u062a\u062d\u062f\u062b \u0625\u0644\u0649 \u0634\u062e\u0635 \u0645\u062a\u062e\u0635\u0635 \u0641\u064a \u062a\u0646\u0638\u064a\u0645 \u062c\u0648\u0644\u0627\u062a \u0645\u062e\u0635\u0635\u0629 \u0623\u0648 \u0627\u0643\u062a\u0628 \u0631\u0633\u0627\u0644\u0629 \u0628\u0627\u0644\u0628\u0631\u064a\u062f \u0627\u0644\u0625\u0644\u0643\u062a\u0631\u0648\u0646\u064a \u0625\u0630\u0627 \u0643\u0646\u062a \u062a\u0631\u064a\u062f \u062a\u0642\u062f\u064a\u0645 \u062a\u0648\u0642\u0639\u0627\u062a\u0643 \u0641\u064a \u0647\u0630\u0627 \u0627\u0644\u0646\u0645\u0648\u0630\u062c. \u0633\u0646\u062a\u0639\u0631\u0641&hellip;<\/p>\n","protected":false},"author":1,"featured_media":0,"parent":0,"menu_order":0,"comment_status":"closed","ping_status":"closed","template":"elementor_header_footer","meta":{"footnotes":""},"class_list":["post-1829","page","type-page","status-publish","hentry"],"yoast_head":"<!-- This site is optimized with the Yoast SEO plugin v27.4 - https:\/\/yoast.com\/product\/yoast-seo-wordpress\/ -->\n<title>\u0627\u0644\u0627\u062a\u0635\u0627\u0644 Us &#8211; \u0648\u0643\u0627\u0644\u0629 \u0647\u0648\u0631\u0627\u064a\u0632\u0648\u0646 \u0644\u0644\u0633\u0641\u0631\u064a\u0627\u062a<\/title>\n<meta name=\"description\" content=\"\u0627\u062a\u0635\u0644 \u0628\u0646\u0627 \u0625\u0630\u0627 \u0643\u0646\u062a \u062a\u0631\u064a\u062f \u0627\u0644\u062a\u062d\u062f\u062b \u0625\u0644\u0649 \u0634\u062e\u0635 \u0645\u062a\u062e\u0635\u0635 \u0641\u064a \u062a\u0646\u0638\u064a\u0645 \u0627\u0644\u062c\u0648\u0644\u0627\u062a \u0627\u0644\u0645\u062e\u0635\u0635\u0629 - Horizon Travel Agency.\" \/>\n<meta name=\"robots\" content=\"index, follow, max-snippet:-1, max-image-preview:large, max-video-preview:-1\" \/>\n<link rel=\"canonical\" href=\"https:\/\/horizonagency.eu\/ar\/\u0627\u0644\u0627\u062a\u0635\u0627\u0644\/\" \/>\n<meta property=\"og:locale\" content=\"ar_AR\" \/>\n<meta property=\"og:type\" content=\"article\" \/>\n<meta property=\"og:title\" content=\"\u0627\u0644\u0627\u062a\u0635\u0627\u0644 Us &#8211; \u0648\u0643\u0627\u0644\u0629 \u0647\u0648\u0631\u0627\u064a\u0632\u0648\u0646 \u0644\u0644\u0633\u0641\u0631\u064a\u0627\u062a\" \/>\n<meta property=\"og:description\" content=\"\u0627\u062a\u0635\u0644 \u0628\u0646\u0627 \u0625\u0630\u0627 \u0643\u0646\u062a \u062a\u0631\u064a\u062f \u0627\u0644\u062a\u062d\u062f\u062b \u0625\u0644\u0649 \u0634\u062e\u0635 \u0645\u062a\u062e\u0635\u0635 \u0641\u064a \u062a\u0646\u0638\u064a\u0645 \u0627\u0644\u062c\u0648\u0644\u0627\u062a \u0627\u0644\u0645\u062e\u0635\u0635\u0629 - Horizon Travel Agency.\" \/>\n<meta property=\"og:url\" content=\"https:\/\/horizonagency.eu\/ar\/\u0627\u0644\u0627\u062a\u0635\u0627\u0644\/\" \/>\n<meta property=\"og:site_name\" content=\"\u0648\u0643\u0627\u0644\u0629 \u0647\u0648\u0631\u0627\u064a\u0632\u0648\u0646 \u0644\u0644\u0633\u0641\u0631\u064a\u0627\u062a\" \/>\n<meta property=\"article:modified_time\" content=\"2021-04-09T07:34:59+00:00\" \/>\n<meta property=\"og:image\" content=\"https:\/\/horizonagency.eu\/wp-content\/uploads\/elementor\/thumbs\/contact-image-01-p3dvyhux1mkuyptumokvw2aze1uqnnfjbfg2yeoi0w.jpg\" \/>\n<meta name=\"twitter:card\" content=\"summary_large_image\" \/>\n<meta name=\"twitter:label1\" content=\"\u0648\u0642\u062a \u0627\u0644\u0642\u0631\u0627\u0621\u0629 \u0627\u0644\u0645\u064f\u0642\u062f\u0651\u0631\" \/>\n\t<meta name=\"twitter:data1\" content=\"1 \u062f\u0642\u064a\u0642\u0629\" \/>\n<script type=\"application\/ld+json\" class=\"yoast-schema-graph\">{\"@context\":\"https:\\\/\\\/schema.org\",\"@graph\":[{\"@type\":\"WebPage\",\"@id\":\"https:\\\/\\\/horizonagency.eu\\\/ar\\\/%d8%a7%d9%84%d8%a7%d8%aa%d8%b5%d8%a7%d9%84\\\/\",\"url\":\"https:\\\/\\\/horizonagency.eu\\\/ar\\\/%d8%a7%d9%84%d8%a7%d8%aa%d8%b5%d8%a7%d9%84\\\/\",\"name\":\"\u0627\u0644\u0627\u062a\u0635\u0627\u0644 Us &#8211; \u0648\u0643\u0627\u0644\u0629 \u0647\u0648\u0631\u0627\u064a\u0632\u0648\u0646 \u0644\u0644\u0633\u0641\u0631\u064a\u0627\u062a\",\"isPartOf\":{\"@id\":\"https:\\\/\\\/horizonagency.eu\\\/#website\"},\"primaryImageOfPage\":{\"@id\":\"https:\\\/\\\/horizonagency.eu\\\/ar\\\/%d8%a7%d9%84%d8%a7%d8%aa%d8%b5%d8%a7%d9%84\\\/#primaryimage\"},\"image\":{\"@id\":\"https:\\\/\\\/horizonagency.eu\\\/ar\\\/%d8%a7%d9%84%d8%a7%d8%aa%d8%b5%d8%a7%d9%84\\\/#primaryimage\"},\"thumbnailUrl\":\"https:\\\/\\\/horizonagency.eu\\\/wp-content\\\/uploads\\\/elementor\\\/thumbs\\\/contact-image-01-p3dvyhux1mkuyptumokvw2aze1uqnnfjbfg2yeoi0w.jpg\",\"datePublished\":\"2021-04-09T07:25:47+00:00\",\"dateModified\":\"2021-04-09T07:34:59+00:00\",\"description\":\"\u0627\u062a\u0635\u0644 \u0628\u0646\u0627 \u0625\u0630\u0627 \u0643\u0646\u062a \u062a\u0631\u064a\u062f \u0627\u0644\u062a\u062d\u062f\u062b \u0625\u0644\u0649 \u0634\u062e\u0635 \u0645\u062a\u062e\u0635\u0635 \u0641\u064a \u062a\u0646\u0638\u064a\u0645 \u0627\u0644\u062c\u0648\u0644\u0627\u062a \u0627\u0644\u0645\u062e\u0635\u0635\u0629 - Horizon Travel Agency.\",\"breadcrumb\":{\"@id\":\"https:\\\/\\\/horizonagency.eu\\\/ar\\\/%d8%a7%d9%84%d8%a7%d8%aa%d8%b5%d8%a7%d9%84\\\/#breadcrumb\"},\"inLanguage\":\"ar\",\"potentialAction\":[{\"@type\":\"ReadAction\",\"target\":[\"https:\\\/\\\/horizonagency.eu\\\/ar\\\/%d8%a7%d9%84%d8%a7%d8%aa%d8%b5%d8%a7%d9%84\\\/\"]}]},{\"@type\":\"ImageObject\",\"inLanguage\":\"ar\",\"@id\":\"https:\\\/\\\/horizonagency.eu\\\/ar\\\/%d8%a7%d9%84%d8%a7%d8%aa%d8%b5%d8%a7%d9%84\\\/#primaryimage\",\"url\":\"https:\\\/\\\/horizonagency.eu\\\/wp-content\\\/uploads\\\/elementor\\\/thumbs\\\/contact-image-01-p3dvyhux1mkuyptumokvw2aze1uqnnfjbfg2yeoi0w.jpg\",\"contentUrl\":\"https:\\\/\\\/horizonagency.eu\\\/wp-content\\\/uploads\\\/elementor\\\/thumbs\\\/contact-image-01-p3dvyhux1mkuyptumokvw2aze1uqnnfjbfg2yeoi0w.jpg\"},{\"@type\":\"BreadcrumbList\",\"@id\":\"https:\\\/\\\/horizonagency.eu\\\/ar\\\/%d8%a7%d9%84%d8%a7%d8%aa%d8%b5%d8%a7%d9%84\\\/#breadcrumb\",\"itemListElement\":[{\"@type\":\"ListItem\",\"position\":1,\"name\":\"Strona g\u0142\u00f3wna\",\"item\":\"https:\\\/\\\/horizonagency.eu\\\/ar\\\/%d8%a7%d9%84%d8%b5%d9%81%d8%ad%d8%a9-%d8%a7%d9%84%d8%b1%d8%a6%d9%8a%d8%b3%d9%8a%d8%a9\\\/\"},{\"@type\":\"ListItem\",\"position\":2,\"name\":\"\u0627\u0644\u0627\u062a\u0635\u0627\u0644\"}]},{\"@type\":\"WebSite\",\"@id\":\"https:\\\/\\\/horizonagency.eu\\\/#website\",\"url\":\"https:\\\/\\\/horizonagency.eu\\\/\",\"name\":\"\u0648\u0643\u0627\u0644\u0629 \u0647\u0648\u0631\u0627\u064a\u0632\u0648\u0646 \u0644\u0644\u0633\u0641\u0631\u064a\u0627\u062a\",\"description\":\"\u0646\u062d\u0646 \u062e\u0628\u0631\u0627\u0621 \u0627\u0644\u0633\u0641\u0631 \u0627\u0644\u0645\u062d\u0644\u064a\u0648\u0646 \u0641\u064a \u0648\u0633\u0637 \u0623\u0648\u0631\u0648\u0628\u0627\",\"publisher\":{\"@id\":\"https:\\\/\\\/horizonagency.eu\\\/#organization\"},\"potentialAction\":[{\"@type\":\"SearchAction\",\"target\":{\"@type\":\"EntryPoint\",\"urlTemplate\":\"https:\\\/\\\/horizonagency.eu\\\/?s={search_term_string}\"},\"query-input\":{\"@type\":\"PropertyValueSpecification\",\"valueRequired\":true,\"valueName\":\"search_term_string\"}}],\"inLanguage\":\"ar\"},{\"@type\":\"Organization\",\"@id\":\"https:\\\/\\\/horizonagency.eu\\\/#organization\",\"name\":\"\u0648\u0643\u0627\u0644\u0629 \u0647\u0648\u0631\u0627\u064a\u0632\u0648\u0646 \u0644\u0644\u0633\u0641\u0631\u064a\u0627\u062a\",\"url\":\"https:\\\/\\\/horizonagency.eu\\\/\",\"logo\":{\"@type\":\"ImageObject\",\"inLanguage\":\"ar\",\"@id\":\"https:\\\/\\\/horizonagency.eu\\\/#\\\/schema\\\/logo\\\/image\\\/\",\"url\":\"https:\\\/\\\/horizonagency.eu\\\/wp-content\\\/uploads\\\/2021\\\/02\\\/logo-color-02.png\",\"contentUrl\":\"https:\\\/\\\/horizonagency.eu\\\/wp-content\\\/uploads\\\/2021\\\/02\\\/logo-color-02.png\",\"width\":140,\"height\":65,\"caption\":\"\u0648\u0643\u0627\u0644\u0629 \u0647\u0648\u0631\u0627\u064a\u0632\u0648\u0646 \u0644\u0644\u0633\u0641\u0631\u064a\u0627\u062a\"},\"image\":{\"@id\":\"https:\\\/\\\/horizonagency.eu\\\/#\\\/schema\\\/logo\\\/image\\\/\"}}]}<\/script>\n<!-- \/ Yoast SEO plugin. -->","yoast_head_json":{"title":"\u0627\u0644\u0627\u062a\u0635\u0627\u0644 Us &#8211; \u0648\u0643\u0627\u0644\u0629 \u0647\u0648\u0631\u0627\u064a\u0632\u0648\u0646 \u0644\u0644\u0633\u0641\u0631\u064a\u0627\u062a","description":"\u0627\u062a\u0635\u0644 \u0628\u0646\u0627 \u0625\u0630\u0627 \u0643\u0646\u062a \u062a\u0631\u064a\u062f \u0627\u0644\u062a\u062d\u062f\u062b \u0625\u0644\u0649 \u0634\u062e\u0635 \u0645\u062a\u062e\u0635\u0635 \u0641\u064a \u062a\u0646\u0638\u064a\u0645 \u0627\u0644\u062c\u0648\u0644\u0627\u062a \u0627\u0644\u0645\u062e\u0635\u0635\u0629 - Horizon Travel Agency.","robots":{"index":"index","follow":"follow","max-snippet":"max-snippet:-1","max-image-preview":"max-image-preview:large","max-video-preview":"max-video-preview:-1"},"canonical":"https:\/\/horizonagency.eu\/ar\/\u0627\u0644\u0627\u062a\u0635\u0627\u0644\/","og_locale":"ar_AR","og_type":"article","og_title":"\u0627\u0644\u0627\u062a\u0635\u0627\u0644 Us &#8211; \u0648\u0643\u0627\u0644\u0629 \u0647\u0648\u0631\u0627\u064a\u0632\u0648\u0646 \u0644\u0644\u0633\u0641\u0631\u064a\u0627\u062a","og_description":"\u0627\u062a\u0635\u0644 \u0628\u0646\u0627 \u0625\u0630\u0627 \u0643\u0646\u062a \u062a\u0631\u064a\u062f \u0627\u0644\u062a\u062d\u062f\u062b \u0625\u0644\u0649 \u0634\u062e\u0635 \u0645\u062a\u062e\u0635\u0635 \u0641\u064a \u062a\u0646\u0638\u064a\u0645 \u0627\u0644\u062c\u0648\u0644\u0627\u062a \u0627\u0644\u0645\u062e\u0635\u0635\u0629 - Horizon Travel Agency.","og_url":"https:\/\/horizonagency.eu\/ar\/\u0627\u0644\u0627\u062a\u0635\u0627\u0644\/","og_site_name":"\u0648\u0643\u0627\u0644\u0629 \u0647\u0648\u0631\u0627\u064a\u0632\u0648\u0646 \u0644\u0644\u0633\u0641\u0631\u064a\u0627\u062a","article_modified_time":"2021-04-09T07:34:59+00:00","og_image":[{"url":"https:\/\/horizonagency.eu\/wp-content\/uploads\/elementor\/thumbs\/contact-image-01-p3dvyhux1mkuyptumokvw2aze1uqnnfjbfg2yeoi0w.jpg","type":"","width":"","height":""}],"twitter_card":"summary_large_image","twitter_misc":{"\u0648\u0642\u062a \u0627\u0644\u0642\u0631\u0627\u0621\u0629 \u0627\u0644\u0645\u064f\u0642\u062f\u0651\u0631":"1 \u062f\u0642\u064a\u0642\u0629"},"schema":{"@context":"https:\/\/schema.org","@graph":[{"@type":"WebPage","@id":"https:\/\/horizonagency.eu\/ar\/%d8%a7%d9%84%d8%a7%d8%aa%d8%b5%d8%a7%d9%84\/","url":"https:\/\/horizonagency.eu\/ar\/%d8%a7%d9%84%d8%a7%d8%aa%d8%b5%d8%a7%d9%84\/","name":"\u0627\u0644\u0627\u062a\u0635\u0627\u0644 Us &#8211; \u0648\u0643\u0627\u0644\u0629 \u0647\u0648\u0631\u0627\u064a\u0632\u0648\u0646 \u0644\u0644\u0633\u0641\u0631\u064a\u0627\u062a","isPartOf":{"@id":"https:\/\/horizonagency.eu\/#website"},"primaryImageOfPage":{"@id":"https:\/\/horizonagency.eu\/ar\/%d8%a7%d9%84%d8%a7%d8%aa%d8%b5%d8%a7%d9%84\/#primaryimage"},"image":{"@id":"https:\/\/horizonagency.eu\/ar\/%d8%a7%d9%84%d8%a7%d8%aa%d8%b5%d8%a7%d9%84\/#primaryimage"},"thumbnailUrl":"https:\/\/horizonagency.eu\/wp-content\/uploads\/elementor\/thumbs\/contact-image-01-p3dvyhux1mkuyptumokvw2aze1uqnnfjbfg2yeoi0w.jpg","datePublished":"2021-04-09T07:25:47+00:00","dateModified":"2021-04-09T07:34:59+00:00","description":"\u0627\u062a\u0635\u0644 \u0628\u0646\u0627 \u0625\u0630\u0627 \u0643\u0646\u062a \u062a\u0631\u064a\u062f \u0627\u0644\u062a\u062d\u062f\u062b \u0625\u0644\u0649 \u0634\u062e\u0635 \u0645\u062a\u062e\u0635\u0635 \u0641\u064a \u062a\u0646\u0638\u064a\u0645 \u0627\u0644\u062c\u0648\u0644\u0627\u062a \u0627\u0644\u0645\u062e\u0635\u0635\u0629 - Horizon Travel Agency.","breadcrumb":{"@id":"https:\/\/horizonagency.eu\/ar\/%d8%a7%d9%84%d8%a7%d8%aa%d8%b5%d8%a7%d9%84\/#breadcrumb"},"inLanguage":"ar","potentialAction":[{"@type":"ReadAction","target":["https:\/\/horizonagency.eu\/ar\/%d8%a7%d9%84%d8%a7%d8%aa%d8%b5%d8%a7%d9%84\/"]}]},{"@type":"ImageObject","inLanguage":"ar","@id":"https:\/\/horizonagency.eu\/ar\/%d8%a7%d9%84%d8%a7%d8%aa%d8%b5%d8%a7%d9%84\/#primaryimage","url":"https:\/\/horizonagency.eu\/wp-content\/uploads\/elementor\/thumbs\/contact-image-01-p3dvyhux1mkuyptumokvw2aze1uqnnfjbfg2yeoi0w.jpg","contentUrl":"https:\/\/horizonagency.eu\/wp-content\/uploads\/elementor\/thumbs\/contact-image-01-p3dvyhux1mkuyptumokvw2aze1uqnnfjbfg2yeoi0w.jpg"},{"@type":"BreadcrumbList","@id":"https:\/\/horizonagency.eu\/ar\/%d8%a7%d9%84%d8%a7%d8%aa%d8%b5%d8%a7%d9%84\/#breadcrumb","itemListElement":[{"@type":"ListItem","position":1,"name":"Strona g\u0142\u00f3wna","item":"https:\/\/horizonagency.eu\/ar\/%d8%a7%d9%84%d8%b5%d9%81%d8%ad%d8%a9-%d8%a7%d9%84%d8%b1%d8%a6%d9%8a%d8%b3%d9%8a%d8%a9\/"},{"@type":"ListItem","position":2,"name":"\u0627\u0644\u0627\u062a\u0635\u0627\u0644"}]},{"@type":"WebSite","@id":"https:\/\/horizonagency.eu\/#website","url":"https:\/\/horizonagency.eu\/","name":"\u0648\u0643\u0627\u0644\u0629 \u0647\u0648\u0631\u0627\u064a\u0632\u0648\u0646 \u0644\u0644\u0633\u0641\u0631\u064a\u0627\u062a","description":"\u0646\u062d\u0646 \u062e\u0628\u0631\u0627\u0621 \u0627\u0644\u0633\u0641\u0631 \u0627\u0644\u0645\u062d\u0644\u064a\u0648\u0646 \u0641\u064a \u0648\u0633\u0637 \u0623\u0648\u0631\u0648\u0628\u0627","publisher":{"@id":"https:\/\/horizonagency.eu\/#organization"},"potentialAction":[{"@type":"SearchAction","target":{"@type":"EntryPoint","urlTemplate":"https:\/\/horizonagency.eu\/?s={search_term_string}"},"query-input":{"@type":"PropertyValueSpecification","valueRequired":true,"valueName":"search_term_string"}}],"inLanguage":"ar"},{"@type":"Organization","@id":"https:\/\/horizonagency.eu\/#organization","name":"\u0648\u0643\u0627\u0644\u0629 \u0647\u0648\u0631\u0627\u064a\u0632\u0648\u0646 \u0644\u0644\u0633\u0641\u0631\u064a\u0627\u062a","url":"https:\/\/horizonagency.eu\/","logo":{"@type":"ImageObject","inLanguage":"ar","@id":"https:\/\/horizonagency.eu\/#\/schema\/logo\/image\/","url":"https:\/\/horizonagency.eu\/wp-content\/uploads\/2021\/02\/logo-color-02.png","contentUrl":"https:\/\/horizonagency.eu\/wp-content\/uploads\/2021\/02\/logo-color-02.png","width":140,"height":65,"caption":"\u0648\u0643\u0627\u0644\u0629 \u0647\u0648\u0631\u0627\u064a\u0632\u0648\u0646 \u0644\u0644\u0633\u0641\u0631\u064a\u0627\u062a"},"image":{"@id":"https:\/\/horizonagency.eu\/#\/schema\/logo\/image\/"}}]}},"_links":{"self":[{"href":"https:\/\/horizonagency.eu\/ar\/wp-json\/wp\/v2\/pages\/1829","targetHints":{"allow":["GET"]}}],"collection":[{"href":"https:\/\/horizonagency.eu\/ar\/wp-json\/wp\/v2\/pages"}],"about":[{"href":"https:\/\/horizonagency.eu\/ar\/wp-json\/wp\/v2\/types\/page"}],"author":[{"embeddable":true,"href":"https:\/\/horizonagency.eu\/ar\/wp-json\/wp\/v2\/users\/1"}],"replies":[{"embeddable":true,"href":"https:\/\/horizonagency.eu\/ar\/wp-json\/wp\/v2\/comments?post=1829"}],"version-history":[{"count":6,"href":"https:\/\/horizonagency.eu\/ar\/wp-json\/wp\/v2\/pages\/1829\/revisions"}],"predecessor-version":[{"id":1850,"href":"https:\/\/horizonagency.eu\/ar\/wp-json\/wp\/v2\/pages\/1829\/revisions\/1850"}],"wp:attachment":[{"href":"https:\/\/horizonagency.eu\/ar\/wp-json\/wp\/v2\/media?parent=1829"}],"curies":[{"name":"wp","href":"https:\/\/api.w.org\/{rel}","templated":true}]}}