{"id":1566,"date":"2021-03-03T13:31:09","date_gmt":"2021-03-03T12:31:09","guid":{"rendered":"https:\/\/horizonagency.eu\/leistungen\/"},"modified":"2021-03-12T15:26:06","modified_gmt":"2021-03-12T14:26:06","slug":"leistungen","status":"publish","type":"page","link":"https:\/\/horizonagency.eu\/de\/leistungen\/","title":{"rendered":"Leistungen"},"content":{"rendered":"\t\t<div data-elementor-type=\"wp-page\" data-elementor-id=\"1566\" class=\"elementor elementor-1566 elementor-30\" data-elementor-post-type=\"page\">\n\t\t\t\t\t\t<section class=\"elementor-section elementor-top-section elementor-element elementor-element-4555df02 elementor-section-stretched elementor-section-content-middle elementor-section-boxed elementor-section-height-default elementor-section-height-default\" data-id=\"4555df02\" data-element_type=\"section\" data-e-type=\"section\" data-settings=\"{&quot;stretch_section&quot;:&quot;section-stretched&quot;}\">\n\t\t\t\t\t\t<div class=\"elementor-container elementor-column-gap-extended\">\n\t\t\t\t\t<div class=\"elementor-column elementor-col-50 elementor-top-column elementor-element elementor-element-7489de55\" data-id=\"7489de55\" data-element_type=\"column\" data-e-type=\"column\">\n\t\t\t<div class=\"elementor-widget-wrap elementor-element-populated\">\n\t\t\t\t\t\t<div class=\"elementor-element elementor-element-33ea5d5 elementor-widget__width-initial elementor-widget-mobile__width-initial elementor-widget elementor-widget-text-editor\" data-id=\"33ea5d5\" data-element_type=\"widget\" data-e-type=\"widget\" data-settings=\"{&quot;_animation&quot;:&quot;none&quot;}\" data-widget_type=\"text-editor.default\">\n\t\t\t\t<div class=\"elementor-widget-container\">\n\t\t\t\t\t\t\t\t\t<p><span lang=\"EN-US\">Gesamte Reise<\/span><\/p>\n\t\t\t\t\t\t\t\t<\/div>\n\t\t\t\t<\/div>\n\t\t\t\t<div class=\"elementor-element elementor-element-ca5f472 elementor-widget-divider--view-line elementor-widget elementor-widget-divider\" data-id=\"ca5f472\" data-element_type=\"widget\" data-e-type=\"widget\" data-widget_type=\"divider.default\">\n\t\t\t\t<div class=\"elementor-widget-container\">\n\t\t\t\t\t\t\t<div class=\"elementor-divider\">\n\t\t\t<span class=\"elementor-divider-separator\">\n\t\t\t\t\t\t<\/span>\n\t\t<\/div>\n\t\t\t\t\t\t<\/div>\n\t\t\t\t<\/div>\n\t\t\t\t<div class=\"elementor-element elementor-element-1c397e26 block-text elementor-widget elementor-widget-text-editor\" data-id=\"1c397e26\" data-element_type=\"widget\" data-e-type=\"widget\" data-widget_type=\"text-editor.default\">\n\t\t\t\t<div class=\"elementor-widget-container\">\n\t\t\t\t\t\t\t\t\t<h3>Transport- und F\u00fchrungsdienste<\/h3>\n<p>Als Incoming-Reiseb\u00fcro gestalten wir Produkte, die Ihren Kunden garantiert unvergessliche und zufriedenstellende Reiseerlebnisse bescheren. Um sicher zu sein, dass Sie einen erstklassigen Service erhalten, bereiten wir daher gerne die gesamte Reise f\u00fcr Sie vor. Wenn Sie Hilfe bei der Reiseplanung ben\u00f6tigen oder unsere Erfahrung nutzen m\u00f6chten, lassen Sie es uns gerne wissen. Wir sind schon lange in der touristischen Branche t\u00e4tig, dank dessen k\u00f6nnen wir die h\u00f6chste Qualit\u00e4t zu einem g\u00fcnstigen Preis anbieten.<\/p>\n<p>T\u00e4glich arbeiten wir mit vielen Transportunternehmen, Reiseleitern, Bergf\u00fchrern und Hotels in Europa zusammen. Wir sind auch mit den Buchungssystemen f\u00fcr viele Attraktionen vertraut.<\/p>\n\t\t\t\t\t\t\t\t<\/div>\n\t\t\t\t<\/div>\n\t\t\t\t\t<\/div>\n\t\t<\/div>\n\t\t\t\t<div class=\"elementor-column elementor-col-50 elementor-top-column elementor-element elementor-element-8bb8217\" data-id=\"8bb8217\" data-element_type=\"column\" data-e-type=\"column\">\n\t\t\t<div class=\"elementor-widget-wrap elementor-element-populated\">\n\t\t\t\t\t\t<div class=\"elementor-element elementor-element-1d34dc6 elementor-widget elementor-widget-image\" data-id=\"1d34dc6\" data-element_type=\"widget\" data-e-type=\"widget\" data-widget_type=\"image.default\">\n\t\t\t\t<div class=\"elementor-widget-container\">\n\t\t\t\t\t\t\t\t\t\t\t\t\t\t\t<img decoding=\"async\" src=\"https:\/\/horizonagency.eu\/wp-content\/uploads\/elementor\/thumbs\/other-services-img-05-r4e150hle1fa2s2aza4w94kjl1sbzdk27ftvm2tdbg.jpg\" title=\"White,Bus,Driving,On,The,Asphalt,Road,Between,The,Yellow\" alt=\"Autokar\" loading=\"lazy\" \/>\t\t\t\t\t\t\t\t\t\t\t\t\t\t\t<\/div>\n\t\t\t\t<\/div>\n\t\t\t\t\t<\/div>\n\t\t<\/div>\n\t\t\t\t\t<\/div>\n\t\t<\/section>\n\t\t\t\t<section class=\"elementor-section elementor-top-section elementor-element elementor-element-860f974 elementor-section-stretched elementor-section-content-middle elementor-section-boxed elementor-section-height-default elementor-section-height-default\" data-id=\"860f974\" data-element_type=\"section\" data-e-type=\"section\" data-settings=\"{&quot;stretch_section&quot;:&quot;section-stretched&quot;}\">\n\t\t\t\t\t\t<div class=\"elementor-container elementor-column-gap-extended\">\n\t\t\t\t\t<div class=\"elementor-column elementor-col-50 elementor-top-column elementor-element elementor-element-1e72150\" data-id=\"1e72150\" data-element_type=\"column\" data-e-type=\"column\">\n\t\t\t<div class=\"elementor-widget-wrap elementor-element-populated\">\n\t\t\t\t\t\t<div class=\"elementor-element elementor-element-6f8c4b0 elementor-widget elementor-widget-image\" data-id=\"6f8c4b0\" data-element_type=\"widget\" data-e-type=\"widget\" data-widget_type=\"image.default\">\n\t\t\t\t<div class=\"elementor-widget-container\">\n\t\t\t\t\t\t\t\t\t\t\t\t\t\t\t<img decoding=\"async\" src=\"https:\/\/horizonagency.eu\/wp-content\/uploads\/elementor\/thumbs\/other-services-img-02-r4e150hle1fa2s2aza4w94kjl1sbzdk27ftvm2tdbg.jpg\" title=\"other-services-img-02\" alt=\"other-services-img-02\" loading=\"lazy\" \/>\t\t\t\t\t\t\t\t\t\t\t\t\t\t\t<\/div>\n\t\t\t\t<\/div>\n\t\t\t\t\t<\/div>\n\t\t<\/div>\n\t\t\t\t<div class=\"elementor-column elementor-col-50 elementor-top-column elementor-element elementor-element-684143a\" data-id=\"684143a\" data-element_type=\"column\" data-e-type=\"column\">\n\t\t\t<div class=\"elementor-widget-wrap elementor-element-populated\">\n\t\t\t\t\t\t<div class=\"elementor-element elementor-element-f5eaec3 block-text elementor-widget elementor-widget-text-editor\" data-id=\"f5eaec3\" data-element_type=\"widget\" data-e-type=\"widget\" data-widget_type=\"text-editor.default\">\n\t\t\t\t<div class=\"elementor-widget-container\">\n\t\t\t\t\t\t\t\t\t<h3>Zug<\/h3>\n<p>Wir k\u00f6nnen Ihnen auch helfen eine Reise mit dem Zug, Flugzeug oder einer F\u00e4hre zu organisieren. Dank eines gut ausgebauten Netzes von Zugverbindungen, k\u00f6nnen wir diese Art von Reise durchf\u00fchren. Denken Sie auch daran, dass es in Polen und den Nachbarl\u00e4ndern viele gro\u00dfe kulturelle Veranstaltungen gibt, an denen Sie vielleicht teilnehmen m\u00f6chten.<\/p>\n<p>Denken Sie auch daran, dass es in Polen und den Nachbarl\u00e4ndern viele gro\u00dfe kulturelle Veranstaltungen gibt, an denen Sie vielleicht teilnehmen m\u00f6chten. Wenn Sie sich f\u00fcr den Zug entscheiden, k\u00f6nnen wir die ganze Reise auf der Grundlage dieses Transportmittels vorbereiten. Alternativ k\u00f6nnen Sie auch den Zug benutzen, um zu Ihrem Zielort zu gelangen und wir k\u00f6nnen einen Bus vor Ort, f\u00fcr den Rest des Abenteuers, organisieren. Das ist die g\u00fcnstigere Option, allerdings werden wir nicht \u00fcberall mit \u00f6ffentlichen Verkehrsmitteln fahren k\u00f6nnen.<\/p>\n\t\t\t\t\t\t\t\t<\/div>\n\t\t\t\t<\/div>\n\t\t\t\t\t<\/div>\n\t\t<\/div>\n\t\t\t\t\t<\/div>\n\t\t<\/section>\n\t\t\t\t<section class=\"elementor-section elementor-top-section elementor-element elementor-element-949b387 elementor-section-stretched elementor-section-content-middle elementor-section-boxed elementor-section-height-default elementor-section-height-default\" data-id=\"949b387\" data-element_type=\"section\" data-e-type=\"section\" data-settings=\"{&quot;stretch_section&quot;:&quot;section-stretched&quot;}\">\n\t\t\t\t\t\t<div class=\"elementor-container elementor-column-gap-extended\">\n\t\t\t\t\t<div class=\"elementor-column elementor-col-50 elementor-top-column elementor-element elementor-element-062a081\" data-id=\"062a081\" data-element_type=\"column\" data-e-type=\"column\">\n\t\t\t<div class=\"elementor-widget-wrap elementor-element-populated\">\n\t\t\t\t\t\t<div class=\"elementor-element elementor-element-565f59a block-text elementor-widget elementor-widget-text-editor\" data-id=\"565f59a\" data-element_type=\"widget\" data-e-type=\"widget\" data-widget_type=\"text-editor.default\">\n\t\t\t\t<div class=\"elementor-widget-container\">\n\t\t\t\t\t\t\t\t\t<h3>Flugzeuge<\/h3>\n<p>Flugzeuge werden auch oft als ein Transportmittel betrachtet, dank welcher wir zu unseren Zielen kommen. Dank der hohen Dichte an Flugh\u00e4fen in Europa kann Ihre Reise so noch komfortabler sein.v<\/p>\n\t\t\t\t\t\t\t\t<\/div>\n\t\t\t\t<\/div>\n\t\t\t\t\t<\/div>\n\t\t<\/div>\n\t\t\t\t<div class=\"elementor-column elementor-col-50 elementor-top-column elementor-element elementor-element-8d08d93\" data-id=\"8d08d93\" data-element_type=\"column\" data-e-type=\"column\">\n\t\t\t<div class=\"elementor-widget-wrap elementor-element-populated\">\n\t\t\t\t\t\t<div class=\"elementor-element elementor-element-8116473 elementor-widget elementor-widget-image\" data-id=\"8116473\" data-element_type=\"widget\" data-e-type=\"widget\" data-widget_type=\"image.default\">\n\t\t\t\t<div class=\"elementor-widget-container\">\n\t\t\t\t\t\t\t\t\t\t\t\t\t\t\t<img decoding=\"async\" src=\"https:\/\/horizonagency.eu\/wp-content\/uploads\/elementor\/thumbs\/other-services-img-03-r4e150hle1fa2s2aza4w94kjl1sbzdk27ftvm2tdbg.jpg\" title=\"other-services-img-03\" alt=\"other-services-img-03\" loading=\"lazy\" \/>\t\t\t\t\t\t\t\t\t\t\t\t\t\t\t<\/div>\n\t\t\t\t<\/div>\n\t\t\t\t\t<\/div>\n\t\t<\/div>\n\t\t\t\t\t<\/div>\n\t\t<\/section>\n\t\t\t\t<section class=\"elementor-section elementor-top-section elementor-element elementor-element-eefa484 elementor-section-stretched elementor-section-content-middle elementor-section-boxed elementor-section-height-default elementor-section-height-default\" data-id=\"eefa484\" data-element_type=\"section\" data-e-type=\"section\" data-settings=\"{&quot;stretch_section&quot;:&quot;section-stretched&quot;}\">\n\t\t\t\t\t\t<div class=\"elementor-container elementor-column-gap-extended\">\n\t\t\t\t\t<div class=\"elementor-column elementor-col-50 elementor-top-column elementor-element elementor-element-eb5d9f5\" data-id=\"eb5d9f5\" data-element_type=\"column\" data-e-type=\"column\">\n\t\t\t<div class=\"elementor-widget-wrap elementor-element-populated\">\n\t\t\t\t\t\t<div class=\"elementor-element elementor-element-64efa8d elementor-widget elementor-widget-image\" data-id=\"64efa8d\" data-element_type=\"widget\" data-e-type=\"widget\" data-widget_type=\"image.default\">\n\t\t\t\t<div class=\"elementor-widget-container\">\n\t\t\t\t\t\t\t\t\t\t\t\t\t\t\t<img decoding=\"async\" src=\"https:\/\/horizonagency.eu\/wp-content\/uploads\/elementor\/thumbs\/other-services-img-04-r4e150hle1fa2s2aza4w94kjl1sbzdk27ftvm2tdbg.jpg\" title=\"other-services-img-04\" alt=\"other-services-img-04\" loading=\"lazy\" \/>\t\t\t\t\t\t\t\t\t\t\t\t\t\t\t<\/div>\n\t\t\t\t<\/div>\n\t\t\t\t\t<\/div>\n\t\t<\/div>\n\t\t\t\t<div class=\"elementor-column elementor-col-50 elementor-top-column elementor-element elementor-element-a0c9a44\" data-id=\"a0c9a44\" data-element_type=\"column\" data-e-type=\"column\">\n\t\t\t<div class=\"elementor-widget-wrap elementor-element-populated\">\n\t\t\t\t\t\t<div class=\"elementor-element elementor-element-e1b8015 block-text elementor-widget elementor-widget-text-editor\" data-id=\"e1b8015\" data-element_type=\"widget\" data-e-type=\"widget\" data-widget_type=\"text-editor.default\">\n\t\t\t\t<div class=\"elementor-widget-container\">\n\t\t\t\t\t\t\t\t\t<h3>F\u00e4hre<\/h3>\n<p>In unserem Angebot haben wir Ostsee- und Mittelmeerkreuzfahrten, internationale F\u00e4hren von und zu den Ostseeh\u00e4fen, kleine Kreuzfahrtschiffe, die See-, Fluss- und Seesegelfahrten anbieten, sowie private Yachten.<\/p>\n<p>Es ist m\u00f6glich, N\u00e4chte auf einer F\u00e4hre zu verbringen, um die europ\u00e4ischen Meere zu bereisen und tags\u00fcber Metropolen oder charmante K\u00fcstenorte zu besuchen.&nbsp;<\/p>\n<p>Eines unserer Angebote ist die Reise &#8222;Mit der F\u00e4hre \u00fcber die Ostsee&#8220;. Es erm\u00f6glicht Ihnen, tags\u00fcber Riga, Stockholm, Helsinki und Tallinn zu besuchen und die N\u00e4chte in komfortablen Kabinen an Bord der F\u00e4hren zu verbringen, mit denen wir zwischen den St\u00e4dten reisen.<\/p>\n\t\t\t\t\t\t\t\t<\/div>\n\t\t\t\t<\/div>\n\t\t\t\t\t<\/div>\n\t\t<\/div>\n\t\t\t\t\t<\/div>\n\t\t<\/section>\n\t\t\t\t<\/div>\n\t\t","protected":false},"excerpt":{"rendered":"<p>Gesamte Reise Transport- und F\u00fchrungsdienste Als Incoming-Reiseb\u00fcro gestalten wir Produkte, die Ihren Kunden garantiert unvergessliche und zufriedenstellende Reiseerlebnisse bescheren. Um sicher zu sein, dass Sie einen erstklassigen Service erhalten, bereiten wir daher gerne die gesamte Reise f\u00fcr Sie vor. Wenn Sie Hilfe bei der Reiseplanung ben\u00f6tigen oder unsere Erfahrung nutzen m\u00f6chten, lassen Sie es uns&hellip;<\/p>\n","protected":false},"author":1,"featured_media":0,"parent":0,"menu_order":0,"comment_status":"closed","ping_status":"closed","template":"elementor_header_footer","meta":{"footnotes":""},"class_list":["post-1566","page","type-page","status-publish","hentry"],"yoast_head":"<!-- This site is optimized with the Yoast SEO plugin v27.4 - https:\/\/yoast.com\/product\/yoast-seo-wordpress\/ -->\n<title>Leistungen &#8211; Horizon Reiseb\u00fcro<\/title>\n<meta name=\"description\" content=\"Als Incoming-Reiseb\u00fcro gestalten wir Leistungen, die garantiert unvergessliche und befriedigende Reiseerlebnisse liefern.\" \/>\n<meta name=\"robots\" content=\"index, follow, max-snippet:-1, max-image-preview:large, max-video-preview:-1\" \/>\n<link rel=\"canonical\" href=\"https:\/\/horizonagency.eu\/de\/leistungen\/\" \/>\n<meta property=\"og:locale\" content=\"de_DE\" \/>\n<meta property=\"og:type\" content=\"article\" \/>\n<meta property=\"og:title\" content=\"Leistungen &#8211; Horizon Reiseb\u00fcro\" \/>\n<meta property=\"og:description\" content=\"Als Incoming-Reiseb\u00fcro gestalten wir Leistungen, die garantiert unvergessliche und befriedigende Reiseerlebnisse liefern.\" \/>\n<meta property=\"og:url\" content=\"https:\/\/horizonagency.eu\/de\/leistungen\/\" \/>\n<meta property=\"og:site_name\" content=\"Horizon Reiseb\u00fcro\" \/>\n<meta property=\"article:modified_time\" content=\"2021-03-12T14:26:06+00:00\" \/>\n<meta property=\"og:image\" content=\"https:\/\/horizonagency.eu\/wp-content\/uploads\/elementor\/thumbs\/other-services-img-05-p4412up2ovu96y8beawjt2s8vfksb5hmw0hx4ipmzw.jpg\" \/>\n<meta name=\"twitter:card\" content=\"summary_large_image\" \/>\n<meta name=\"twitter:label1\" content=\"Gesch\u00e4tzte Lesezeit\" \/>\n\t<meta name=\"twitter:data1\" content=\"2\u00a0Minuten\" \/>\n<script type=\"application\/ld+json\" class=\"yoast-schema-graph\">{\"@context\":\"https:\\\/\\\/schema.org\",\"@graph\":[{\"@type\":\"WebPage\",\"@id\":\"https:\\\/\\\/horizonagency.eu\\\/de\\\/leistungen\\\/\",\"url\":\"https:\\\/\\\/horizonagency.eu\\\/de\\\/leistungen\\\/\",\"name\":\"Leistungen &#8211; Horizon Reiseb\u00fcro\",\"isPartOf\":{\"@id\":\"https:\\\/\\\/horizonagency.eu\\\/#website\"},\"primaryImageOfPage\":{\"@id\":\"https:\\\/\\\/horizonagency.eu\\\/de\\\/leistungen\\\/#primaryimage\"},\"image\":{\"@id\":\"https:\\\/\\\/horizonagency.eu\\\/de\\\/leistungen\\\/#primaryimage\"},\"thumbnailUrl\":\"https:\\\/\\\/horizonagency.eu\\\/wp-content\\\/uploads\\\/elementor\\\/thumbs\\\/other-services-img-05-p4412up2ovu96y8beawjt2s8vfksb5hmw0hx4ipmzw.jpg\",\"datePublished\":\"2021-03-03T12:31:09+00:00\",\"dateModified\":\"2021-03-12T14:26:06+00:00\",\"description\":\"Als Incoming-Reiseb\u00fcro gestalten wir Leistungen, die garantiert unvergessliche und befriedigende Reiseerlebnisse liefern.\",\"breadcrumb\":{\"@id\":\"https:\\\/\\\/horizonagency.eu\\\/de\\\/leistungen\\\/#breadcrumb\"},\"inLanguage\":\"de\",\"potentialAction\":[{\"@type\":\"ReadAction\",\"target\":[\"https:\\\/\\\/horizonagency.eu\\\/de\\\/leistungen\\\/\"]}]},{\"@type\":\"ImageObject\",\"inLanguage\":\"de\",\"@id\":\"https:\\\/\\\/horizonagency.eu\\\/de\\\/leistungen\\\/#primaryimage\",\"url\":\"https:\\\/\\\/horizonagency.eu\\\/wp-content\\\/uploads\\\/elementor\\\/thumbs\\\/other-services-img-05-p4412up2ovu96y8beawjt2s8vfksb5hmw0hx4ipmzw.jpg\",\"contentUrl\":\"https:\\\/\\\/horizonagency.eu\\\/wp-content\\\/uploads\\\/elementor\\\/thumbs\\\/other-services-img-05-p4412up2ovu96y8beawjt2s8vfksb5hmw0hx4ipmzw.jpg\"},{\"@type\":\"BreadcrumbList\",\"@id\":\"https:\\\/\\\/horizonagency.eu\\\/de\\\/leistungen\\\/#breadcrumb\",\"itemListElement\":[{\"@type\":\"ListItem\",\"position\":1,\"name\":\"Strona g\u0142\u00f3wna\",\"item\":\"https:\\\/\\\/horizonagency.eu\\\/de\\\/startseite\\\/\"},{\"@type\":\"ListItem\",\"position\":2,\"name\":\"Leistungen\"}]},{\"@type\":\"WebSite\",\"@id\":\"https:\\\/\\\/horizonagency.eu\\\/#website\",\"url\":\"https:\\\/\\\/horizonagency.eu\\\/\",\"name\":\"Horizon Reiseb\u00fcro\",\"description\":\"Wir sind Ihre lokalen Reiseexperten in Mitteleuropa\",\"publisher\":{\"@id\":\"https:\\\/\\\/horizonagency.eu\\\/#organization\"},\"potentialAction\":[{\"@type\":\"SearchAction\",\"target\":{\"@type\":\"EntryPoint\",\"urlTemplate\":\"https:\\\/\\\/horizonagency.eu\\\/?s={search_term_string}\"},\"query-input\":{\"@type\":\"PropertyValueSpecification\",\"valueRequired\":true,\"valueName\":\"search_term_string\"}}],\"inLanguage\":\"de\"},{\"@type\":\"Organization\",\"@id\":\"https:\\\/\\\/horizonagency.eu\\\/#organization\",\"name\":\"Horizon Reiseb\u00fcro\",\"url\":\"https:\\\/\\\/horizonagency.eu\\\/\",\"logo\":{\"@type\":\"ImageObject\",\"inLanguage\":\"de\",\"@id\":\"https:\\\/\\\/horizonagency.eu\\\/#\\\/schema\\\/logo\\\/image\\\/\",\"url\":\"https:\\\/\\\/horizonagency.eu\\\/wp-content\\\/uploads\\\/2021\\\/02\\\/logo-color-02.png\",\"contentUrl\":\"https:\\\/\\\/horizonagency.eu\\\/wp-content\\\/uploads\\\/2021\\\/02\\\/logo-color-02.png\",\"width\":140,\"height\":65,\"caption\":\"Horizon Reiseb\u00fcro\"},\"image\":{\"@id\":\"https:\\\/\\\/horizonagency.eu\\\/#\\\/schema\\\/logo\\\/image\\\/\"}}]}<\/script>\n<!-- \/ Yoast SEO plugin. -->","yoast_head_json":{"title":"Leistungen &#8211; Horizon Reiseb\u00fcro","description":"Als Incoming-Reiseb\u00fcro gestalten wir Leistungen, die garantiert unvergessliche und befriedigende Reiseerlebnisse liefern.","robots":{"index":"index","follow":"follow","max-snippet":"max-snippet:-1","max-image-preview":"max-image-preview:large","max-video-preview":"max-video-preview:-1"},"canonical":"https:\/\/horizonagency.eu\/de\/leistungen\/","og_locale":"de_DE","og_type":"article","og_title":"Leistungen &#8211; Horizon Reiseb\u00fcro","og_description":"Als Incoming-Reiseb\u00fcro gestalten wir Leistungen, die garantiert unvergessliche und befriedigende Reiseerlebnisse liefern.","og_url":"https:\/\/horizonagency.eu\/de\/leistungen\/","og_site_name":"Horizon Reiseb\u00fcro","article_modified_time":"2021-03-12T14:26:06+00:00","og_image":[{"url":"https:\/\/horizonagency.eu\/wp-content\/uploads\/elementor\/thumbs\/other-services-img-05-p4412up2ovu96y8beawjt2s8vfksb5hmw0hx4ipmzw.jpg","type":"","width":"","height":""}],"twitter_card":"summary_large_image","twitter_misc":{"Gesch\u00e4tzte Lesezeit":"2\u00a0Minuten"},"schema":{"@context":"https:\/\/schema.org","@graph":[{"@type":"WebPage","@id":"https:\/\/horizonagency.eu\/de\/leistungen\/","url":"https:\/\/horizonagency.eu\/de\/leistungen\/","name":"Leistungen &#8211; Horizon Reiseb\u00fcro","isPartOf":{"@id":"https:\/\/horizonagency.eu\/#website"},"primaryImageOfPage":{"@id":"https:\/\/horizonagency.eu\/de\/leistungen\/#primaryimage"},"image":{"@id":"https:\/\/horizonagency.eu\/de\/leistungen\/#primaryimage"},"thumbnailUrl":"https:\/\/horizonagency.eu\/wp-content\/uploads\/elementor\/thumbs\/other-services-img-05-p4412up2ovu96y8beawjt2s8vfksb5hmw0hx4ipmzw.jpg","datePublished":"2021-03-03T12:31:09+00:00","dateModified":"2021-03-12T14:26:06+00:00","description":"Als Incoming-Reiseb\u00fcro gestalten wir Leistungen, die garantiert unvergessliche und befriedigende Reiseerlebnisse liefern.","breadcrumb":{"@id":"https:\/\/horizonagency.eu\/de\/leistungen\/#breadcrumb"},"inLanguage":"de","potentialAction":[{"@type":"ReadAction","target":["https:\/\/horizonagency.eu\/de\/leistungen\/"]}]},{"@type":"ImageObject","inLanguage":"de","@id":"https:\/\/horizonagency.eu\/de\/leistungen\/#primaryimage","url":"https:\/\/horizonagency.eu\/wp-content\/uploads\/elementor\/thumbs\/other-services-img-05-p4412up2ovu96y8beawjt2s8vfksb5hmw0hx4ipmzw.jpg","contentUrl":"https:\/\/horizonagency.eu\/wp-content\/uploads\/elementor\/thumbs\/other-services-img-05-p4412up2ovu96y8beawjt2s8vfksb5hmw0hx4ipmzw.jpg"},{"@type":"BreadcrumbList","@id":"https:\/\/horizonagency.eu\/de\/leistungen\/#breadcrumb","itemListElement":[{"@type":"ListItem","position":1,"name":"Strona g\u0142\u00f3wna","item":"https:\/\/horizonagency.eu\/de\/startseite\/"},{"@type":"ListItem","position":2,"name":"Leistungen"}]},{"@type":"WebSite","@id":"https:\/\/horizonagency.eu\/#website","url":"https:\/\/horizonagency.eu\/","name":"Horizon Reiseb\u00fcro","description":"Wir sind Ihre lokalen Reiseexperten in Mitteleuropa","publisher":{"@id":"https:\/\/horizonagency.eu\/#organization"},"potentialAction":[{"@type":"SearchAction","target":{"@type":"EntryPoint","urlTemplate":"https:\/\/horizonagency.eu\/?s={search_term_string}"},"query-input":{"@type":"PropertyValueSpecification","valueRequired":true,"valueName":"search_term_string"}}],"inLanguage":"de"},{"@type":"Organization","@id":"https:\/\/horizonagency.eu\/#organization","name":"Horizon Reiseb\u00fcro","url":"https:\/\/horizonagency.eu\/","logo":{"@type":"ImageObject","inLanguage":"de","@id":"https:\/\/horizonagency.eu\/#\/schema\/logo\/image\/","url":"https:\/\/horizonagency.eu\/wp-content\/uploads\/2021\/02\/logo-color-02.png","contentUrl":"https:\/\/horizonagency.eu\/wp-content\/uploads\/2021\/02\/logo-color-02.png","width":140,"height":65,"caption":"Horizon Reiseb\u00fcro"},"image":{"@id":"https:\/\/horizonagency.eu\/#\/schema\/logo\/image\/"}}]}},"_links":{"self":[{"href":"https:\/\/horizonagency.eu\/de\/wp-json\/wp\/v2\/pages\/1566","targetHints":{"allow":["GET"]}}],"collection":[{"href":"https:\/\/horizonagency.eu\/de\/wp-json\/wp\/v2\/pages"}],"about":[{"href":"https:\/\/horizonagency.eu\/de\/wp-json\/wp\/v2\/types\/page"}],"author":[{"embeddable":true,"href":"https:\/\/horizonagency.eu\/de\/wp-json\/wp\/v2\/users\/1"}],"replies":[{"embeddable":true,"href":"https:\/\/horizonagency.eu\/de\/wp-json\/wp\/v2\/comments?post=1566"}],"version-history":[{"count":10,"href":"https:\/\/horizonagency.eu\/de\/wp-json\/wp\/v2\/pages\/1566\/revisions"}],"predecessor-version":[{"id":1705,"href":"https:\/\/horizonagency.eu\/de\/wp-json\/wp\/v2\/pages\/1566\/revisions\/1705"}],"wp:attachment":[{"href":"https:\/\/horizonagency.eu\/de\/wp-json\/wp\/v2\/media?parent=1566"}],"curies":[{"name":"wp","href":"https:\/\/api.w.org\/{rel}","templated":true}]}}