{"id":1574,"date":"2021-03-03T13:37:24","date_gmt":"2021-03-03T12:37:24","guid":{"rendered":"https:\/\/horizonagency.eu\/region\/"},"modified":"2021-03-03T13:37:24","modified_gmt":"2021-03-03T12:37:24","slug":"region","status":"publish","type":"page","link":"https:\/\/horizonagency.eu\/de\/region\/","title":{"rendered":"Region"},"content":{"rendered":"\t\t<div data-elementor-type=\"wp-page\" data-elementor-id=\"1574\" class=\"elementor elementor-1574 elementor-32\" data-elementor-post-type=\"page\">\n\t\t\t\t\t\t<section class=\"elementor-section elementor-top-section elementor-element elementor-element-490870b elementor-section-height-min-height elementor-section-content-middle elementor-section-stretched elementor-section-boxed elementor-section-height-default elementor-section-items-middle\" data-id=\"490870b\" data-element_type=\"section\" data-e-type=\"section\" data-settings=\"{&quot;stretch_section&quot;:&quot;section-stretched&quot;}\">\n\t\t\t\t\t\t<div class=\"elementor-container elementor-column-gap-default\">\n\t\t\t\t\t<div class=\"elementor-column elementor-col-100 elementor-top-column elementor-element elementor-element-4f82a73\" data-id=\"4f82a73\" data-element_type=\"column\" data-e-type=\"column\">\n\t\t\t<div class=\"elementor-widget-wrap elementor-element-populated\">\n\t\t\t\t\t\t<div class=\"elementor-element elementor-element-14c2090 elementor-widget__width-initial elementor-widget-mobile__width-initial elementor-widget elementor-widget-heading\" data-id=\"14c2090\" data-element_type=\"widget\" data-e-type=\"widget\" data-widget_type=\"heading.default\">\n\t\t\t\t<div class=\"elementor-widget-container\">\n\t\t\t\t\t<h2 class=\"elementor-heading-title elementor-size-default\">Hier gibt es nichts<\/h2>\t\t\t\t<\/div>\n\t\t\t\t<\/div>\n\t\t\t\t<div class=\"elementor-element elementor-element-eca52f9 elementor-widget__width-initial elementor-widget-mobile__width-initial elementor-widget-divider--view-line elementor-widget elementor-widget-divider\" data-id=\"eca52f9\" data-element_type=\"widget\" data-e-type=\"widget\" data-widget_type=\"divider.default\">\n\t\t\t\t<div class=\"elementor-widget-container\">\n\t\t\t\t\t\t\t<div class=\"elementor-divider\">\n\t\t\t<span class=\"elementor-divider-separator\">\n\t\t\t\t\t\t<\/span>\n\t\t<\/div>\n\t\t\t\t\t\t<\/div>\n\t\t\t\t<\/div>\n\t\t\t\t<div class=\"elementor-element elementor-element-f39bb07 elementor-widget__width-initial elementor-widget-mobile__width-initial elementor-widget elementor-widget-text-editor\" data-id=\"f39bb07\" data-element_type=\"widget\" data-e-type=\"widget\" data-widget_type=\"text-editor.default\">\n\t\t\t\t<div class=\"elementor-widget-container\">\n\t\t\t\t\t\t\t\t\t<p>Seite im Aufbau<\/p>\n\t\t\t\t\t\t\t\t<\/div>\n\t\t\t\t<\/div>\n\t\t\t\t<div class=\"elementor-element elementor-element-d95e077 elementor-widget elementor-widget-text-editor\" data-id=\"d95e077\" data-element_type=\"widget\" data-e-type=\"widget\" data-widget_type=\"text-editor.default\">\n\t\t\t\t<div class=\"elementor-widget-container\">\n\t\t\t\t\t\t\t\t\t<p>Sorry, aber wir arbeiten noch an dieser Registerkarte. In K\u00fcrze werden Sie hier interessante Informationen finden. Bitte kommen Sie sp\u00e4ter wieder.<\/p>\n\t\t\t\t\t\t\t\t<\/div>\n\t\t\t\t<\/div>\n\t\t\t\t<div class=\"elementor-element elementor-element-ac9c21e elementor-align-center elementor-widget elementor-widget-button\" data-id=\"ac9c21e\" data-element_type=\"widget\" data-e-type=\"widget\" data-widget_type=\"button.default\">\n\t\t\t\t<div class=\"elementor-widget-container\">\n\t\t\t\t\t\t\t\t\t<div class=\"elementor-button-wrapper\">\n\t\t\t\t\t<a class=\"elementor-button elementor-button-link elementor-size-lg elementor-animation-grow\" href=\"https:\/\/horizonagency.eu\/?lang=de\">\n\t\t\t\t\t\t<span class=\"elementor-button-content-wrapper\">\n\t\t\t\t\t\t\t\t\t<span class=\"elementor-button-text\">STARTSEITE<\/span>\n\t\t\t\t\t<\/span>\n\t\t\t\t\t<\/a>\n\t\t\t\t<\/div>\n\t\t\t\t\t\t\t\t<\/div>\n\t\t\t\t<\/div>\n\t\t\t\t\t<\/div>\n\t\t<\/div>\n\t\t\t\t\t<\/div>\n\t\t<\/section>\n\t\t\t\t<\/div>\n\t\t","protected":false},"excerpt":{"rendered":"<p>Hier gibt es nichts Seite im Aufbau Sorry, aber wir arbeiten noch an dieser Registerkarte. In K\u00fcrze werden Sie hier interessante Informationen finden. Bitte kommen Sie sp\u00e4ter wieder. STARTSEITE<\/p>\n","protected":false},"author":1,"featured_media":0,"parent":0,"menu_order":0,"comment_status":"closed","ping_status":"closed","template":"elementor_header_footer","meta":{"footnotes":""},"class_list":["post-1574","page","type-page","status-publish","hentry"],"yoast_head":"<!-- This site is optimized with the Yoast SEO plugin v27.4 - https:\/\/yoast.com\/product\/yoast-seo-wordpress\/ -->\n<title>Region &#8211; Horizon Reiseb\u00fcro<\/title>\n<meta name=\"robots\" content=\"noindex, nofollow\" \/>\n<meta property=\"og:locale\" content=\"de_DE\" \/>\n<meta property=\"og:type\" content=\"article\" \/>\n<meta property=\"og:title\" content=\"Region &#8211; Horizon Reiseb\u00fcro\" \/>\n<meta property=\"og:description\" content=\"Hier gibt es nichts Seite im Aufbau Sorry, aber wir arbeiten noch an dieser Registerkarte. In K\u00fcrze werden Sie hier interessante Informationen finden. Bitte kommen Sie sp\u00e4ter wieder. STARTSEITE\" \/>\n<meta property=\"og:url\" content=\"https:\/\/horizonagency.eu\/de\/region\/\" \/>\n<meta property=\"og:site_name\" content=\"Horizon Reiseb\u00fcro\" \/>\n<meta name=\"twitter:card\" content=\"summary_large_image\" \/>\n<script type=\"application\/ld+json\" class=\"yoast-schema-graph\">{\"@context\":\"https:\\\/\\\/schema.org\",\"@graph\":[{\"@type\":\"WebPage\",\"@id\":\"https:\\\/\\\/horizonagency.eu\\\/de\\\/region\\\/\",\"url\":\"https:\\\/\\\/horizonagency.eu\\\/de\\\/region\\\/\",\"name\":\"Region &#8211; Horizon Reiseb\u00fcro\",\"isPartOf\":{\"@id\":\"https:\\\/\\\/horizonagency.eu\\\/#website\"},\"datePublished\":\"2021-03-03T12:37:24+00:00\",\"breadcrumb\":{\"@id\":\"https:\\\/\\\/horizonagency.eu\\\/de\\\/region\\\/#breadcrumb\"},\"inLanguage\":\"de\",\"potentialAction\":[{\"@type\":\"ReadAction\",\"target\":[\"https:\\\/\\\/horizonagency.eu\\\/de\\\/region\\\/\"]}]},{\"@type\":\"BreadcrumbList\",\"@id\":\"https:\\\/\\\/horizonagency.eu\\\/de\\\/region\\\/#breadcrumb\",\"itemListElement\":[{\"@type\":\"ListItem\",\"position\":1,\"name\":\"Strona g\u0142\u00f3wna\",\"item\":\"https:\\\/\\\/horizonagency.eu\\\/de\\\/startseite\\\/\"},{\"@type\":\"ListItem\",\"position\":2,\"name\":\"Region\"}]},{\"@type\":\"WebSite\",\"@id\":\"https:\\\/\\\/horizonagency.eu\\\/#website\",\"url\":\"https:\\\/\\\/horizonagency.eu\\\/\",\"name\":\"Horizon Reiseb\u00fcro\",\"description\":\"Wir sind Ihre lokalen Reiseexperten in Mitteleuropa\",\"publisher\":{\"@id\":\"https:\\\/\\\/horizonagency.eu\\\/#organization\"},\"potentialAction\":[{\"@type\":\"SearchAction\",\"target\":{\"@type\":\"EntryPoint\",\"urlTemplate\":\"https:\\\/\\\/horizonagency.eu\\\/?s={search_term_string}\"},\"query-input\":{\"@type\":\"PropertyValueSpecification\",\"valueRequired\":true,\"valueName\":\"search_term_string\"}}],\"inLanguage\":\"de\"},{\"@type\":\"Organization\",\"@id\":\"https:\\\/\\\/horizonagency.eu\\\/#organization\",\"name\":\"Horizon Reiseb\u00fcro\",\"url\":\"https:\\\/\\\/horizonagency.eu\\\/\",\"logo\":{\"@type\":\"ImageObject\",\"inLanguage\":\"de\",\"@id\":\"https:\\\/\\\/horizonagency.eu\\\/#\\\/schema\\\/logo\\\/image\\\/\",\"url\":\"https:\\\/\\\/horizonagency.eu\\\/wp-content\\\/uploads\\\/2021\\\/02\\\/logo-color-02.png\",\"contentUrl\":\"https:\\\/\\\/horizonagency.eu\\\/wp-content\\\/uploads\\\/2021\\\/02\\\/logo-color-02.png\",\"width\":140,\"height\":65,\"caption\":\"Horizon Reiseb\u00fcro\"},\"image\":{\"@id\":\"https:\\\/\\\/horizonagency.eu\\\/#\\\/schema\\\/logo\\\/image\\\/\"}}]}<\/script>\n<!-- \/ Yoast SEO plugin. -->","yoast_head_json":{"title":"Region &#8211; Horizon Reiseb\u00fcro","robots":{"index":"noindex","follow":"nofollow"},"og_locale":"de_DE","og_type":"article","og_title":"Region &#8211; Horizon Reiseb\u00fcro","og_description":"Hier gibt es nichts Seite im Aufbau Sorry, aber wir arbeiten noch an dieser Registerkarte. In K\u00fcrze werden Sie hier interessante Informationen finden. Bitte kommen Sie sp\u00e4ter wieder. STARTSEITE","og_url":"https:\/\/horizonagency.eu\/de\/region\/","og_site_name":"Horizon Reiseb\u00fcro","twitter_card":"summary_large_image","schema":{"@context":"https:\/\/schema.org","@graph":[{"@type":"WebPage","@id":"https:\/\/horizonagency.eu\/de\/region\/","url":"https:\/\/horizonagency.eu\/de\/region\/","name":"Region &#8211; Horizon Reiseb\u00fcro","isPartOf":{"@id":"https:\/\/horizonagency.eu\/#website"},"datePublished":"2021-03-03T12:37:24+00:00","breadcrumb":{"@id":"https:\/\/horizonagency.eu\/de\/region\/#breadcrumb"},"inLanguage":"de","potentialAction":[{"@type":"ReadAction","target":["https:\/\/horizonagency.eu\/de\/region\/"]}]},{"@type":"BreadcrumbList","@id":"https:\/\/horizonagency.eu\/de\/region\/#breadcrumb","itemListElement":[{"@type":"ListItem","position":1,"name":"Strona g\u0142\u00f3wna","item":"https:\/\/horizonagency.eu\/de\/startseite\/"},{"@type":"ListItem","position":2,"name":"Region"}]},{"@type":"WebSite","@id":"https:\/\/horizonagency.eu\/#website","url":"https:\/\/horizonagency.eu\/","name":"Horizon Reiseb\u00fcro","description":"Wir sind Ihre lokalen Reiseexperten in Mitteleuropa","publisher":{"@id":"https:\/\/horizonagency.eu\/#organization"},"potentialAction":[{"@type":"SearchAction","target":{"@type":"EntryPoint","urlTemplate":"https:\/\/horizonagency.eu\/?s={search_term_string}"},"query-input":{"@type":"PropertyValueSpecification","valueRequired":true,"valueName":"search_term_string"}}],"inLanguage":"de"},{"@type":"Organization","@id":"https:\/\/horizonagency.eu\/#organization","name":"Horizon Reiseb\u00fcro","url":"https:\/\/horizonagency.eu\/","logo":{"@type":"ImageObject","inLanguage":"de","@id":"https:\/\/horizonagency.eu\/#\/schema\/logo\/image\/","url":"https:\/\/horizonagency.eu\/wp-content\/uploads\/2021\/02\/logo-color-02.png","contentUrl":"https:\/\/horizonagency.eu\/wp-content\/uploads\/2021\/02\/logo-color-02.png","width":140,"height":65,"caption":"Horizon Reiseb\u00fcro"},"image":{"@id":"https:\/\/horizonagency.eu\/#\/schema\/logo\/image\/"}}]}},"_links":{"self":[{"href":"https:\/\/horizonagency.eu\/de\/wp-json\/wp\/v2\/pages\/1574","targetHints":{"allow":["GET"]}}],"collection":[{"href":"https:\/\/horizonagency.eu\/de\/wp-json\/wp\/v2\/pages"}],"about":[{"href":"https:\/\/horizonagency.eu\/de\/wp-json\/wp\/v2\/types\/page"}],"author":[{"embeddable":true,"href":"https:\/\/horizonagency.eu\/de\/wp-json\/wp\/v2\/users\/1"}],"replies":[{"embeddable":true,"href":"https:\/\/horizonagency.eu\/de\/wp-json\/wp\/v2\/comments?post=1574"}],"version-history":[{"count":1,"href":"https:\/\/horizonagency.eu\/de\/wp-json\/wp\/v2\/pages\/1574\/revisions"}],"predecessor-version":[{"id":1575,"href":"https:\/\/horizonagency.eu\/de\/wp-json\/wp\/v2\/pages\/1574\/revisions\/1575"}],"wp:attachment":[{"href":"https:\/\/horizonagency.eu\/de\/wp-json\/wp\/v2\/media?parent=1574"}],"curies":[{"name":"wp","href":"https:\/\/api.w.org\/{rel}","templated":true}]}}