{"id":1576,"date":"2021-03-03T13:37:54","date_gmt":"2021-03-03T12:37:54","guid":{"rendered":"https:\/\/horizonagency.eu\/breslau\/"},"modified":"2021-04-20T16:28:40","modified_gmt":"2021-04-20T14:28:40","slug":"breslau","status":"publish","type":"page","link":"https:\/\/horizonagency.eu\/de\/breslau\/","title":{"rendered":"Breslau"},"content":{"rendered":"\t\t<div data-elementor-type=\"wp-page\" data-elementor-id=\"1576\" class=\"elementor elementor-1576 elementor-1073\" data-elementor-post-type=\"page\">\n\t\t\t\t\t\t<section class=\"elementor-section elementor-top-section elementor-element elementor-element-357fed1a elementor-section-stretched elementor-section-boxed elementor-section-height-default elementor-section-height-default\" data-id=\"357fed1a\" data-element_type=\"section\" data-e-type=\"section\" data-settings=\"{&quot;stretch_section&quot;:&quot;section-stretched&quot;}\">\n\t\t\t\t\t\t<div class=\"elementor-container elementor-column-gap-default\">\n\t\t\t\t\t<div class=\"elementor-column elementor-col-100 elementor-top-column elementor-element elementor-element-4a1c5271\" data-id=\"4a1c5271\" data-element_type=\"column\" data-e-type=\"column\">\n\t\t\t<div class=\"elementor-widget-wrap elementor-element-populated\">\n\t\t\t\t\t\t<div class=\"elementor-element elementor-element-628f9c9f elementor-widget elementor-widget-image\" data-id=\"628f9c9f\" data-element_type=\"widget\" data-e-type=\"widget\" data-widget_type=\"image.default\">\n\t\t\t\t<div class=\"elementor-widget-container\">\n\t\t\t\t\t\t\t\t\t\t\t\t\t\t\t<img decoding=\"async\" src=\"https:\/\/horizonagency.eu\/wp-content\/uploads\/elementor\/thumbs\/wroclaw-img-01-r4e151fqjkgrwkqodix2e5070hn1ulqkm21z9qnnn4.jpg\" title=\"Wroc\u0142aw &#8211; panorama miasta\" alt=\"Wroc\u0142aw - panorama miasta\" loading=\"lazy\" \/>\t\t\t\t\t\t\t\t\t\t\t\t\t\t\t<\/div>\n\t\t\t\t<\/div>\n\t\t\t\t\t<\/div>\n\t\t<\/div>\n\t\t\t\t\t<\/div>\n\t\t<\/section>\n\t\t\t\t<section class=\"elementor-section elementor-top-section elementor-element elementor-element-270e1104 elementor-section-stretched elementor-section-boxed elementor-section-height-default elementor-section-height-default\" data-id=\"270e1104\" data-element_type=\"section\" data-e-type=\"section\" data-settings=\"{&quot;stretch_section&quot;:&quot;section-stretched&quot;}\">\n\t\t\t\t\t\t<div class=\"elementor-container elementor-column-gap-extended\">\n\t\t\t\t\t<div class=\"elementor-column elementor-col-100 elementor-top-column elementor-element elementor-element-1287f438\" data-id=\"1287f438\" data-element_type=\"column\" data-e-type=\"column\">\n\t\t\t<div class=\"elementor-widget-wrap elementor-element-populated\">\n\t\t\t\t\t\t<div class=\"elementor-element elementor-element-564dfc71 elementor-widget elementor-widget-heading\" data-id=\"564dfc71\" data-element_type=\"widget\" data-e-type=\"widget\" data-widget_type=\"heading.default\">\n\t\t\t\t<div class=\"elementor-widget-container\">\n\t\t\t\t\t<h3 class=\"elementor-heading-title elementor-size-default\">Reiseb\u00fcro Horizon \u2013 Destination-Management Company<\/h3>\t\t\t\t<\/div>\n\t\t\t\t<\/div>\n\t\t\t\t<div class=\"elementor-element elementor-element-39c5f615 elementor-widget-divider--view-line elementor-widget elementor-widget-divider\" data-id=\"39c5f615\" data-element_type=\"widget\" data-e-type=\"widget\" data-widget_type=\"divider.default\">\n\t\t\t\t<div class=\"elementor-widget-container\">\n\t\t\t\t\t\t\t<div class=\"elementor-divider\">\n\t\t\t<span class=\"elementor-divider-separator\">\n\t\t\t\t\t\t<\/span>\n\t\t<\/div>\n\t\t\t\t\t\t<\/div>\n\t\t\t\t<\/div>\n\t\t\t\t<div class=\"elementor-element elementor-element-560d22b1 elementor-widget__width-initial elementor-widget-mobile__width-initial elementor-widget elementor-widget-text-editor\" data-id=\"560d22b1\" data-element_type=\"widget\" data-e-type=\"widget\" data-settings=\"{&quot;_animation&quot;:&quot;none&quot;}\" data-widget_type=\"text-editor.default\">\n\t\t\t\t<div class=\"elementor-widget-container\">\n\t\t\t\t\t\t\t\t\t<p>Breslau<\/p>\n\t\t\t\t\t\t\t\t<\/div>\n\t\t\t\t<\/div>\n\t\t\t\t<div class=\"elementor-element elementor-element-4f0a955d elementor-widget elementor-widget-text-editor\" data-id=\"4f0a955d\" data-element_type=\"widget\" data-e-type=\"widget\" data-widget_type=\"text-editor.default\">\n\t\t\t\t<div class=\"elementor-widget-container\">\n\t\t\t\t\t\t\t\t\t<p>Breslau ist die Hauptstadt von Niederschlesien. Es ist eine sehr vielf\u00e4ltige Region, sowohl mit Bergen als auch Tiefland innerhalb ihrer Grenzen sowie verschiedenen anderen Attraktionen, wie z.B. Gold-, Kohle-, Uranerzminen oder einer Keramikfabrik. Niederschlesien kann als eine der interessantesten Regionen unseres Landes bezeichnet werden. Eine solche Vielzahl an historischen St\u00e4dten und D\u00f6rfern, Bergfestungen und Schl\u00f6ssern, direkt aus dem M\u00e4rchen, findet man nirgendwo sonst.   <br \/>Breslau als die Hauptstadt S\u00fcdwestpolens kann mit vielen Adjektiven beschrieben werden: malerisch, sch\u00f6n, reizvoll&#8230;. Es ist auch eine der \u00e4ltesten St\u00e4dte in unserem Land. <\/p>\n<p>Derzeit ist es ein Gesch\u00e4ftszentrum und eine Universit\u00e4tsstadt, die in 2016 europ\u00e4ische Kulturhauptstadt genannt wurde. Auf der anderen Seite ist Wroc\u0142aw bekannt f\u00fcr den gr\u00f6\u00dften und \u00e4ltesten Zoologischen Garten in Polen, charmante Gassen und unz\u00e4hlige Br\u00fccken. Auf Schritt und Tritt begegnet man auch fr\u00f6hlichen Zwergen, die das Symbol der Stadt sind.  <\/p>\n<p>Die wichtigsten Sehensw\u00fcrdigkeiten sind der Altmarkt mit sch\u00f6nen Mietsh\u00e4usern, die Dominsel (Ostr\u00f3w Tumski) &#8211; eine Insel im Stadtzentrum, auf der die Zeit ganz anders flie\u00dft und der bereits erw\u00e4hnte ZOO.<\/p>\n<p>Weitere Attraktionen sind z.B. das Panorama Raclawicka &#8211; ein ungew\u00f6hnliches Gem\u00e4lde, das die Schlacht des 18. Jahrhunderts in Form eines Kreises darstellt und 114 m lang ist oder der Japanische Garten, der immer noch ein Ersatz f\u00fcr die Kultur des Landes der aufgehenden Sonne ist.<\/p>\n<p>Das h\u00f6chste Geb\u00e4ude in Polen befindet sich ebenfalls in Breslau &#8211; es hei\u00dft Sky Tower. An seiner Spitze &#8211; in der 49. Etage &#8211; befindet sich eine Aussichtsplattform \u00fcber die Stadt und ihre Umgebung. <\/p>\n<p>In Breslau gibt es Attraktionen f\u00fcr jede Altersgruppe. Fragen Sie im B\u00fcro, was wir f\u00fcr Ihre Gruppe empfehlen k\u00f6nnen. <\/p>\n\t\t\t\t\t\t\t\t<\/div>\n\t\t\t\t<\/div>\n\t\t\t\t\t<\/div>\n\t\t<\/div>\n\t\t\t\t\t<\/div>\n\t\t<\/section>\n\t\t\t\t<section class=\"elementor-section elementor-top-section elementor-element elementor-element-25a2c342 elementor-section-stretched elementor-section-boxed elementor-section-height-default elementor-section-height-default\" data-id=\"25a2c342\" data-element_type=\"section\" data-e-type=\"section\" data-settings=\"{&quot;stretch_section&quot;:&quot;section-stretched&quot;}\">\n\t\t\t\t\t\t<div class=\"elementor-container elementor-column-gap-default\">\n\t\t\t\t\t<div class=\"elementor-column elementor-col-100 elementor-top-column elementor-element elementor-element-20fd1846\" data-id=\"20fd1846\" data-element_type=\"column\" data-e-type=\"column\">\n\t\t\t<div class=\"elementor-widget-wrap elementor-element-populated\">\n\t\t\t\t\t\t<div class=\"elementor-element elementor-element-5995201 elementor-widget-divider--view-line elementor-widget elementor-widget-divider\" data-id=\"5995201\" data-element_type=\"widget\" data-e-type=\"widget\" data-widget_type=\"divider.default\">\n\t\t\t\t<div class=\"elementor-widget-container\">\n\t\t\t\t\t\t\t<div class=\"elementor-divider\">\n\t\t\t<span class=\"elementor-divider-separator\">\n\t\t\t\t\t\t<\/span>\n\t\t<\/div>\n\t\t\t\t\t\t<\/div>\n\t\t\t\t<\/div>\n\t\t\t\t\t<\/div>\n\t\t<\/div>\n\t\t\t\t\t<\/div>\n\t\t<\/section>\n\t\t\t\t<section class=\"elementor-section elementor-top-section elementor-element elementor-element-40a3ac65 elementor-section-content-middle elementor-section-stretched elementor-section-boxed elementor-section-height-default elementor-section-height-default\" data-id=\"40a3ac65\" data-element_type=\"section\" data-e-type=\"section\" data-settings=\"{&quot;stretch_section&quot;:&quot;section-stretched&quot;}\">\n\t\t\t\t\t\t<div class=\"elementor-container elementor-column-gap-extended\">\n\t\t\t\t\t<div class=\"elementor-column elementor-col-50 elementor-top-column elementor-element elementor-element-58c8993c\" data-id=\"58c8993c\" data-element_type=\"column\" data-e-type=\"column\">\n\t\t\t<div class=\"elementor-widget-wrap elementor-element-populated\">\n\t\t\t\t\t\t<div class=\"elementor-element elementor-element-4048fc87 elementor-widget elementor-widget-heading\" data-id=\"4048fc87\" data-element_type=\"widget\" data-e-type=\"widget\" data-widget_type=\"heading.default\">\n\t\t\t\t<div class=\"elementor-widget-container\">\n\t\t\t\t\t<h3 class=\"elementor-heading-title elementor-size-default\">Beispiel einer St\u00e4dtereise<\/h3>\t\t\t\t<\/div>\n\t\t\t\t<\/div>\n\t\t\t\t<div class=\"elementor-element elementor-element-63ec9204 day-list elementor-widget elementor-widget-text-editor\" data-id=\"63ec9204\" data-element_type=\"widget\" data-e-type=\"widget\" data-widget_type=\"text-editor.default\">\n\t\t\t\t<div class=\"elementor-widget-container\">\n\t\t\t\t\t\t\t\t\t<h3>Tag 1<\/h3>\n<p>Besichtigung von Breslau mit lizenziertem Stadtf\u00fchrer &#8211; Dominsel, Universit\u00e4t, gotisches Rathaus, H\u00e4user am Alten Markt<\/p>\n<h3>Tag 2<\/h3>\n<p>Besuch im ZOO und Africarium, Panorama Rac\u0142awicka, Sky Tower<\/p>\n<h3>Tag 3<\/h3>\n<p>Erg\u00e4nzung des Programms nach Wahl der Gruppe: zus\u00e4tzliche Besuche im Inneren der Anlagen, eine Bootsfahrt \u00fcber die Oder, erweiterte Besichtigung von Breslau mit weiteren Stadtteilen und zus\u00e4tzlichen Attraktionen.<\/p>\n\t\t\t\t\t\t\t\t<\/div>\n\t\t\t\t<\/div>\n\t\t\t\t\t<\/div>\n\t\t<\/div>\n\t\t\t\t<div class=\"elementor-column elementor-col-50 elementor-top-column elementor-element elementor-element-579bc302\" data-id=\"579bc302\" data-element_type=\"column\" data-e-type=\"column\">\n\t\t\t<div class=\"elementor-widget-wrap elementor-element-populated\">\n\t\t\t\t\t\t<div class=\"elementor-element elementor-element-4043b4a7 elementor-widget elementor-widget-image\" data-id=\"4043b4a7\" data-element_type=\"widget\" data-e-type=\"widget\" data-widget_type=\"image.default\">\n\t\t\t\t<div class=\"elementor-widget-container\">\n\t\t\t\t\t\t\t\t\t\t\t\t\t\t\t<img decoding=\"async\" src=\"https:\/\/horizonagency.eu\/wp-content\/uploads\/elementor\/thumbs\/wroclaw-img-02-e1616758084980-r4e151fgsqaf5vje2w3u9gre6dzu1jtgx2t4b5kms8.jpg\" title=\"Wroc\u0142aw &#8211; gotycki ratusz\" alt=\"Wroc\u0142aw - gotycki ratusz\" loading=\"lazy\" \/>\t\t\t\t\t\t\t\t\t\t\t\t\t\t\t<\/div>\n\t\t\t\t<\/div>\n\t\t\t\t\t<\/div>\n\t\t<\/div>\n\t\t\t\t\t<\/div>\n\t\t<\/section>\n\t\t\t\t<section class=\"elementor-section elementor-top-section elementor-element elementor-element-240c2d86 elementor-section-stretched elementor-section-boxed elementor-section-height-default elementor-section-height-default\" data-id=\"240c2d86\" data-element_type=\"section\" data-e-type=\"section\" data-settings=\"{&quot;stretch_section&quot;:&quot;section-stretched&quot;}\">\n\t\t\t\t\t\t<div class=\"elementor-container elementor-column-gap-default\">\n\t\t\t\t\t<div class=\"elementor-column elementor-col-100 elementor-top-column elementor-element elementor-element-577e88ce\" data-id=\"577e88ce\" data-element_type=\"column\" data-e-type=\"column\">\n\t\t\t<div class=\"elementor-widget-wrap elementor-element-populated\">\n\t\t\t\t\t\t<div class=\"elementor-element elementor-element-47a75a1c elementor-widget-divider--view-line elementor-widget elementor-widget-divider\" data-id=\"47a75a1c\" data-element_type=\"widget\" data-e-type=\"widget\" data-widget_type=\"divider.default\">\n\t\t\t\t<div class=\"elementor-widget-container\">\n\t\t\t\t\t\t\t<div class=\"elementor-divider\">\n\t\t\t<span class=\"elementor-divider-separator\">\n\t\t\t\t\t\t<\/span>\n\t\t<\/div>\n\t\t\t\t\t\t<\/div>\n\t\t\t\t<\/div>\n\t\t\t\t\t<\/div>\n\t\t<\/div>\n\t\t\t\t\t<\/div>\n\t\t<\/section>\n\t\t\t\t<section class=\"elementor-section elementor-top-section elementor-element elementor-element-6057d67c elementor-section-content-middle elementor-section-stretched elementor-section-boxed elementor-section-height-default elementor-section-height-default\" data-id=\"6057d67c\" data-element_type=\"section\" data-e-type=\"section\" data-settings=\"{&quot;stretch_section&quot;:&quot;section-stretched&quot;}\">\n\t\t\t\t\t\t<div class=\"elementor-container elementor-column-gap-extended\">\n\t\t\t\t\t<div class=\"elementor-column elementor-col-50 elementor-top-column elementor-element elementor-element-3c43e77\" data-id=\"3c43e77\" data-element_type=\"column\" data-e-type=\"column\">\n\t\t\t<div class=\"elementor-widget-wrap elementor-element-populated\">\n\t\t\t\t\t\t<div class=\"elementor-element elementor-element-b1513ea elementor-widget elementor-widget-image\" data-id=\"b1513ea\" data-element_type=\"widget\" data-e-type=\"widget\" data-widget_type=\"image.default\">\n\t\t\t\t<div class=\"elementor-widget-container\">\n\t\t\t\t\t\t\t\t\t\t\t\t\t\t\t<img decoding=\"async\" src=\"https:\/\/horizonagency.eu\/wp-content\/uploads\/elementor\/thumbs\/wroclaw-img-03-r4e151fj8ftl03tzwhssway33j2hjebcw7hyj2y5ps.jpg\" title=\"Wroc\u0142aw &#8211; most Grunwaldzki\" alt=\"Wroc\u0142aw - most Grunwaldzki\" loading=\"lazy\" \/>\t\t\t\t\t\t\t\t\t\t\t\t\t\t\t<\/div>\n\t\t\t\t<\/div>\n\t\t\t\t<div class=\"elementor-element elementor-element-61730e3 elementor-widget elementor-widget-image\" data-id=\"61730e3\" data-element_type=\"widget\" data-e-type=\"widget\" data-widget_type=\"image.default\">\n\t\t\t\t<div class=\"elementor-widget-container\">\n\t\t\t\t\t\t\t\t\t\t\t\t\t\t\t<img decoding=\"async\" src=\"https:\/\/horizonagency.eu\/wp-content\/uploads\/elementor\/thumbs\/wroclaw-img-04-r4e151fj8ftl03tzwhssway33j2hjebcw7hyj2y5ps.jpg\" title=\"Zamek Ksi\u0105\u017c\" alt=\"Zamek Ksi\u0105\u017c\" loading=\"lazy\" \/>\t\t\t\t\t\t\t\t\t\t\t\t\t\t\t<\/div>\n\t\t\t\t<\/div>\n\t\t\t\t\t<\/div>\n\t\t<\/div>\n\t\t\t\t<div class=\"elementor-column elementor-col-50 elementor-top-column elementor-element elementor-element-3d137e\" data-id=\"3d137e\" data-element_type=\"column\" data-e-type=\"column\">\n\t\t\t<div class=\"elementor-widget-wrap elementor-element-populated\">\n\t\t\t\t\t\t<div class=\"elementor-element elementor-element-33f74e2c elementor-widget elementor-widget-heading\" data-id=\"33f74e2c\" data-element_type=\"widget\" data-e-type=\"widget\" data-widget_type=\"heading.default\">\n\t\t\t\t<div class=\"elementor-widget-container\">\n\t\t\t\t\t<h3 class=\"elementor-heading-title elementor-size-default\">Beispiel einer 5-Tage-Tour<\/h3>\t\t\t\t<\/div>\n\t\t\t\t<\/div>\n\t\t\t\t<div class=\"elementor-element elementor-element-50369f1 day-list elementor-widget elementor-widget-text-editor\" data-id=\"50369f1\" data-element_type=\"widget\" data-e-type=\"widget\" data-widget_type=\"text-editor.default\">\n\t\t\t\t<div class=\"elementor-widget-container\">\n\t\t\t\t\t\t\t\t\t<h3>Tag 1<\/h3>\n<p>Besichtigung von Breslau mit lizenziertem Stadtf\u00fchrer &#8211; Dominsel, Universit\u00e4t, gotisches Rathaus, H\u00e4user am Altmarkt<\/p>\n<h3>Tag 2<\/h3>\n<p>Besuch im ZOO und Africarium, Panorama Raclawicka, Sky Tower<\/p>\n<h3>Tag 3<\/h3>\n<p>Ausflug nach Wa\u0142brzych (Besichtigung des Ksi\u0105\u017c-Schlosses) und \u015awidnica (Kirche des Friedens &#8211; ein Denkmal auf der UNESCO-Liste)<\/p>\n<h3>Tag 4<\/h3>\n<p>ein Tag in einem Gebirgskurort, eine M\u00f6glichkeit der Wanderung im &#8222;flachen&#8220; Gebirge oder ein Besuch in einer Goldmine<\/p>\n<h3>Tag 5<\/h3>\n<p>Erg\u00e4nzung des Programms nach Wahl der Gruppe: zus\u00e4tzliche Besuche im Inneren der Anlagen, eine Bootsfahrt \u00fcber die Oder, erweiterte Besichtigung von Breslau mit weiteren Stadtteilen und zus\u00e4tzlichen Attraktionen.<\/p>\n\t\t\t\t\t\t\t\t<\/div>\n\t\t\t\t<\/div>\n\t\t\t\t\t<\/div>\n\t\t<\/div>\n\t\t\t\t\t<\/div>\n\t\t<\/section>\n\t\t\t\t<\/div>\n\t\t","protected":false},"excerpt":{"rendered":"<p>Reiseb\u00fcro Horizon \u2013 Destination-Management Company Breslau Breslau ist die Hauptstadt von Niederschlesien. Es ist eine sehr vielf\u00e4ltige Region, sowohl mit Bergen als auch Tiefland innerhalb ihrer Grenzen sowie verschiedenen anderen Attraktionen, wie z.B. Gold-, Kohle-, Uranerzminen oder einer Keramikfabrik. Niederschlesien kann als eine der interessantesten Regionen unseres Landes bezeichnet werden. Eine solche Vielzahl an historischen&hellip;<\/p>\n","protected":false},"author":1,"featured_media":0,"parent":0,"menu_order":0,"comment_status":"closed","ping_status":"closed","template":"elementor_header_footer","meta":{"footnotes":""},"class_list":["post-1576","page","type-page","status-publish","hentry"],"yoast_head":"<!-- This site is optimized with the Yoast SEO plugin v27.4 - https:\/\/yoast.com\/product\/yoast-seo-wordpress\/ -->\n<title>Breslau &#8211; Horizon Reiseb\u00fcro<\/title>\n<meta name=\"robots\" content=\"noindex, nofollow\" \/>\n<meta property=\"og:locale\" content=\"de_DE\" \/>\n<meta property=\"og:type\" content=\"article\" \/>\n<meta property=\"og:title\" content=\"Breslau &#8211; Horizon Reiseb\u00fcro\" \/>\n<meta property=\"og:description\" content=\"Reiseb\u00fcro Horizon \u2013 Destination-Management Company Breslau Breslau ist die Hauptstadt von Niederschlesien. Es ist eine sehr vielf\u00e4ltige Region, sowohl mit Bergen als auch Tiefland innerhalb ihrer Grenzen sowie verschiedenen anderen Attraktionen, wie z.B. Gold-, Kohle-, Uranerzminen oder einer Keramikfabrik. Niederschlesien kann als eine der interessantesten Regionen unseres Landes bezeichnet werden. Eine solche Vielzahl an historischen&hellip;\" \/>\n<meta property=\"og:url\" content=\"https:\/\/horizonagency.eu\/de\/breslau\/\" \/>\n<meta property=\"og:site_name\" content=\"Horizon Reiseb\u00fcro\" \/>\n<meta property=\"article:modified_time\" content=\"2021-04-20T14:28:40+00:00\" \/>\n<meta property=\"og:image\" content=\"https:\/\/horizonagency.eu\/wp-content\/uploads\/elementor\/thumbs\/wroclaw-img-01-p4438g9pv72n6888tktb80id6n30f4moakxll9j9tc.jpg\" \/>\n<meta name=\"twitter:card\" content=\"summary_large_image\" \/>\n<meta name=\"twitter:label1\" content=\"Gesch\u00e4tzte Lesezeit\" \/>\n\t<meta name=\"twitter:data1\" content=\"3\u00a0Minuten\" \/>\n<script type=\"application\/ld+json\" class=\"yoast-schema-graph\">{\"@context\":\"https:\\\/\\\/schema.org\",\"@graph\":[{\"@type\":\"WebPage\",\"@id\":\"https:\\\/\\\/horizonagency.eu\\\/de\\\/breslau\\\/\",\"url\":\"https:\\\/\\\/horizonagency.eu\\\/de\\\/breslau\\\/\",\"name\":\"Breslau &#8211; Horizon Reiseb\u00fcro\",\"isPartOf\":{\"@id\":\"https:\\\/\\\/horizonagency.eu\\\/#website\"},\"primaryImageOfPage\":{\"@id\":\"https:\\\/\\\/horizonagency.eu\\\/de\\\/breslau\\\/#primaryimage\"},\"image\":{\"@id\":\"https:\\\/\\\/horizonagency.eu\\\/de\\\/breslau\\\/#primaryimage\"},\"thumbnailUrl\":\"https:\\\/\\\/horizonagency.eu\\\/wp-content\\\/uploads\\\/elementor\\\/thumbs\\\/wroclaw-img-01-p4438g9pv72n6888tktb80id6n30f4moakxll9j9tc.jpg\",\"datePublished\":\"2021-03-03T12:37:54+00:00\",\"dateModified\":\"2021-04-20T14:28:40+00:00\",\"breadcrumb\":{\"@id\":\"https:\\\/\\\/horizonagency.eu\\\/de\\\/breslau\\\/#breadcrumb\"},\"inLanguage\":\"de\",\"potentialAction\":[{\"@type\":\"ReadAction\",\"target\":[\"https:\\\/\\\/horizonagency.eu\\\/de\\\/breslau\\\/\"]}]},{\"@type\":\"ImageObject\",\"inLanguage\":\"de\",\"@id\":\"https:\\\/\\\/horizonagency.eu\\\/de\\\/breslau\\\/#primaryimage\",\"url\":\"https:\\\/\\\/horizonagency.eu\\\/wp-content\\\/uploads\\\/elementor\\\/thumbs\\\/wroclaw-img-01-p4438g9pv72n6888tktb80id6n30f4moakxll9j9tc.jpg\",\"contentUrl\":\"https:\\\/\\\/horizonagency.eu\\\/wp-content\\\/uploads\\\/elementor\\\/thumbs\\\/wroclaw-img-01-p4438g9pv72n6888tktb80id6n30f4moakxll9j9tc.jpg\"},{\"@type\":\"BreadcrumbList\",\"@id\":\"https:\\\/\\\/horizonagency.eu\\\/de\\\/breslau\\\/#breadcrumb\",\"itemListElement\":[{\"@type\":\"ListItem\",\"position\":1,\"name\":\"Strona g\u0142\u00f3wna\",\"item\":\"https:\\\/\\\/horizonagency.eu\\\/de\\\/startseite\\\/\"},{\"@type\":\"ListItem\",\"position\":2,\"name\":\"Breslau\"}]},{\"@type\":\"WebSite\",\"@id\":\"https:\\\/\\\/horizonagency.eu\\\/#website\",\"url\":\"https:\\\/\\\/horizonagency.eu\\\/\",\"name\":\"Horizon Reiseb\u00fcro\",\"description\":\"Wir sind Ihre lokalen Reiseexperten in Mitteleuropa\",\"publisher\":{\"@id\":\"https:\\\/\\\/horizonagency.eu\\\/#organization\"},\"potentialAction\":[{\"@type\":\"SearchAction\",\"target\":{\"@type\":\"EntryPoint\",\"urlTemplate\":\"https:\\\/\\\/horizonagency.eu\\\/?s={search_term_string}\"},\"query-input\":{\"@type\":\"PropertyValueSpecification\",\"valueRequired\":true,\"valueName\":\"search_term_string\"}}],\"inLanguage\":\"de\"},{\"@type\":\"Organization\",\"@id\":\"https:\\\/\\\/horizonagency.eu\\\/#organization\",\"name\":\"Horizon Reiseb\u00fcro\",\"url\":\"https:\\\/\\\/horizonagency.eu\\\/\",\"logo\":{\"@type\":\"ImageObject\",\"inLanguage\":\"de\",\"@id\":\"https:\\\/\\\/horizonagency.eu\\\/#\\\/schema\\\/logo\\\/image\\\/\",\"url\":\"https:\\\/\\\/horizonagency.eu\\\/wp-content\\\/uploads\\\/2021\\\/02\\\/logo-color-02.png\",\"contentUrl\":\"https:\\\/\\\/horizonagency.eu\\\/wp-content\\\/uploads\\\/2021\\\/02\\\/logo-color-02.png\",\"width\":140,\"height\":65,\"caption\":\"Horizon Reiseb\u00fcro\"},\"image\":{\"@id\":\"https:\\\/\\\/horizonagency.eu\\\/#\\\/schema\\\/logo\\\/image\\\/\"}}]}<\/script>\n<!-- \/ Yoast SEO plugin. -->","yoast_head_json":{"title":"Breslau &#8211; Horizon Reiseb\u00fcro","robots":{"index":"noindex","follow":"nofollow"},"og_locale":"de_DE","og_type":"article","og_title":"Breslau &#8211; Horizon Reiseb\u00fcro","og_description":"Reiseb\u00fcro Horizon \u2013 Destination-Management Company Breslau Breslau ist die Hauptstadt von Niederschlesien. Es ist eine sehr vielf\u00e4ltige Region, sowohl mit Bergen als auch Tiefland innerhalb ihrer Grenzen sowie verschiedenen anderen Attraktionen, wie z.B. Gold-, Kohle-, Uranerzminen oder einer Keramikfabrik. Niederschlesien kann als eine der interessantesten Regionen unseres Landes bezeichnet werden. Eine solche Vielzahl an historischen&hellip;","og_url":"https:\/\/horizonagency.eu\/de\/breslau\/","og_site_name":"Horizon Reiseb\u00fcro","article_modified_time":"2021-04-20T14:28:40+00:00","og_image":[{"url":"https:\/\/horizonagency.eu\/wp-content\/uploads\/elementor\/thumbs\/wroclaw-img-01-p4438g9pv72n6888tktb80id6n30f4moakxll9j9tc.jpg","type":"","width":"","height":""}],"twitter_card":"summary_large_image","twitter_misc":{"Gesch\u00e4tzte Lesezeit":"3\u00a0Minuten"},"schema":{"@context":"https:\/\/schema.org","@graph":[{"@type":"WebPage","@id":"https:\/\/horizonagency.eu\/de\/breslau\/","url":"https:\/\/horizonagency.eu\/de\/breslau\/","name":"Breslau &#8211; Horizon Reiseb\u00fcro","isPartOf":{"@id":"https:\/\/horizonagency.eu\/#website"},"primaryImageOfPage":{"@id":"https:\/\/horizonagency.eu\/de\/breslau\/#primaryimage"},"image":{"@id":"https:\/\/horizonagency.eu\/de\/breslau\/#primaryimage"},"thumbnailUrl":"https:\/\/horizonagency.eu\/wp-content\/uploads\/elementor\/thumbs\/wroclaw-img-01-p4438g9pv72n6888tktb80id6n30f4moakxll9j9tc.jpg","datePublished":"2021-03-03T12:37:54+00:00","dateModified":"2021-04-20T14:28:40+00:00","breadcrumb":{"@id":"https:\/\/horizonagency.eu\/de\/breslau\/#breadcrumb"},"inLanguage":"de","potentialAction":[{"@type":"ReadAction","target":["https:\/\/horizonagency.eu\/de\/breslau\/"]}]},{"@type":"ImageObject","inLanguage":"de","@id":"https:\/\/horizonagency.eu\/de\/breslau\/#primaryimage","url":"https:\/\/horizonagency.eu\/wp-content\/uploads\/elementor\/thumbs\/wroclaw-img-01-p4438g9pv72n6888tktb80id6n30f4moakxll9j9tc.jpg","contentUrl":"https:\/\/horizonagency.eu\/wp-content\/uploads\/elementor\/thumbs\/wroclaw-img-01-p4438g9pv72n6888tktb80id6n30f4moakxll9j9tc.jpg"},{"@type":"BreadcrumbList","@id":"https:\/\/horizonagency.eu\/de\/breslau\/#breadcrumb","itemListElement":[{"@type":"ListItem","position":1,"name":"Strona g\u0142\u00f3wna","item":"https:\/\/horizonagency.eu\/de\/startseite\/"},{"@type":"ListItem","position":2,"name":"Breslau"}]},{"@type":"WebSite","@id":"https:\/\/horizonagency.eu\/#website","url":"https:\/\/horizonagency.eu\/","name":"Horizon Reiseb\u00fcro","description":"Wir sind Ihre lokalen Reiseexperten in Mitteleuropa","publisher":{"@id":"https:\/\/horizonagency.eu\/#organization"},"potentialAction":[{"@type":"SearchAction","target":{"@type":"EntryPoint","urlTemplate":"https:\/\/horizonagency.eu\/?s={search_term_string}"},"query-input":{"@type":"PropertyValueSpecification","valueRequired":true,"valueName":"search_term_string"}}],"inLanguage":"de"},{"@type":"Organization","@id":"https:\/\/horizonagency.eu\/#organization","name":"Horizon Reiseb\u00fcro","url":"https:\/\/horizonagency.eu\/","logo":{"@type":"ImageObject","inLanguage":"de","@id":"https:\/\/horizonagency.eu\/#\/schema\/logo\/image\/","url":"https:\/\/horizonagency.eu\/wp-content\/uploads\/2021\/02\/logo-color-02.png","contentUrl":"https:\/\/horizonagency.eu\/wp-content\/uploads\/2021\/02\/logo-color-02.png","width":140,"height":65,"caption":"Horizon Reiseb\u00fcro"},"image":{"@id":"https:\/\/horizonagency.eu\/#\/schema\/logo\/image\/"}}]}},"_links":{"self":[{"href":"https:\/\/horizonagency.eu\/de\/wp-json\/wp\/v2\/pages\/1576","targetHints":{"allow":["GET"]}}],"collection":[{"href":"https:\/\/horizonagency.eu\/de\/wp-json\/wp\/v2\/pages"}],"about":[{"href":"https:\/\/horizonagency.eu\/de\/wp-json\/wp\/v2\/types\/page"}],"author":[{"embeddable":true,"href":"https:\/\/horizonagency.eu\/de\/wp-json\/wp\/v2\/users\/1"}],"replies":[{"embeddable":true,"href":"https:\/\/horizonagency.eu\/de\/wp-json\/wp\/v2\/comments?post=1576"}],"version-history":[{"count":7,"href":"https:\/\/horizonagency.eu\/de\/wp-json\/wp\/v2\/pages\/1576\/revisions"}],"predecessor-version":[{"id":2063,"href":"https:\/\/horizonagency.eu\/de\/wp-json\/wp\/v2\/pages\/1576\/revisions\/2063"}],"wp:attachment":[{"href":"https:\/\/horizonagency.eu\/de\/wp-json\/wp\/v2\/media?parent=1576"}],"curies":[{"name":"wp","href":"https:\/\/api.w.org\/{rel}","templated":true}]}}