{"id":1581,"date":"2021-03-03T13:38:06","date_gmt":"2021-03-03T12:38:06","guid":{"rendered":"https:\/\/horizonagency.eu\/wien\/"},"modified":"2021-04-20T16:30:19","modified_gmt":"2021-04-20T14:30:19","slug":"wien","status":"publish","type":"page","link":"https:\/\/horizonagency.eu\/de\/wien\/","title":{"rendered":"Wien"},"content":{"rendered":"\t\t<div data-elementor-type=\"wp-page\" data-elementor-id=\"1581\" class=\"elementor elementor-1581 elementor-1115\" data-elementor-post-type=\"page\">\n\t\t\t\t\t\t<section class=\"elementor-section elementor-top-section elementor-element elementor-element-6f8514d1 elementor-section-stretched elementor-section-boxed elementor-section-height-default elementor-section-height-default\" data-id=\"6f8514d1\" data-element_type=\"section\" data-e-type=\"section\" data-settings=\"{&quot;stretch_section&quot;:&quot;section-stretched&quot;}\">\n\t\t\t\t\t\t<div class=\"elementor-container elementor-column-gap-default\">\n\t\t\t\t\t<div class=\"elementor-column elementor-col-100 elementor-top-column elementor-element elementor-element-298a547c\" data-id=\"298a547c\" data-element_type=\"column\" data-e-type=\"column\">\n\t\t\t<div class=\"elementor-widget-wrap elementor-element-populated\">\n\t\t\t\t\t\t<div class=\"elementor-element elementor-element-60653e40 elementor-widget elementor-widget-image\" data-id=\"60653e40\" data-element_type=\"widget\" data-e-type=\"widget\" data-widget_type=\"image.default\">\n\t\t\t\t<div class=\"elementor-widget-container\">\n\t\t\t\t\t\t\t\t\t\t\t\t\t\t\t<img decoding=\"async\" src=\"https:\/\/horizonagency.eu\/wp-content\/uploads\/elementor\/thumbs\/wien-img-01-r4e151fqjkgrwkqodix2e5070hn1ulqkm21z9qnnn4.jpg\" title=\"Wiede\u0144 &#8211; pa\u0142ac Belweder\" alt=\"Wiede\u0144 - pa\u0142ac Belweder\" loading=\"lazy\" \/>\t\t\t\t\t\t\t\t\t\t\t\t\t\t\t<\/div>\n\t\t\t\t<\/div>\n\t\t\t\t\t<\/div>\n\t\t<\/div>\n\t\t\t\t\t<\/div>\n\t\t<\/section>\n\t\t\t\t<section class=\"elementor-section elementor-top-section elementor-element elementor-element-184c3f78 elementor-section-stretched elementor-section-boxed elementor-section-height-default elementor-section-height-default\" data-id=\"184c3f78\" data-element_type=\"section\" data-e-type=\"section\" data-settings=\"{&quot;stretch_section&quot;:&quot;section-stretched&quot;}\">\n\t\t\t\t\t\t<div class=\"elementor-container elementor-column-gap-extended\">\n\t\t\t\t\t<div class=\"elementor-column elementor-col-100 elementor-top-column elementor-element elementor-element-62cfd80f\" data-id=\"62cfd80f\" data-element_type=\"column\" data-e-type=\"column\">\n\t\t\t<div class=\"elementor-widget-wrap elementor-element-populated\">\n\t\t\t\t\t\t<div class=\"elementor-element elementor-element-22740410 elementor-widget elementor-widget-heading\" data-id=\"22740410\" data-element_type=\"widget\" data-e-type=\"widget\" data-widget_type=\"heading.default\">\n\t\t\t\t<div class=\"elementor-widget-container\">\n\t\t\t\t\t<h3 class=\"elementor-heading-title elementor-size-default\">Reiseb\u00fcro Horizon \u2013 Destination-Management Company<\/h3>\t\t\t\t<\/div>\n\t\t\t\t<\/div>\n\t\t\t\t<div class=\"elementor-element elementor-element-950cf13 elementor-widget-divider--view-line elementor-widget elementor-widget-divider\" data-id=\"950cf13\" data-element_type=\"widget\" data-e-type=\"widget\" data-widget_type=\"divider.default\">\n\t\t\t\t<div class=\"elementor-widget-container\">\n\t\t\t\t\t\t\t<div class=\"elementor-divider\">\n\t\t\t<span class=\"elementor-divider-separator\">\n\t\t\t\t\t\t<\/span>\n\t\t<\/div>\n\t\t\t\t\t\t<\/div>\n\t\t\t\t<\/div>\n\t\t\t\t<div class=\"elementor-element elementor-element-6b1cf30f elementor-widget__width-initial elementor-widget-mobile__width-initial elementor-widget elementor-widget-text-editor\" data-id=\"6b1cf30f\" data-element_type=\"widget\" data-e-type=\"widget\" data-settings=\"{&quot;_animation&quot;:&quot;none&quot;}\" data-widget_type=\"text-editor.default\">\n\t\t\t\t<div class=\"elementor-widget-container\">\n\t\t\t\t\t\t\t\t\t<p>Wien<\/p>\n\t\t\t\t\t\t\t\t<\/div>\n\t\t\t\t<\/div>\n\t\t\t\t<div class=\"elementor-element elementor-element-983eef0 elementor-widget elementor-widget-text-editor\" data-id=\"983eef0\" data-element_type=\"widget\" data-e-type=\"widget\" data-widget_type=\"text-editor.default\">\n\t\t\t\t<div class=\"elementor-widget-container\">\n\t\t\t\t\t\t\t\t\t<p>Die Hauptstadt \u00d6sterreichs gilt als eine der sch\u00f6nsten St\u00e4dte in Europa. Die pr\u00e4chtigen Habsburger Schl\u00f6sser und beeindruckenden Museen im Stadtraum werden durch \u00fcberw\u00e4ltigendes Gr\u00fcn erg\u00e4nzt. Die Lage der Stadt an der sch\u00f6nen Donau verleiht der Stadt zus\u00e4tzlichen Charme. Und, was noch viel besser ist, auf Schritt und Tritt kann man einen ausgezeichneten Wiener Kaffee oder eine k\u00f6stliche Sachertorte probieren. Wenn Sie eine Pause von der Besichtigung brauchen, sollten Sie diese im Vergn\u00fcgungspark Prater machen.    <\/p>\n<p>Die wichtigsten Denkm\u00e4ler befinden sich auf dem sogenannten Wiener Ring. Es ist eine breite Allee, die das Zentrum der Stadt umgibt. Hier befinden sich unter anderem die Hofburg, das Parlament und die Museen f\u00fcr Naturgeschichte und f\u00fcr Kunst, die wie Zwillinge aussehen. Ein weiterer fantastischer Ort auf der Must-See-Liste ist das Schloss Sch\u00f6nbrunn &#8211; eine Habsburger-Residenz aus dem 17. Jahrhundert mit einem riesigen Garten mit Labyrinthen.&nbsp;<\/p>\n<p>Zu den Wiener Besonderheiten geh\u00f6ren auch das Hundertwasserhaus und das Haus der Musik. Das erste wegen der Form, das zweite wegen des Interieurs. Jedes von ihnen ist sehenswert.  <\/p>\n<p>Wenn die Gruppe die M\u00f6glichkeit hat, die Tour zu erweitern, empfehlen wir, Wien mit M\u00e4hren zu verbinden &#8211; ein wundersch\u00f6nes Gebiet voller erstaunlicher Naturformationen, wie H\u00f6hlen und Abgr\u00fcnde, sowie ausgedehnter Weinberge und charmanter St\u00e4dte wie Br\u00fcnn. <\/p>\t\t\t\t\t\t\t\t<\/div>\n\t\t\t\t<\/div>\n\t\t\t\t\t<\/div>\n\t\t<\/div>\n\t\t\t\t\t<\/div>\n\t\t<\/section>\n\t\t\t\t<section class=\"elementor-section elementor-top-section elementor-element elementor-element-5cf6bf1d elementor-section-stretched elementor-section-boxed elementor-section-height-default elementor-section-height-default\" data-id=\"5cf6bf1d\" data-element_type=\"section\" data-e-type=\"section\" data-settings=\"{&quot;stretch_section&quot;:&quot;section-stretched&quot;}\">\n\t\t\t\t\t\t<div class=\"elementor-container elementor-column-gap-default\">\n\t\t\t\t\t<div class=\"elementor-column elementor-col-100 elementor-top-column elementor-element elementor-element-362ba923\" data-id=\"362ba923\" data-element_type=\"column\" data-e-type=\"column\">\n\t\t\t<div class=\"elementor-widget-wrap elementor-element-populated\">\n\t\t\t\t\t\t<div class=\"elementor-element elementor-element-1cd6f90a elementor-widget-divider--view-line elementor-widget elementor-widget-divider\" data-id=\"1cd6f90a\" data-element_type=\"widget\" data-e-type=\"widget\" data-widget_type=\"divider.default\">\n\t\t\t\t<div class=\"elementor-widget-container\">\n\t\t\t\t\t\t\t<div class=\"elementor-divider\">\n\t\t\t<span class=\"elementor-divider-separator\">\n\t\t\t\t\t\t<\/span>\n\t\t<\/div>\n\t\t\t\t\t\t<\/div>\n\t\t\t\t<\/div>\n\t\t\t\t\t<\/div>\n\t\t<\/div>\n\t\t\t\t\t<\/div>\n\t\t<\/section>\n\t\t\t\t<section class=\"elementor-section elementor-top-section elementor-element elementor-element-1bc5d10 elementor-section-content-middle elementor-section-stretched elementor-section-boxed elementor-section-height-default elementor-section-height-default\" data-id=\"1bc5d10\" data-element_type=\"section\" data-e-type=\"section\" data-settings=\"{&quot;stretch_section&quot;:&quot;section-stretched&quot;}\">\n\t\t\t\t\t\t<div class=\"elementor-container elementor-column-gap-extended\">\n\t\t\t\t\t<div class=\"elementor-column elementor-col-50 elementor-top-column elementor-element elementor-element-7befa512\" data-id=\"7befa512\" data-element_type=\"column\" data-e-type=\"column\">\n\t\t\t<div class=\"elementor-widget-wrap elementor-element-populated\">\n\t\t\t\t\t\t<div class=\"elementor-element elementor-element-2615585b elementor-widget elementor-widget-heading\" data-id=\"2615585b\" data-element_type=\"widget\" data-e-type=\"widget\" data-widget_type=\"heading.default\">\n\t\t\t\t<div class=\"elementor-widget-container\">\n\t\t\t\t\t<h3 class=\"elementor-heading-title elementor-size-default\">Beispiel einer St\u00e4dtereise in Wien<\/h3>\t\t\t\t<\/div>\n\t\t\t\t<\/div>\n\t\t\t\t<div class=\"elementor-element elementor-element-53e210e9 day-list elementor-widget elementor-widget-text-editor\" data-id=\"53e210e9\" data-element_type=\"widget\" data-e-type=\"widget\" data-widget_type=\"text-editor.default\">\n\t\t\t\t<div class=\"elementor-widget-container\">\n\t\t\t\t\t\t\t\t\t<h3>Tag 1<\/h3>\n<p>Besichtigung von Wien mit einem lizenzierten Stadtf\u00fchrer &#8211; Oper, Maria-Theresien-Platz mit seinen Zwillingsmuseen, Hofburg, Parlament, Stephansdom, Hundertwasserhaus<\/p>\n<h3>Tag 2<\/h3>\n<p>Stadtrundfahrt mit einem lizenzierten Stadtf\u00fchrer &#8211; Spaziergang durch die G\u00e4rten des Belvedere, Besichtigung des Schlosses Sch\u00f6nbrunn, Freizeit im Vergn\u00fcgungspark Prater<\/p>\n<h3>Tag 3<\/h3>\n<p>Erg\u00e4nzung des Programms nach Wahl der Gruppe: zus\u00e4tzliche Besuche im Inneren der Anlagen, erweiterte Besichtigung von Wien mit weiteren Stadtteilen und zus\u00e4tzlichen Attraktionen.<\/p>\n\t\t\t\t\t\t\t\t<\/div>\n\t\t\t\t<\/div>\n\t\t\t\t\t<\/div>\n\t\t<\/div>\n\t\t\t\t<div class=\"elementor-column elementor-col-50 elementor-top-column elementor-element elementor-element-c08c0a\" data-id=\"c08c0a\" data-element_type=\"column\" data-e-type=\"column\">\n\t\t\t<div class=\"elementor-widget-wrap elementor-element-populated\">\n\t\t\t\t\t\t<div class=\"elementor-element elementor-element-93d5db6 elementor-widget elementor-widget-image\" data-id=\"93d5db6\" data-element_type=\"widget\" data-e-type=\"widget\" data-widget_type=\"image.default\">\n\t\t\t\t<div class=\"elementor-widget-container\">\n\t\t\t\t\t\t\t\t\t\t\t\t\t\t\t<img decoding=\"async\" src=\"https:\/\/horizonagency.eu\/wp-content\/uploads\/elementor\/thumbs\/wien-img-02-r4e151fgsqaf5vje2w3u9gre6dzu1jtgx2t4b5kms8.jpg\" title=\"Wiede\u0144 &#8211; Hofburg\" alt=\"Wiede\u0144 - Hofburg\" loading=\"lazy\" \/>\t\t\t\t\t\t\t\t\t\t\t\t\t\t\t<\/div>\n\t\t\t\t<\/div>\n\t\t\t\t\t<\/div>\n\t\t<\/div>\n\t\t\t\t\t<\/div>\n\t\t<\/section>\n\t\t\t\t<section class=\"elementor-section elementor-top-section elementor-element elementor-element-7e007bef elementor-section-stretched elementor-section-boxed elementor-section-height-default elementor-section-height-default\" data-id=\"7e007bef\" data-element_type=\"section\" data-e-type=\"section\" data-settings=\"{&quot;stretch_section&quot;:&quot;section-stretched&quot;}\">\n\t\t\t\t\t\t<div class=\"elementor-container elementor-column-gap-default\">\n\t\t\t\t\t<div class=\"elementor-column elementor-col-100 elementor-top-column elementor-element elementor-element-2cd2dfb1\" data-id=\"2cd2dfb1\" data-element_type=\"column\" data-e-type=\"column\">\n\t\t\t<div class=\"elementor-widget-wrap elementor-element-populated\">\n\t\t\t\t\t\t<div class=\"elementor-element elementor-element-3a9a8052 elementor-widget-divider--view-line elementor-widget elementor-widget-divider\" data-id=\"3a9a8052\" data-element_type=\"widget\" data-e-type=\"widget\" data-widget_type=\"divider.default\">\n\t\t\t\t<div class=\"elementor-widget-container\">\n\t\t\t\t\t\t\t<div class=\"elementor-divider\">\n\t\t\t<span class=\"elementor-divider-separator\">\n\t\t\t\t\t\t<\/span>\n\t\t<\/div>\n\t\t\t\t\t\t<\/div>\n\t\t\t\t<\/div>\n\t\t\t\t\t<\/div>\n\t\t<\/div>\n\t\t\t\t\t<\/div>\n\t\t<\/section>\n\t\t\t\t<section class=\"elementor-section elementor-top-section elementor-element elementor-element-7f3c1df3 elementor-section-content-middle elementor-section-stretched elementor-section-boxed elementor-section-height-default elementor-section-height-default\" data-id=\"7f3c1df3\" data-element_type=\"section\" data-e-type=\"section\" data-settings=\"{&quot;stretch_section&quot;:&quot;section-stretched&quot;}\">\n\t\t\t\t\t\t<div class=\"elementor-container elementor-column-gap-extended\">\n\t\t\t\t\t<div class=\"elementor-column elementor-col-50 elementor-top-column elementor-element elementor-element-d879924\" data-id=\"d879924\" data-element_type=\"column\" data-e-type=\"column\">\n\t\t\t<div class=\"elementor-widget-wrap elementor-element-populated\">\n\t\t\t\t\t\t<div class=\"elementor-element elementor-element-ef1b7cb elementor-widget elementor-widget-image\" data-id=\"ef1b7cb\" data-element_type=\"widget\" data-e-type=\"widget\" data-widget_type=\"image.default\">\n\t\t\t\t<div class=\"elementor-widget-container\">\n\t\t\t\t\t\t\t\t\t\t\t\t\t\t\t<img decoding=\"async\" src=\"https:\/\/horizonagency.eu\/wp-content\/uploads\/elementor\/thumbs\/wien-img-03-r4e151fj8ftl03tzwhssway33j2hjebcw7hyj2y5ps.jpg\" title=\"Wiede\u0144 &#8211; ko\u015bci\u00f3\u0142 \u015bw. Karola\" alt=\"Wiede\u0144 - ko\u015bci\u00f3\u0142 \u015bw. Karola\" loading=\"lazy\" \/>\t\t\t\t\t\t\t\t\t\t\t\t\t\t\t<\/div>\n\t\t\t\t<\/div>\n\t\t\t\t<div class=\"elementor-element elementor-element-f5da0bb elementor-widget elementor-widget-image\" data-id=\"f5da0bb\" data-element_type=\"widget\" data-e-type=\"widget\" data-widget_type=\"image.default\">\n\t\t\t\t<div class=\"elementor-widget-container\">\n\t\t\t\t\t\t\t\t\t\t\t\t\t\t\t<img decoding=\"async\" src=\"https:\/\/horizonagency.eu\/wp-content\/uploads\/elementor\/thumbs\/wien-img-04-r4e151fj8ftl03tzwhssway33j2hjebcw7hyj2y5ps.jpg\" title=\"Przepa\u015b\u0107 Macocha\" alt=\"Przepa\u015b\u0107 Macocha\" loading=\"lazy\" \/>\t\t\t\t\t\t\t\t\t\t\t\t\t\t\t<\/div>\n\t\t\t\t<\/div>\n\t\t\t\t\t<\/div>\n\t\t<\/div>\n\t\t\t\t<div class=\"elementor-column elementor-col-50 elementor-top-column elementor-element elementor-element-3b27886e\" data-id=\"3b27886e\" data-element_type=\"column\" data-e-type=\"column\">\n\t\t\t<div class=\"elementor-widget-wrap elementor-element-populated\">\n\t\t\t\t\t\t<div class=\"elementor-element elementor-element-2d2f65c2 elementor-widget elementor-widget-heading\" data-id=\"2d2f65c2\" data-element_type=\"widget\" data-e-type=\"widget\" data-widget_type=\"heading.default\">\n\t\t\t\t<div class=\"elementor-widget-container\">\n\t\t\t\t\t<h3 class=\"elementor-heading-title elementor-size-default\">Beispiel einer 7-t\u00e4gigen Tour<\/h3>\t\t\t\t<\/div>\n\t\t\t\t<\/div>\n\t\t\t\t<div class=\"elementor-element elementor-element-1b51a29f day-list elementor-widget elementor-widget-text-editor\" data-id=\"1b51a29f\" data-element_type=\"widget\" data-e-type=\"widget\" data-widget_type=\"text-editor.default\">\n\t\t\t\t<div class=\"elementor-widget-container\">\n\t\t\t\t\t\t\t\t\t<h3>Tag 1<\/h3>\n<p>Besichtigung von Prag mit einem lizenzierten Stadtf\u00fchrer: Hrad\u010dany, Kleinseite, Kloster in Strachov, Karlsbr\u00fccke<\/p>\n<h3>Tag 2<\/h3>\n<p>Besichtigung von Prag mit einem lizenzierten Stadtf\u00fchrer &#8211; Altmarkt mit Astronomischer Uhr, Wenzelsplatz, J\u00fcdisches Viertel<\/p>\n<h3>Tag 3<\/h3>\n<p>Spaziergang um Kutna Hora, Besuch des unterirdischen Silbermuseums<\/p>\n<p>Besuch des Weinbergs<\/p>\n<h3>Tag 4<\/h3>\n<p>Besichtigung von Br\u00fcnn und der Punkva-H\u00f6hle &#8211; eine riesige H\u00f6hle mit einem Abgrund und einem unterirdischen Fluss<\/p>\n<h3>Tag 5<\/h3>\n<p>Besichtigung von Wien mit einem lizenzierten Stadtf\u00fchrer &#8211; Oper, Maria-Theresien-Platz mit seinen Zwillingsmuseen, Hofburg, Parlament, Stephansdom, Hundertwasserhaus<\/p>\n<h3>Tag 6<\/h3>\n<p>Stadtrundfahrt mit einem lizenzierten Stadtf\u00fchrer &#8211; Spaziergang durch die G\u00e4rten des Belvedere, Besichtigung des Schlosses Schonbrunn, Freizeit im Prater-Vergn\u00fcgungspark<\/p>\n<h3>Tag 7<\/h3>\n<p>Erg\u00e4nzung des Programms nach Wahl der Gruppe: zus\u00e4tzliche Besuche im Inneren der Anlagen, erweiterte Besichtigung von Wien mit weiteren Stadtteilen und zus\u00e4tzlichen Attraktionen oder ein weiterer Tag an einem anderen Ort (Prag, Moravy, Valtice-Lednice, Bratislava)<\/p>\n\t\t\t\t\t\t\t\t<\/div>\n\t\t\t\t<\/div>\n\t\t\t\t\t<\/div>\n\t\t<\/div>\n\t\t\t\t\t<\/div>\n\t\t<\/section>\n\t\t\t\t<\/div>\n\t\t","protected":false},"excerpt":{"rendered":"<p>Reiseb\u00fcro Horizon \u2013 Destination-Management Company Wien Die Hauptstadt \u00d6sterreichs gilt als eine der sch\u00f6nsten St\u00e4dte in Europa. Die pr\u00e4chtigen Habsburger Schl\u00f6sser und beeindruckenden Museen im Stadtraum werden durch \u00fcberw\u00e4ltigendes Gr\u00fcn erg\u00e4nzt. Die Lage der Stadt an der sch\u00f6nen Donau verleiht der Stadt zus\u00e4tzlichen Charme. Und, was noch viel besser ist, auf Schritt und Tritt kann&hellip;<\/p>\n","protected":false},"author":1,"featured_media":0,"parent":0,"menu_order":0,"comment_status":"closed","ping_status":"closed","template":"elementor_header_footer","meta":{"footnotes":""},"class_list":["post-1581","page","type-page","status-publish","hentry"],"yoast_head":"<!-- This site is optimized with the Yoast SEO plugin v27.4 - https:\/\/yoast.com\/product\/yoast-seo-wordpress\/ -->\n<title>Wien &#8211; Horizon Reiseb\u00fcro<\/title>\n<meta name=\"robots\" content=\"noindex, nofollow\" \/>\n<meta property=\"og:locale\" content=\"de_DE\" \/>\n<meta property=\"og:type\" content=\"article\" \/>\n<meta property=\"og:title\" content=\"Wien &#8211; Horizon Reiseb\u00fcro\" \/>\n<meta property=\"og:description\" content=\"Reiseb\u00fcro Horizon \u2013 Destination-Management Company Wien Die Hauptstadt \u00d6sterreichs gilt als eine der sch\u00f6nsten St\u00e4dte in Europa. Die pr\u00e4chtigen Habsburger Schl\u00f6sser und beeindruckenden Museen im Stadtraum werden durch \u00fcberw\u00e4ltigendes Gr\u00fcn erg\u00e4nzt. Die Lage der Stadt an der sch\u00f6nen Donau verleiht der Stadt zus\u00e4tzlichen Charme. Und, was noch viel besser ist, auf Schritt und Tritt kann&hellip;\" \/>\n<meta property=\"og:url\" content=\"https:\/\/horizonagency.eu\/de\/wien\/\" \/>\n<meta property=\"og:site_name\" content=\"Horizon Reiseb\u00fcro\" \/>\n<meta property=\"article:modified_time\" content=\"2021-04-20T14:30:19+00:00\" \/>\n<meta property=\"og:image\" content=\"https:\/\/horizonagency.eu\/wp-content\/uploads\/elementor\/thumbs\/wien-img-01-p45jyir8gjdxfd6efj1jojjso1qqo2tyx5fvj58z8w.jpg\" \/>\n<meta name=\"twitter:card\" content=\"summary_large_image\" \/>\n<meta name=\"twitter:label1\" content=\"Gesch\u00e4tzte Lesezeit\" \/>\n\t<meta name=\"twitter:data1\" content=\"3\u00a0Minuten\" \/>\n<script type=\"application\/ld+json\" class=\"yoast-schema-graph\">{\"@context\":\"https:\\\/\\\/schema.org\",\"@graph\":[{\"@type\":\"WebPage\",\"@id\":\"https:\\\/\\\/horizonagency.eu\\\/de\\\/wien\\\/\",\"url\":\"https:\\\/\\\/horizonagency.eu\\\/de\\\/wien\\\/\",\"name\":\"Wien &#8211; Horizon Reiseb\u00fcro\",\"isPartOf\":{\"@id\":\"https:\\\/\\\/horizonagency.eu\\\/#website\"},\"primaryImageOfPage\":{\"@id\":\"https:\\\/\\\/horizonagency.eu\\\/de\\\/wien\\\/#primaryimage\"},\"image\":{\"@id\":\"https:\\\/\\\/horizonagency.eu\\\/de\\\/wien\\\/#primaryimage\"},\"thumbnailUrl\":\"https:\\\/\\\/horizonagency.eu\\\/wp-content\\\/uploads\\\/elementor\\\/thumbs\\\/wien-img-01-p45jyir8gjdxfd6efj1jojjso1qqo2tyx5fvj58z8w.jpg\",\"datePublished\":\"2021-03-03T12:38:06+00:00\",\"dateModified\":\"2021-04-20T14:30:19+00:00\",\"breadcrumb\":{\"@id\":\"https:\\\/\\\/horizonagency.eu\\\/de\\\/wien\\\/#breadcrumb\"},\"inLanguage\":\"de\",\"potentialAction\":[{\"@type\":\"ReadAction\",\"target\":[\"https:\\\/\\\/horizonagency.eu\\\/de\\\/wien\\\/\"]}]},{\"@type\":\"ImageObject\",\"inLanguage\":\"de\",\"@id\":\"https:\\\/\\\/horizonagency.eu\\\/de\\\/wien\\\/#primaryimage\",\"url\":\"https:\\\/\\\/horizonagency.eu\\\/wp-content\\\/uploads\\\/elementor\\\/thumbs\\\/wien-img-01-p45jyir8gjdxfd6efj1jojjso1qqo2tyx5fvj58z8w.jpg\",\"contentUrl\":\"https:\\\/\\\/horizonagency.eu\\\/wp-content\\\/uploads\\\/elementor\\\/thumbs\\\/wien-img-01-p45jyir8gjdxfd6efj1jojjso1qqo2tyx5fvj58z8w.jpg\"},{\"@type\":\"BreadcrumbList\",\"@id\":\"https:\\\/\\\/horizonagency.eu\\\/de\\\/wien\\\/#breadcrumb\",\"itemListElement\":[{\"@type\":\"ListItem\",\"position\":1,\"name\":\"Strona g\u0142\u00f3wna\",\"item\":\"https:\\\/\\\/horizonagency.eu\\\/de\\\/startseite\\\/\"},{\"@type\":\"ListItem\",\"position\":2,\"name\":\"Wien\"}]},{\"@type\":\"WebSite\",\"@id\":\"https:\\\/\\\/horizonagency.eu\\\/#website\",\"url\":\"https:\\\/\\\/horizonagency.eu\\\/\",\"name\":\"Horizon Reiseb\u00fcro\",\"description\":\"Wir sind Ihre lokalen Reiseexperten in Mitteleuropa\",\"publisher\":{\"@id\":\"https:\\\/\\\/horizonagency.eu\\\/#organization\"},\"potentialAction\":[{\"@type\":\"SearchAction\",\"target\":{\"@type\":\"EntryPoint\",\"urlTemplate\":\"https:\\\/\\\/horizonagency.eu\\\/?s={search_term_string}\"},\"query-input\":{\"@type\":\"PropertyValueSpecification\",\"valueRequired\":true,\"valueName\":\"search_term_string\"}}],\"inLanguage\":\"de\"},{\"@type\":\"Organization\",\"@id\":\"https:\\\/\\\/horizonagency.eu\\\/#organization\",\"name\":\"Horizon Reiseb\u00fcro\",\"url\":\"https:\\\/\\\/horizonagency.eu\\\/\",\"logo\":{\"@type\":\"ImageObject\",\"inLanguage\":\"de\",\"@id\":\"https:\\\/\\\/horizonagency.eu\\\/#\\\/schema\\\/logo\\\/image\\\/\",\"url\":\"https:\\\/\\\/horizonagency.eu\\\/wp-content\\\/uploads\\\/2021\\\/02\\\/logo-color-02.png\",\"contentUrl\":\"https:\\\/\\\/horizonagency.eu\\\/wp-content\\\/uploads\\\/2021\\\/02\\\/logo-color-02.png\",\"width\":140,\"height\":65,\"caption\":\"Horizon Reiseb\u00fcro\"},\"image\":{\"@id\":\"https:\\\/\\\/horizonagency.eu\\\/#\\\/schema\\\/logo\\\/image\\\/\"}}]}<\/script>\n<!-- \/ Yoast SEO plugin. -->","yoast_head_json":{"title":"Wien &#8211; Horizon Reiseb\u00fcro","robots":{"index":"noindex","follow":"nofollow"},"og_locale":"de_DE","og_type":"article","og_title":"Wien &#8211; Horizon Reiseb\u00fcro","og_description":"Reiseb\u00fcro Horizon \u2013 Destination-Management Company Wien Die Hauptstadt \u00d6sterreichs gilt als eine der sch\u00f6nsten St\u00e4dte in Europa. Die pr\u00e4chtigen Habsburger Schl\u00f6sser und beeindruckenden Museen im Stadtraum werden durch \u00fcberw\u00e4ltigendes Gr\u00fcn erg\u00e4nzt. Die Lage der Stadt an der sch\u00f6nen Donau verleiht der Stadt zus\u00e4tzlichen Charme. Und, was noch viel besser ist, auf Schritt und Tritt kann&hellip;","og_url":"https:\/\/horizonagency.eu\/de\/wien\/","og_site_name":"Horizon Reiseb\u00fcro","article_modified_time":"2021-04-20T14:30:19+00:00","og_image":[{"url":"https:\/\/horizonagency.eu\/wp-content\/uploads\/elementor\/thumbs\/wien-img-01-p45jyir8gjdxfd6efj1jojjso1qqo2tyx5fvj58z8w.jpg","type":"","width":"","height":""}],"twitter_card":"summary_large_image","twitter_misc":{"Gesch\u00e4tzte Lesezeit":"3\u00a0Minuten"},"schema":{"@context":"https:\/\/schema.org","@graph":[{"@type":"WebPage","@id":"https:\/\/horizonagency.eu\/de\/wien\/","url":"https:\/\/horizonagency.eu\/de\/wien\/","name":"Wien &#8211; Horizon Reiseb\u00fcro","isPartOf":{"@id":"https:\/\/horizonagency.eu\/#website"},"primaryImageOfPage":{"@id":"https:\/\/horizonagency.eu\/de\/wien\/#primaryimage"},"image":{"@id":"https:\/\/horizonagency.eu\/de\/wien\/#primaryimage"},"thumbnailUrl":"https:\/\/horizonagency.eu\/wp-content\/uploads\/elementor\/thumbs\/wien-img-01-p45jyir8gjdxfd6efj1jojjso1qqo2tyx5fvj58z8w.jpg","datePublished":"2021-03-03T12:38:06+00:00","dateModified":"2021-04-20T14:30:19+00:00","breadcrumb":{"@id":"https:\/\/horizonagency.eu\/de\/wien\/#breadcrumb"},"inLanguage":"de","potentialAction":[{"@type":"ReadAction","target":["https:\/\/horizonagency.eu\/de\/wien\/"]}]},{"@type":"ImageObject","inLanguage":"de","@id":"https:\/\/horizonagency.eu\/de\/wien\/#primaryimage","url":"https:\/\/horizonagency.eu\/wp-content\/uploads\/elementor\/thumbs\/wien-img-01-p45jyir8gjdxfd6efj1jojjso1qqo2tyx5fvj58z8w.jpg","contentUrl":"https:\/\/horizonagency.eu\/wp-content\/uploads\/elementor\/thumbs\/wien-img-01-p45jyir8gjdxfd6efj1jojjso1qqo2tyx5fvj58z8w.jpg"},{"@type":"BreadcrumbList","@id":"https:\/\/horizonagency.eu\/de\/wien\/#breadcrumb","itemListElement":[{"@type":"ListItem","position":1,"name":"Strona g\u0142\u00f3wna","item":"https:\/\/horizonagency.eu\/de\/startseite\/"},{"@type":"ListItem","position":2,"name":"Wien"}]},{"@type":"WebSite","@id":"https:\/\/horizonagency.eu\/#website","url":"https:\/\/horizonagency.eu\/","name":"Horizon Reiseb\u00fcro","description":"Wir sind Ihre lokalen Reiseexperten in Mitteleuropa","publisher":{"@id":"https:\/\/horizonagency.eu\/#organization"},"potentialAction":[{"@type":"SearchAction","target":{"@type":"EntryPoint","urlTemplate":"https:\/\/horizonagency.eu\/?s={search_term_string}"},"query-input":{"@type":"PropertyValueSpecification","valueRequired":true,"valueName":"search_term_string"}}],"inLanguage":"de"},{"@type":"Organization","@id":"https:\/\/horizonagency.eu\/#organization","name":"Horizon Reiseb\u00fcro","url":"https:\/\/horizonagency.eu\/","logo":{"@type":"ImageObject","inLanguage":"de","@id":"https:\/\/horizonagency.eu\/#\/schema\/logo\/image\/","url":"https:\/\/horizonagency.eu\/wp-content\/uploads\/2021\/02\/logo-color-02.png","contentUrl":"https:\/\/horizonagency.eu\/wp-content\/uploads\/2021\/02\/logo-color-02.png","width":140,"height":65,"caption":"Horizon Reiseb\u00fcro"},"image":{"@id":"https:\/\/horizonagency.eu\/#\/schema\/logo\/image\/"}}]}},"_links":{"self":[{"href":"https:\/\/horizonagency.eu\/de\/wp-json\/wp\/v2\/pages\/1581","targetHints":{"allow":["GET"]}}],"collection":[{"href":"https:\/\/horizonagency.eu\/de\/wp-json\/wp\/v2\/pages"}],"about":[{"href":"https:\/\/horizonagency.eu\/de\/wp-json\/wp\/v2\/types\/page"}],"author":[{"embeddable":true,"href":"https:\/\/horizonagency.eu\/de\/wp-json\/wp\/v2\/users\/1"}],"replies":[{"embeddable":true,"href":"https:\/\/horizonagency.eu\/de\/wp-json\/wp\/v2\/comments?post=1581"}],"version-history":[{"count":12,"href":"https:\/\/horizonagency.eu\/de\/wp-json\/wp\/v2\/pages\/1581\/revisions"}],"predecessor-version":[{"id":2084,"href":"https:\/\/horizonagency.eu\/de\/wp-json\/wp\/v2\/pages\/1581\/revisions\/2084"}],"wp:attachment":[{"href":"https:\/\/horizonagency.eu\/de\/wp-json\/wp\/v2\/media?parent=1581"}],"curies":[{"name":"wp","href":"https:\/\/api.w.org\/{rel}","templated":true}]}}