{"id":1603,"date":"2021-03-03T13:39:47","date_gmt":"2021-03-03T12:39:47","guid":{"rendered":"https:\/\/horizonagency.eu\/warschau\/"},"modified":"2021-04-20T16:28:42","modified_gmt":"2021-04-20T14:28:42","slug":"warschau","status":"publish","type":"page","link":"https:\/\/horizonagency.eu\/de\/warschau\/","title":{"rendered":"Warschau"},"content":{"rendered":"\t\t<div data-elementor-type=\"wp-page\" data-elementor-id=\"1603\" class=\"elementor elementor-1603 elementor-1071\" data-elementor-post-type=\"page\">\n\t\t\t\t\t\t<section class=\"elementor-section elementor-top-section elementor-element elementor-element-695e294b elementor-section-stretched elementor-section-boxed elementor-section-height-default elementor-section-height-default\" data-id=\"695e294b\" data-element_type=\"section\" data-e-type=\"section\" data-settings=\"{&quot;stretch_section&quot;:&quot;section-stretched&quot;}\">\n\t\t\t\t\t\t<div class=\"elementor-container elementor-column-gap-default\">\n\t\t\t\t\t<div class=\"elementor-column elementor-col-100 elementor-top-column elementor-element elementor-element-716bdfb2\" data-id=\"716bdfb2\" data-element_type=\"column\" data-e-type=\"column\">\n\t\t\t<div class=\"elementor-widget-wrap elementor-element-populated\">\n\t\t\t\t\t\t<div class=\"elementor-element elementor-element-545f8aae elementor-widget elementor-widget-image\" data-id=\"545f8aae\" data-element_type=\"widget\" data-e-type=\"widget\" data-widget_type=\"image.default\">\n\t\t\t\t<div class=\"elementor-widget-container\">\n\t\t\t\t\t\t\t\t\t\t\t\t\t\t\t<img decoding=\"async\" src=\"https:\/\/horizonagency.eu\/wp-content\/uploads\/elementor\/thumbs\/warsaw-img-01-r4e150hwcqfhkys1j0iftn8qf3romwmu9xehsgp1tc.jpg\" title=\"Warszawa\" alt=\"Warszawa\" loading=\"lazy\" \/>\t\t\t\t\t\t\t\t\t\t\t\t\t\t\t<\/div>\n\t\t\t\t<\/div>\n\t\t\t\t\t<\/div>\n\t\t<\/div>\n\t\t\t\t\t<\/div>\n\t\t<\/section>\n\t\t\t\t<section class=\"elementor-section elementor-top-section elementor-element elementor-element-5567dd4e elementor-section-stretched elementor-section-boxed elementor-section-height-default elementor-section-height-default\" data-id=\"5567dd4e\" data-element_type=\"section\" data-e-type=\"section\" data-settings=\"{&quot;stretch_section&quot;:&quot;section-stretched&quot;}\">\n\t\t\t\t\t\t<div class=\"elementor-container elementor-column-gap-extended\">\n\t\t\t\t\t<div class=\"elementor-column elementor-col-100 elementor-top-column elementor-element elementor-element-6b3bcde8\" data-id=\"6b3bcde8\" data-element_type=\"column\" data-e-type=\"column\">\n\t\t\t<div class=\"elementor-widget-wrap elementor-element-populated\">\n\t\t\t\t\t\t<div class=\"elementor-element elementor-element-3eaf610 elementor-widget elementor-widget-heading\" data-id=\"3eaf610\" data-element_type=\"widget\" data-e-type=\"widget\" data-widget_type=\"heading.default\">\n\t\t\t\t<div class=\"elementor-widget-container\">\n\t\t\t\t\t<h3 class=\"elementor-heading-title elementor-size-default\">Reiseb\u00fcro Horizon \u2013 Destination-Management Company<\/h3>\t\t\t\t<\/div>\n\t\t\t\t<\/div>\n\t\t\t\t<div class=\"elementor-element elementor-element-6eadd4b3 elementor-widget-divider--view-line elementor-widget elementor-widget-divider\" data-id=\"6eadd4b3\" data-element_type=\"widget\" data-e-type=\"widget\" data-widget_type=\"divider.default\">\n\t\t\t\t<div class=\"elementor-widget-container\">\n\t\t\t\t\t\t\t<div class=\"elementor-divider\">\n\t\t\t<span class=\"elementor-divider-separator\">\n\t\t\t\t\t\t<\/span>\n\t\t<\/div>\n\t\t\t\t\t\t<\/div>\n\t\t\t\t<\/div>\n\t\t\t\t<div class=\"elementor-element elementor-element-1ce0c3c2 elementor-widget__width-initial elementor-widget-mobile__width-initial elementor-widget elementor-widget-text-editor\" data-id=\"1ce0c3c2\" data-element_type=\"widget\" data-e-type=\"widget\" data-settings=\"{&quot;_animation&quot;:&quot;none&quot;}\" data-widget_type=\"text-editor.default\">\n\t\t\t\t<div class=\"elementor-widget-container\">\n\t\t\t\t\t\t\t\t\t<p>Warschau<\/p>\n\t\t\t\t\t\t\t\t<\/div>\n\t\t\t\t<\/div>\n\t\t\t\t<div class=\"elementor-element elementor-element-14b8ed7 city-list elementor-widget elementor-widget-text-editor\" data-id=\"14b8ed7\" data-element_type=\"widget\" data-e-type=\"widget\" data-widget_type=\"text-editor.default\">\n\t\t\t\t<div class=\"elementor-widget-container\">\n\t\t\t\t\t\t\t\t\t<p>Warschau ist die Hauptstadt Polens und befindet sich in der Mitte des Landes an der Weichsel. Es ist die gr\u00f6\u00dfte polnische Stadt sowohl in Bezug auf die Fl\u00e4che als auch auf die Einwohnerzahl. Sie ist der Sitz der h\u00f6chsten Beh\u00f6rden und der Schauplatz des politischen Lebens. Es gibt viele Orte, die sehenswert sind. Wir schlagen vor, Orte zu besuchen, die stille Zeugen einiger f\u00fcr die Geschichte Polens wichtiger Ereignisse waren.     <\/p>\n<h3>Altstadt und das K\u00f6nigsschloss<\/h3>\n<p>Die Altstadt ist ein beliebter Ort f\u00fcr Spazierg\u00e4nge. Einst von einer Mauer umschlossen, liegt sie heute zwischen dem Schlossplatz mit der Sigismund-S\u00e4ule und dem K\u00f6nigsschloss im Osten und dem Barbakan im Westen. Der Altmarkt mit der Meerjungfrau, umgeben von bunten H\u00e4usern, ist reizvoll. W\u00e4hrend des Zweiten Weltkriegs wurde die Altstadt fast vollst\u00e4ndig zerst\u00f6rt, aber dank des sorgf\u00e4ltigen Wiederaufbaus wurde sie 1980 von der UNESCO zum Weltkulturerbe erkl\u00e4rt.   <\/p>\n<h3>Palast der Kultur und Wissenschaft<\/h3>\n<p>Es war einst ein sehr umstrittenes Geb\u00e4ude, geschaffen als &#8222;Geschenk des sowjetischen Volkes an die polnische Nation&#8220;. Der Kultur- und Wissenschaftspalast war lange Zeit das h\u00f6chste Geb\u00e4ude in Polen, wurde aber in den letzten Jahren von mehreren \u00fcbertroffen. In der 30. Etage befindet sich eine Aussichtsplattform, von der aus man das Panorama der Stadt bewundern kann. In den Innenr\u00e4umen befinden sich Theater, Museen, ein Kino und die ber\u00fchmte Kongresshalle, in der weltber\u00fchmte Musikstars auftreten.   <\/p>\n<h3>K\u00f6nigliche B\u00e4der<\/h3>\n<p>Unter diesem lustigen Namen verbirgt sich ein recht gro\u00dfer Gr\u00fcnkomplex im Stadtzentrum. Hier befindet sich eines der sch\u00f6nsten Denkm\u00e4ler Warschaus &#8211; die Statue von Fryderyk Chopin unter den Zweigen einer Weide, die den Fingern des Pianisten \u00e4hneln. Hier befinden sich\/finden Sie auch der Palast am Wasser, das Theater auf der Insel, die Orangerie und der Belweder Palast. In dem Park leben Herden von niedlichen Eichh\u00f6rnchen und einige Pfauen, die bei Kindern sehr beliebt sind.   <\/p>\n<h3>Schloss in Wilan\u00f3w<\/h3>\n<p>Die Sommerresidenz von K\u00f6nig Jan III. Sobieski und seiner Frau Marysie\u0144ka ist einer der sch\u00f6nsten Komplexe dieser Art in Europa. Die klassizistische Architektur f\u00fcgt sich perfekt in die gr\u00fcne Umgebung ein. Hier finden zahlreiche kulturelle Veranstaltungen, wie Konzerte und Vernissagen, statt.  <\/p>\n<p>Dies sind nur einige der sehenswerten Orte in Warschau. Wenn Sie mehr \u00fcber die Geschichte erfahren m\u00f6chten, haben wir gut organisierte moderne Museen, wie das Museum des Warschauer Aufstands oder das POLIN-Museum der Geschichte der polnischen Juden. F\u00fcr l\u00e4ngere Aufenthalte empfehlen wir auch einen Besuch in \u017belazowa Wola &#8211; dem Geburtsort von Fryderyk Chopin, \u0141owicz &#8211; um etwas Folklore kennenzulernen oder am Zegrze-Stausee zu entspannen. <\/p>\n\t\t\t\t\t\t\t\t<\/div>\n\t\t\t\t<\/div>\n\t\t\t\t\t<\/div>\n\t\t<\/div>\n\t\t\t\t\t<\/div>\n\t\t<\/section>\n\t\t\t\t<section class=\"elementor-section elementor-top-section elementor-element elementor-element-7df87ffb elementor-section-stretched elementor-section-boxed elementor-section-height-default elementor-section-height-default\" data-id=\"7df87ffb\" data-element_type=\"section\" data-e-type=\"section\" data-settings=\"{&quot;stretch_section&quot;:&quot;section-stretched&quot;}\">\n\t\t\t\t\t\t<div class=\"elementor-container elementor-column-gap-default\">\n\t\t\t\t\t<div class=\"elementor-column elementor-col-100 elementor-top-column elementor-element elementor-element-23b3004c\" data-id=\"23b3004c\" data-element_type=\"column\" data-e-type=\"column\">\n\t\t\t<div class=\"elementor-widget-wrap elementor-element-populated\">\n\t\t\t\t\t\t<div class=\"elementor-element elementor-element-6e3cb3e9 elementor-widget-divider--view-line elementor-widget elementor-widget-divider\" data-id=\"6e3cb3e9\" data-element_type=\"widget\" data-e-type=\"widget\" data-widget_type=\"divider.default\">\n\t\t\t\t<div class=\"elementor-widget-container\">\n\t\t\t\t\t\t\t<div class=\"elementor-divider\">\n\t\t\t<span class=\"elementor-divider-separator\">\n\t\t\t\t\t\t<\/span>\n\t\t<\/div>\n\t\t\t\t\t\t<\/div>\n\t\t\t\t<\/div>\n\t\t\t\t\t<\/div>\n\t\t<\/div>\n\t\t\t\t\t<\/div>\n\t\t<\/section>\n\t\t\t\t<section class=\"elementor-section elementor-top-section elementor-element elementor-element-5ba0af31 elementor-section-content-middle elementor-section-stretched elementor-section-boxed elementor-section-height-default elementor-section-height-default\" data-id=\"5ba0af31\" data-element_type=\"section\" data-e-type=\"section\" data-settings=\"{&quot;stretch_section&quot;:&quot;section-stretched&quot;}\">\n\t\t\t\t\t\t<div class=\"elementor-container elementor-column-gap-extended\">\n\t\t\t\t\t<div class=\"elementor-column elementor-col-50 elementor-top-column elementor-element elementor-element-26cf3acb\" data-id=\"26cf3acb\" data-element_type=\"column\" data-e-type=\"column\">\n\t\t\t<div class=\"elementor-widget-wrap elementor-element-populated\">\n\t\t\t\t\t\t<div class=\"elementor-element elementor-element-5e446dec elementor-widget elementor-widget-heading\" data-id=\"5e446dec\" data-element_type=\"widget\" data-e-type=\"widget\" data-widget_type=\"heading.default\">\n\t\t\t\t<div class=\"elementor-widget-container\">\n\t\t\t\t\t<h3 class=\"elementor-heading-title elementor-size-default\">Beispiel einer St\u00e4dtereise<\/h3>\t\t\t\t<\/div>\n\t\t\t\t<\/div>\n\t\t\t\t<div class=\"elementor-element elementor-element-547567de day-list elementor-widget elementor-widget-text-editor\" data-id=\"547567de\" data-element_type=\"widget\" data-e-type=\"widget\" data-widget_type=\"text-editor.default\">\n\t\t\t\t<div class=\"elementor-widget-container\">\n\t\t\t\t\t\t\t\t\t<h3>Tag 1<\/h3>\n<p>Besichtigung von Warschau mit einem lizenzierten Stadtf\u00fchrer &#8211; Schlossplatz, K\u00f6nigsschloss, Altmarkt Ring, Barbakan, Krakowskie Przedmie\u015bcie, Grab des Unbekannten Soldaten<\/p>\n<h3>Tag 2<\/h3>\n<p>Besichtigung von Warschau mit einem lizenzierten Stadtf\u00fchrer &#8211; Besuch der Residenz von Jan III. Sobieski in Wilan\u00f3w, Spaziergang durch die K\u00f6niglichen B\u00e4der, Eintritt auf die Aussichtsplattform im Palast der Kultur und Wissenschaft<\/p>\n<h3>Tag 3<\/h3>\n<p>Erg\u00e4nzung des Programms nach Wahl der Gruppe: zus\u00e4tzliche Besuche im Inneren der Anlagen, erweiterte Besichtigung von Warschau mit weiteren Stadtteilen und zus\u00e4tzlichen Attraktionen.<\/p>\n\t\t\t\t\t\t\t\t<\/div>\n\t\t\t\t<\/div>\n\t\t\t\t\t<\/div>\n\t\t<\/div>\n\t\t\t\t<div class=\"elementor-column elementor-col-50 elementor-top-column elementor-element elementor-element-150f5c81\" data-id=\"150f5c81\" data-element_type=\"column\" data-e-type=\"column\">\n\t\t\t<div class=\"elementor-widget-wrap elementor-element-populated\">\n\t\t\t\t\t\t<div class=\"elementor-element elementor-element-262fbc69 elementor-widget elementor-widget-image\" data-id=\"262fbc69\" data-element_type=\"widget\" data-e-type=\"widget\" data-widget_type=\"image.default\">\n\t\t\t\t<div class=\"elementor-widget-container\">\n\t\t\t\t\t\t\t\t\t\t\t\t\t\t\t<img decoding=\"async\" src=\"https:\/\/horizonagency.eu\/wp-content\/uploads\/elementor\/thumbs\/warsaw-img-02-r4e151fgsqaf5vje2w3u9gre6dzu1jtgx2t4b5kms8.jpg\" title=\"Warszawa &#8211; Plac Zamkowy\" alt=\"Warszawa - Plac Zamkowy\" loading=\"lazy\" \/>\t\t\t\t\t\t\t\t\t\t\t\t\t\t\t<\/div>\n\t\t\t\t<\/div>\n\t\t\t\t\t<\/div>\n\t\t<\/div>\n\t\t\t\t\t<\/div>\n\t\t<\/section>\n\t\t\t\t<section class=\"elementor-section elementor-top-section elementor-element elementor-element-19cb3c89 elementor-section-stretched elementor-section-boxed elementor-section-height-default elementor-section-height-default\" data-id=\"19cb3c89\" data-element_type=\"section\" data-e-type=\"section\" data-settings=\"{&quot;stretch_section&quot;:&quot;section-stretched&quot;}\">\n\t\t\t\t\t\t<div class=\"elementor-container elementor-column-gap-default\">\n\t\t\t\t\t<div class=\"elementor-column elementor-col-100 elementor-top-column elementor-element elementor-element-78e0f386\" data-id=\"78e0f386\" data-element_type=\"column\" data-e-type=\"column\">\n\t\t\t<div class=\"elementor-widget-wrap elementor-element-populated\">\n\t\t\t\t\t\t<div class=\"elementor-element elementor-element-6a405419 elementor-widget-divider--view-line elementor-widget elementor-widget-divider\" data-id=\"6a405419\" data-element_type=\"widget\" data-e-type=\"widget\" data-widget_type=\"divider.default\">\n\t\t\t\t<div class=\"elementor-widget-container\">\n\t\t\t\t\t\t\t<div class=\"elementor-divider\">\n\t\t\t<span class=\"elementor-divider-separator\">\n\t\t\t\t\t\t<\/span>\n\t\t<\/div>\n\t\t\t\t\t\t<\/div>\n\t\t\t\t<\/div>\n\t\t\t\t\t<\/div>\n\t\t<\/div>\n\t\t\t\t\t<\/div>\n\t\t<\/section>\n\t\t\t\t<section class=\"elementor-section elementor-top-section elementor-element elementor-element-51fd390 elementor-section-content-middle elementor-section-stretched elementor-section-boxed elementor-section-height-default elementor-section-height-default\" data-id=\"51fd390\" data-element_type=\"section\" data-e-type=\"section\" data-settings=\"{&quot;stretch_section&quot;:&quot;section-stretched&quot;}\">\n\t\t\t\t\t\t<div class=\"elementor-container elementor-column-gap-extended\">\n\t\t\t\t\t<div class=\"elementor-column elementor-col-50 elementor-top-column elementor-element elementor-element-f96c018\" data-id=\"f96c018\" data-element_type=\"column\" data-e-type=\"column\">\n\t\t\t<div class=\"elementor-widget-wrap elementor-element-populated\">\n\t\t\t\t\t\t<div class=\"elementor-element elementor-element-e5e8c80 elementor-widget elementor-widget-image\" data-id=\"e5e8c80\" data-element_type=\"widget\" data-e-type=\"widget\" data-widget_type=\"image.default\">\n\t\t\t\t<div class=\"elementor-widget-container\">\n\t\t\t\t\t\t\t\t\t\t\t\t\t\t\t<img decoding=\"async\" src=\"https:\/\/horizonagency.eu\/wp-content\/uploads\/elementor\/thumbs\/warsaw-img-03-scaled-r4e151fj8ftl03tzwhssway33j2hjebcw7hyj2y5ps.jpg\" title=\"Warszawa &#8211; Park \u0141azienkowski\" alt=\"Warszawa - Park \u0141azienkowski\" loading=\"lazy\" \/>\t\t\t\t\t\t\t\t\t\t\t\t\t\t\t<\/div>\n\t\t\t\t<\/div>\n\t\t\t\t<div class=\"elementor-element elementor-element-1a5b626 elementor-widget elementor-widget-image\" data-id=\"1a5b626\" data-element_type=\"widget\" data-e-type=\"widget\" data-widget_type=\"image.default\">\n\t\t\t\t<div class=\"elementor-widget-container\">\n\t\t\t\t\t\t\t\t\t\t\t\t\t\t\t<img decoding=\"async\" src=\"https:\/\/horizonagency.eu\/wp-content\/uploads\/elementor\/thumbs\/warsaw-img-04-r4e151fj8ftl03tzwhssway33j2hjebcw7hyj2y5ps.jpg\" title=\"Warszawa &#8211; panorama miasta\" alt=\"Warszawa - panorama miasta\" loading=\"lazy\" \/>\t\t\t\t\t\t\t\t\t\t\t\t\t\t\t<\/div>\n\t\t\t\t<\/div>\n\t\t\t\t\t<\/div>\n\t\t<\/div>\n\t\t\t\t<div class=\"elementor-column elementor-col-50 elementor-top-column elementor-element elementor-element-504578d\" data-id=\"504578d\" data-element_type=\"column\" data-e-type=\"column\">\n\t\t\t<div class=\"elementor-widget-wrap elementor-element-populated\">\n\t\t\t\t\t\t<div class=\"elementor-element elementor-element-5344932 elementor-widget elementor-widget-heading\" data-id=\"5344932\" data-element_type=\"widget\" data-e-type=\"widget\" data-widget_type=\"heading.default\">\n\t\t\t\t<div class=\"elementor-widget-container\">\n\t\t\t\t\t<h3 class=\"elementor-heading-title elementor-size-default\">Beispiel einer 5-Tage-Tour<\/h3>\t\t\t\t<\/div>\n\t\t\t\t<\/div>\n\t\t\t\t<div class=\"elementor-element elementor-element-69551ad day-list elementor-widget elementor-widget-text-editor\" data-id=\"69551ad\" data-element_type=\"widget\" data-e-type=\"widget\" data-widget_type=\"text-editor.default\">\n\t\t\t\t<div class=\"elementor-widget-container\">\n\t\t\t\t\t\t\t\t\t<h3>Tag 1<\/h3>\n<p>Besichtigung von Warschau mit einem lizenzierten Stadtf\u00fchrer &#8211; Schlossplatz, K\u00f6nigsschloss, Altmarkt Ring, Barbakan, Krakowskie Przedmie\u015bcie, Grab des Unbekannten Soldaten<\/p>\n<h3>Tag 2<\/h3>\n<p>Besichtigung von Warschau mit einem lizenzierten Stadtf\u00fchrer &#8211; Besuch der Residenz von Jan III. Sobieski in Wilan\u00f3w, Spaziergang durch die K\u00f6niglichen B\u00e4der, Eintritt auf die Aussichtsplattform im Palast der Kultur und Wissenschaft<\/p>\n<h3>Tag 3<\/h3>\n<p>Besichtigung von Warschau mit einem lizenzierten Stadtf\u00fchrer &#8211; Besuch der Residenz von Jan III. Sobieski in Wilan\u00f3w, Spaziergang durch die K\u00f6niglichen B\u00e4der, Eintritt auf die Aussichtsplattform im Palast der Kultur und Wissenschaft<\/p>\n<h3>Tag 4<\/h3>\n<p>Erholsamer Tag am Zegrze-Stausee &#8211; M\u00f6glichkeit zum Sonnenbaden, Windsurfen, Bootsfahrt, Besichtigung der Festung<\/p>\n<h3>Tag 5<\/h3>\n<p>Erg\u00e4nzung des Programms nach Wahl der Gruppe: zus\u00e4tzliche Besuche im Inneren der Anlagen, erweiterte Besichtigung von Warschau mit weiteren Stadtteilen und zus\u00e4tzlichen Attraktionen.<\/p>\n\t\t\t\t\t\t\t\t<\/div>\n\t\t\t\t<\/div>\n\t\t\t\t\t<\/div>\n\t\t<\/div>\n\t\t\t\t\t<\/div>\n\t\t<\/section>\n\t\t\t\t<\/div>\n\t\t","protected":false},"excerpt":{"rendered":"<p>Reiseb\u00fcro Horizon \u2013 Destination-Management Company Warschau Warschau ist die Hauptstadt Polens und befindet sich in der Mitte des Landes an der Weichsel. Es ist die gr\u00f6\u00dfte polnische Stadt sowohl in Bezug auf die Fl\u00e4che als auch auf die Einwohnerzahl. Sie ist der Sitz der h\u00f6chsten Beh\u00f6rden und der Schauplatz des politischen Lebens. Es gibt viele&hellip;<\/p>\n","protected":false},"author":1,"featured_media":0,"parent":0,"menu_order":0,"comment_status":"closed","ping_status":"closed","template":"elementor_header_footer","meta":{"footnotes":""},"class_list":["post-1603","page","type-page","status-publish","hentry"],"yoast_head":"<!-- This site is optimized with the Yoast SEO plugin v27.4 - https:\/\/yoast.com\/product\/yoast-seo-wordpress\/ -->\n<title>Warschau &#8211; Horizon Reiseb\u00fcro<\/title>\n<meta name=\"robots\" content=\"noindex, nofollow\" \/>\n<meta property=\"og:locale\" content=\"de_DE\" \/>\n<meta property=\"og:type\" content=\"article\" \/>\n<meta property=\"og:title\" content=\"Warschau &#8211; Horizon Reiseb\u00fcro\" \/>\n<meta property=\"og:description\" content=\"Reiseb\u00fcro Horizon \u2013 Destination-Management Company Warschau Warschau ist die Hauptstadt Polens und befindet sich in der Mitte des Landes an der Weichsel. Es ist die gr\u00f6\u00dfte polnische Stadt sowohl in Bezug auf die Fl\u00e4che als auch auf die Einwohnerzahl. Sie ist der Sitz der h\u00f6chsten Beh\u00f6rden und der Schauplatz des politischen Lebens. Es gibt viele&hellip;\" \/>\n<meta property=\"og:url\" content=\"https:\/\/horizonagency.eu\/de\/warschau\/\" \/>\n<meta property=\"og:site_name\" content=\"Horizon Reiseb\u00fcro\" \/>\n<meta property=\"article:modified_time\" content=\"2021-04-20T14:28:42+00:00\" \/>\n<meta property=\"og:image\" content=\"https:\/\/horizonagency.eu\/wp-content\/uploads\/elementor\/thumbs\/warsaw-img-01-p4436klc74hzyayjsrk68hl6ewcl0x6019yn1cbkdu.jpg\" \/>\n<meta name=\"twitter:card\" content=\"summary_large_image\" \/>\n<meta name=\"twitter:label1\" content=\"Gesch\u00e4tzte Lesezeit\" \/>\n\t<meta name=\"twitter:data1\" content=\"4\u00a0Minuten\" \/>\n<script type=\"application\/ld+json\" class=\"yoast-schema-graph\">{\"@context\":\"https:\\\/\\\/schema.org\",\"@graph\":[{\"@type\":\"WebPage\",\"@id\":\"https:\\\/\\\/horizonagency.eu\\\/de\\\/warschau\\\/\",\"url\":\"https:\\\/\\\/horizonagency.eu\\\/de\\\/warschau\\\/\",\"name\":\"Warschau &#8211; Horizon Reiseb\u00fcro\",\"isPartOf\":{\"@id\":\"https:\\\/\\\/horizonagency.eu\\\/#website\"},\"primaryImageOfPage\":{\"@id\":\"https:\\\/\\\/horizonagency.eu\\\/de\\\/warschau\\\/#primaryimage\"},\"image\":{\"@id\":\"https:\\\/\\\/horizonagency.eu\\\/de\\\/warschau\\\/#primaryimage\"},\"thumbnailUrl\":\"https:\\\/\\\/horizonagency.eu\\\/wp-content\\\/uploads\\\/elementor\\\/thumbs\\\/warsaw-img-01-p4436klc74hzyayjsrk68hl6ewcl0x6019yn1cbkdu.jpg\",\"datePublished\":\"2021-03-03T12:39:47+00:00\",\"dateModified\":\"2021-04-20T14:28:42+00:00\",\"breadcrumb\":{\"@id\":\"https:\\\/\\\/horizonagency.eu\\\/de\\\/warschau\\\/#breadcrumb\"},\"inLanguage\":\"de\",\"potentialAction\":[{\"@type\":\"ReadAction\",\"target\":[\"https:\\\/\\\/horizonagency.eu\\\/de\\\/warschau\\\/\"]}]},{\"@type\":\"ImageObject\",\"inLanguage\":\"de\",\"@id\":\"https:\\\/\\\/horizonagency.eu\\\/de\\\/warschau\\\/#primaryimage\",\"url\":\"https:\\\/\\\/horizonagency.eu\\\/wp-content\\\/uploads\\\/elementor\\\/thumbs\\\/warsaw-img-01-p4436klc74hzyayjsrk68hl6ewcl0x6019yn1cbkdu.jpg\",\"contentUrl\":\"https:\\\/\\\/horizonagency.eu\\\/wp-content\\\/uploads\\\/elementor\\\/thumbs\\\/warsaw-img-01-p4436klc74hzyayjsrk68hl6ewcl0x6019yn1cbkdu.jpg\"},{\"@type\":\"BreadcrumbList\",\"@id\":\"https:\\\/\\\/horizonagency.eu\\\/de\\\/warschau\\\/#breadcrumb\",\"itemListElement\":[{\"@type\":\"ListItem\",\"position\":1,\"name\":\"Strona g\u0142\u00f3wna\",\"item\":\"https:\\\/\\\/horizonagency.eu\\\/de\\\/startseite\\\/\"},{\"@type\":\"ListItem\",\"position\":2,\"name\":\"Warschau\"}]},{\"@type\":\"WebSite\",\"@id\":\"https:\\\/\\\/horizonagency.eu\\\/#website\",\"url\":\"https:\\\/\\\/horizonagency.eu\\\/\",\"name\":\"Horizon Reiseb\u00fcro\",\"description\":\"Wir sind Ihre lokalen Reiseexperten in Mitteleuropa\",\"publisher\":{\"@id\":\"https:\\\/\\\/horizonagency.eu\\\/#organization\"},\"potentialAction\":[{\"@type\":\"SearchAction\",\"target\":{\"@type\":\"EntryPoint\",\"urlTemplate\":\"https:\\\/\\\/horizonagency.eu\\\/?s={search_term_string}\"},\"query-input\":{\"@type\":\"PropertyValueSpecification\",\"valueRequired\":true,\"valueName\":\"search_term_string\"}}],\"inLanguage\":\"de\"},{\"@type\":\"Organization\",\"@id\":\"https:\\\/\\\/horizonagency.eu\\\/#organization\",\"name\":\"Horizon Reiseb\u00fcro\",\"url\":\"https:\\\/\\\/horizonagency.eu\\\/\",\"logo\":{\"@type\":\"ImageObject\",\"inLanguage\":\"de\",\"@id\":\"https:\\\/\\\/horizonagency.eu\\\/#\\\/schema\\\/logo\\\/image\\\/\",\"url\":\"https:\\\/\\\/horizonagency.eu\\\/wp-content\\\/uploads\\\/2021\\\/02\\\/logo-color-02.png\",\"contentUrl\":\"https:\\\/\\\/horizonagency.eu\\\/wp-content\\\/uploads\\\/2021\\\/02\\\/logo-color-02.png\",\"width\":140,\"height\":65,\"caption\":\"Horizon Reiseb\u00fcro\"},\"image\":{\"@id\":\"https:\\\/\\\/horizonagency.eu\\\/#\\\/schema\\\/logo\\\/image\\\/\"}}]}<\/script>\n<!-- \/ Yoast SEO plugin. -->","yoast_head_json":{"title":"Warschau &#8211; Horizon Reiseb\u00fcro","robots":{"index":"noindex","follow":"nofollow"},"og_locale":"de_DE","og_type":"article","og_title":"Warschau &#8211; Horizon Reiseb\u00fcro","og_description":"Reiseb\u00fcro Horizon \u2013 Destination-Management Company Warschau Warschau ist die Hauptstadt Polens und befindet sich in der Mitte des Landes an der Weichsel. Es ist die gr\u00f6\u00dfte polnische Stadt sowohl in Bezug auf die Fl\u00e4che als auch auf die Einwohnerzahl. Sie ist der Sitz der h\u00f6chsten Beh\u00f6rden und der Schauplatz des politischen Lebens. Es gibt viele&hellip;","og_url":"https:\/\/horizonagency.eu\/de\/warschau\/","og_site_name":"Horizon Reiseb\u00fcro","article_modified_time":"2021-04-20T14:28:42+00:00","og_image":[{"url":"https:\/\/horizonagency.eu\/wp-content\/uploads\/elementor\/thumbs\/warsaw-img-01-p4436klc74hzyayjsrk68hl6ewcl0x6019yn1cbkdu.jpg","type":"","width":"","height":""}],"twitter_card":"summary_large_image","twitter_misc":{"Gesch\u00e4tzte Lesezeit":"4\u00a0Minuten"},"schema":{"@context":"https:\/\/schema.org","@graph":[{"@type":"WebPage","@id":"https:\/\/horizonagency.eu\/de\/warschau\/","url":"https:\/\/horizonagency.eu\/de\/warschau\/","name":"Warschau &#8211; Horizon Reiseb\u00fcro","isPartOf":{"@id":"https:\/\/horizonagency.eu\/#website"},"primaryImageOfPage":{"@id":"https:\/\/horizonagency.eu\/de\/warschau\/#primaryimage"},"image":{"@id":"https:\/\/horizonagency.eu\/de\/warschau\/#primaryimage"},"thumbnailUrl":"https:\/\/horizonagency.eu\/wp-content\/uploads\/elementor\/thumbs\/warsaw-img-01-p4436klc74hzyayjsrk68hl6ewcl0x6019yn1cbkdu.jpg","datePublished":"2021-03-03T12:39:47+00:00","dateModified":"2021-04-20T14:28:42+00:00","breadcrumb":{"@id":"https:\/\/horizonagency.eu\/de\/warschau\/#breadcrumb"},"inLanguage":"de","potentialAction":[{"@type":"ReadAction","target":["https:\/\/horizonagency.eu\/de\/warschau\/"]}]},{"@type":"ImageObject","inLanguage":"de","@id":"https:\/\/horizonagency.eu\/de\/warschau\/#primaryimage","url":"https:\/\/horizonagency.eu\/wp-content\/uploads\/elementor\/thumbs\/warsaw-img-01-p4436klc74hzyayjsrk68hl6ewcl0x6019yn1cbkdu.jpg","contentUrl":"https:\/\/horizonagency.eu\/wp-content\/uploads\/elementor\/thumbs\/warsaw-img-01-p4436klc74hzyayjsrk68hl6ewcl0x6019yn1cbkdu.jpg"},{"@type":"BreadcrumbList","@id":"https:\/\/horizonagency.eu\/de\/warschau\/#breadcrumb","itemListElement":[{"@type":"ListItem","position":1,"name":"Strona g\u0142\u00f3wna","item":"https:\/\/horizonagency.eu\/de\/startseite\/"},{"@type":"ListItem","position":2,"name":"Warschau"}]},{"@type":"WebSite","@id":"https:\/\/horizonagency.eu\/#website","url":"https:\/\/horizonagency.eu\/","name":"Horizon Reiseb\u00fcro","description":"Wir sind Ihre lokalen Reiseexperten in Mitteleuropa","publisher":{"@id":"https:\/\/horizonagency.eu\/#organization"},"potentialAction":[{"@type":"SearchAction","target":{"@type":"EntryPoint","urlTemplate":"https:\/\/horizonagency.eu\/?s={search_term_string}"},"query-input":{"@type":"PropertyValueSpecification","valueRequired":true,"valueName":"search_term_string"}}],"inLanguage":"de"},{"@type":"Organization","@id":"https:\/\/horizonagency.eu\/#organization","name":"Horizon Reiseb\u00fcro","url":"https:\/\/horizonagency.eu\/","logo":{"@type":"ImageObject","inLanguage":"de","@id":"https:\/\/horizonagency.eu\/#\/schema\/logo\/image\/","url":"https:\/\/horizonagency.eu\/wp-content\/uploads\/2021\/02\/logo-color-02.png","contentUrl":"https:\/\/horizonagency.eu\/wp-content\/uploads\/2021\/02\/logo-color-02.png","width":140,"height":65,"caption":"Horizon Reiseb\u00fcro"},"image":{"@id":"https:\/\/horizonagency.eu\/#\/schema\/logo\/image\/"}}]}},"_links":{"self":[{"href":"https:\/\/horizonagency.eu\/de\/wp-json\/wp\/v2\/pages\/1603","targetHints":{"allow":["GET"]}}],"collection":[{"href":"https:\/\/horizonagency.eu\/de\/wp-json\/wp\/v2\/pages"}],"about":[{"href":"https:\/\/horizonagency.eu\/de\/wp-json\/wp\/v2\/types\/page"}],"author":[{"embeddable":true,"href":"https:\/\/horizonagency.eu\/de\/wp-json\/wp\/v2\/users\/1"}],"replies":[{"embeddable":true,"href":"https:\/\/horizonagency.eu\/de\/wp-json\/wp\/v2\/comments?post=1603"}],"version-history":[{"count":9,"href":"https:\/\/horizonagency.eu\/de\/wp-json\/wp\/v2\/pages\/1603\/revisions"}],"predecessor-version":[{"id":2066,"href":"https:\/\/horizonagency.eu\/de\/wp-json\/wp\/v2\/pages\/1603\/revisions\/2066"}],"wp:attachment":[{"href":"https:\/\/horizonagency.eu\/de\/wp-json\/wp\/v2\/media?parent=1603"}],"curies":[{"name":"wp","href":"https:\/\/api.w.org\/{rel}","templated":true}]}}