{"id":2190,"date":"2021-04-20T18:19:31","date_gmt":"2021-04-20T16:19:31","guid":{"rendered":"https:\/\/horizonagency.eu\/wien\/"},"modified":"2021-04-20T18:19:31","modified_gmt":"2021-04-20T16:19:31","slug":"wien","status":"publish","type":"page","link":"https:\/\/horizonagency.eu\/no\/wien\/","title":{"rendered":"Wien"},"content":{"rendered":"\t\t<div data-elementor-type=\"wp-page\" data-elementor-id=\"2190\" class=\"elementor elementor-2190 elementor-1115\" data-elementor-post-type=\"page\">\n\t\t\t\t\t\t<section class=\"elementor-section elementor-top-section elementor-element elementor-element-6f8514d1 elementor-section-stretched elementor-section-boxed elementor-section-height-default elementor-section-height-default\" data-id=\"6f8514d1\" data-element_type=\"section\" data-e-type=\"section\" data-settings=\"{&quot;stretch_section&quot;:&quot;section-stretched&quot;}\">\n\t\t\t\t\t\t<div class=\"elementor-container elementor-column-gap-default\">\n\t\t\t\t\t<div class=\"elementor-column elementor-col-100 elementor-top-column elementor-element elementor-element-298a547c\" data-id=\"298a547c\" data-element_type=\"column\" data-e-type=\"column\">\n\t\t\t<div class=\"elementor-widget-wrap elementor-element-populated\">\n\t\t\t\t\t\t<div class=\"elementor-element elementor-element-60653e40 elementor-widget elementor-widget-image\" data-id=\"60653e40\" data-element_type=\"widget\" data-e-type=\"widget\" data-widget_type=\"image.default\">\n\t\t\t\t<div class=\"elementor-widget-container\">\n\t\t\t\t\t\t\t\t\t\t\t\t\t\t\t<img decoding=\"async\" src=\"https:\/\/horizonagency.eu\/wp-content\/uploads\/elementor\/thumbs\/wien-img-01-r4e151fqjkgrwkqodix2e5070hn1ulqkm21z9qnnn4.jpg\" title=\"Wiede\u0144 &#8211; pa\u0142ac Belweder\" alt=\"Wiede\u0144 - pa\u0142ac Belweder\" loading=\"lazy\" \/>\t\t\t\t\t\t\t\t\t\t\t\t\t\t\t<\/div>\n\t\t\t\t<\/div>\n\t\t\t\t\t<\/div>\n\t\t<\/div>\n\t\t\t\t\t<\/div>\n\t\t<\/section>\n\t\t\t\t<section class=\"elementor-section elementor-top-section elementor-element elementor-element-184c3f78 elementor-section-stretched elementor-section-boxed elementor-section-height-default elementor-section-height-default\" data-id=\"184c3f78\" data-element_type=\"section\" data-e-type=\"section\" data-settings=\"{&quot;stretch_section&quot;:&quot;section-stretched&quot;}\">\n\t\t\t\t\t\t<div class=\"elementor-container elementor-column-gap-extended\">\n\t\t\t\t\t<div class=\"elementor-column elementor-col-100 elementor-top-column elementor-element elementor-element-62cfd80f\" data-id=\"62cfd80f\" data-element_type=\"column\" data-e-type=\"column\">\n\t\t\t<div class=\"elementor-widget-wrap elementor-element-populated\">\n\t\t\t\t\t\t<div class=\"elementor-element elementor-element-22740410 elementor-widget elementor-widget-heading\" data-id=\"22740410\" data-element_type=\"widget\" data-e-type=\"widget\" data-widget_type=\"heading.default\">\n\t\t\t\t<div class=\"elementor-widget-container\">\n\t\t\t\t\t<h3 class=\"elementor-heading-title elementor-size-default\">Destinasjonsledelsesselskap<\/h3>\t\t\t\t<\/div>\n\t\t\t\t<\/div>\n\t\t\t\t<div class=\"elementor-element elementor-element-950cf13 elementor-widget-divider--view-line elementor-widget elementor-widget-divider\" data-id=\"950cf13\" data-element_type=\"widget\" data-e-type=\"widget\" data-widget_type=\"divider.default\">\n\t\t\t\t<div class=\"elementor-widget-container\">\n\t\t\t\t\t\t\t<div class=\"elementor-divider\">\n\t\t\t<span class=\"elementor-divider-separator\">\n\t\t\t\t\t\t<\/span>\n\t\t<\/div>\n\t\t\t\t\t\t<\/div>\n\t\t\t\t<\/div>\n\t\t\t\t<div class=\"elementor-element elementor-element-6b1cf30f elementor-widget__width-initial elementor-widget-mobile__width-initial elementor-widget elementor-widget-text-editor\" data-id=\"6b1cf30f\" data-element_type=\"widget\" data-e-type=\"widget\" data-settings=\"{&quot;_animation&quot;:&quot;none&quot;}\" data-widget_type=\"text-editor.default\">\n\t\t\t\t<div class=\"elementor-widget-container\">\n\t\t\t\t\t\t\t\t\t<p>Wien <\/p>\n\t\t\t\t\t\t\t\t<\/div>\n\t\t\t\t<\/div>\n\t\t\t\t<div class=\"elementor-element elementor-element-983eef0 elementor-widget elementor-widget-text-editor\" data-id=\"983eef0\" data-element_type=\"widget\" data-e-type=\"widget\" data-widget_type=\"text-editor.default\">\n\t\t\t\t<div class=\"elementor-widget-container\">\n\t\t\t\t\t\t\t\t\t<p>Hovedstaden i \u00d8sterrike regnes som en av de vakreste byene i Europa. De fantastiske Habsburg-palassene og imponerende museene i byen suppleres med overveldende gr\u00f8nt. Byens beliggenhet p\u00e5 den vakre Donau gir sjarmen til byen. Og det som er enda bedre, ved hvert trinn kan du drikke utmerket wiensk kaffe eller spise en deilig Sacher-kake. Hvis du trenger en pause fra bes\u00f8ke, b\u00f8r du dra til Prater forn\u00f8yelsesparken.    <\/p>\n<p>De viktigste bygningene ligger i den s\u00e5kalte Wienerringen. Det er en bred alleen rundt sentrum av byen. Det er blant annet Hofburg-palasset, parlamentet og naturhistoriske og kunstmuseer som ser ut som tvillinger. Et annet fantastisk sted fra m\u00e5-se-listen er Sch\u00f6nbrunn-palasset &#8211; en Habsburg-residens fra 1600-tallet med en stor hage med labyrinter.   <\/p>\n<p>De wienske severdighetene er ogs\u00e5 Hundertwasserhaus og Musikkhuset. Den f\u00f8rste p\u00e5 grunn av formen, den andre p\u00e5 grunn av interi\u00f8ret. Hver av dem er verdt \u00e5 se.  <\/p>\n<p>Hvis turistgruppen har muligheten til \u00e5 utvide turen, anbefaler vi \u00e5 koble Wien-turen til Moravia &#8211; et vakkert omr\u00e5de fullt av fantastiske naturformasjoner, som huler og avgrunner, samt omfattende ving\u00e5rder og sjarmerende byer som Brno. <\/p>\n\t\t\t\t\t\t\t\t<\/div>\n\t\t\t\t<\/div>\n\t\t\t\t\t<\/div>\n\t\t<\/div>\n\t\t\t\t\t<\/div>\n\t\t<\/section>\n\t\t\t\t<section class=\"elementor-section elementor-top-section elementor-element elementor-element-5cf6bf1d elementor-section-stretched elementor-section-boxed elementor-section-height-default elementor-section-height-default\" data-id=\"5cf6bf1d\" data-element_type=\"section\" data-e-type=\"section\" data-settings=\"{&quot;stretch_section&quot;:&quot;section-stretched&quot;}\">\n\t\t\t\t\t\t<div class=\"elementor-container elementor-column-gap-default\">\n\t\t\t\t\t<div class=\"elementor-column elementor-col-100 elementor-top-column elementor-element elementor-element-362ba923\" data-id=\"362ba923\" data-element_type=\"column\" data-e-type=\"column\">\n\t\t\t<div class=\"elementor-widget-wrap elementor-element-populated\">\n\t\t\t\t\t\t<div class=\"elementor-element elementor-element-1cd6f90a elementor-widget-divider--view-line elementor-widget elementor-widget-divider\" data-id=\"1cd6f90a\" data-element_type=\"widget\" data-e-type=\"widget\" data-widget_type=\"divider.default\">\n\t\t\t\t<div class=\"elementor-widget-container\">\n\t\t\t\t\t\t\t<div class=\"elementor-divider\">\n\t\t\t<span class=\"elementor-divider-separator\">\n\t\t\t\t\t\t<\/span>\n\t\t<\/div>\n\t\t\t\t\t\t<\/div>\n\t\t\t\t<\/div>\n\t\t\t\t\t<\/div>\n\t\t<\/div>\n\t\t\t\t\t<\/div>\n\t\t<\/section>\n\t\t\t\t<section class=\"elementor-section elementor-top-section elementor-element elementor-element-1bc5d10 elementor-section-content-middle elementor-section-stretched elementor-section-boxed elementor-section-height-default elementor-section-height-default\" data-id=\"1bc5d10\" data-element_type=\"section\" data-e-type=\"section\" data-settings=\"{&quot;stretch_section&quot;:&quot;section-stretched&quot;}\">\n\t\t\t\t\t\t<div class=\"elementor-container elementor-column-gap-extended\">\n\t\t\t\t\t<div class=\"elementor-column elementor-col-50 elementor-top-column elementor-element elementor-element-7befa512\" data-id=\"7befa512\" data-element_type=\"column\" data-e-type=\"column\">\n\t\t\t<div class=\"elementor-widget-wrap elementor-element-populated\">\n\t\t\t\t\t\t<div class=\"elementor-element elementor-element-2615585b elementor-widget elementor-widget-heading\" data-id=\"2615585b\" data-element_type=\"widget\" data-e-type=\"widget\" data-widget_type=\"heading.default\">\n\t\t\t\t<div class=\"elementor-widget-container\">\n\t\t\t\t\t<h3 class=\"elementor-heading-title elementor-size-default\">eksempel p\u00e5 storbyferie i Wien<\/h3>\t\t\t\t<\/div>\n\t\t\t\t<\/div>\n\t\t\t\t<div class=\"elementor-element elementor-element-53e210e9 day-list elementor-widget elementor-widget-text-editor\" data-id=\"53e210e9\" data-element_type=\"widget\" data-e-type=\"widget\" data-widget_type=\"text-editor.default\">\n\t\t\t\t<div class=\"elementor-widget-container\">\n\t\t\t\t\t\t\t\t\t<h3>Dag 1<\/h3>\n<p>Bes\u00f8ke Wien med en lisensiert guide &#8211; Opera, Maria Theresa-plassen med tvillingmuseer, Hofburg, parlamentet, Stefansdomen og Hundertwasserhaus.<\/p>\n<h3>Dag 2<\/h3>\n<p>Bes\u00f8ke Wien med en lisensiert guide &#8211; en tur gjennom Belvedere-hagene, bes\u00f8ke Sch\u00f6nbrunn-palasset, fritid i Prater forn\u00f8yelsesparken.<\/p>\n<h3>Dag 3<\/h3>\n<p>Suppler programmet etter turistgruppens valg: ekstra bes\u00f8k til interi\u00f8ret i turistattraksjonene, utvidet bes\u00f8k i Wien med flere distrikter og flere attraksjoner.<\/p>\n\t\t\t\t\t\t\t\t<\/div>\n\t\t\t\t<\/div>\n\t\t\t\t\t<\/div>\n\t\t<\/div>\n\t\t\t\t<div class=\"elementor-column elementor-col-50 elementor-top-column elementor-element elementor-element-c08c0a\" data-id=\"c08c0a\" data-element_type=\"column\" data-e-type=\"column\">\n\t\t\t<div class=\"elementor-widget-wrap elementor-element-populated\">\n\t\t\t\t\t\t<div class=\"elementor-element elementor-element-93d5db6 elementor-widget elementor-widget-image\" data-id=\"93d5db6\" data-element_type=\"widget\" data-e-type=\"widget\" data-widget_type=\"image.default\">\n\t\t\t\t<div class=\"elementor-widget-container\">\n\t\t\t\t\t\t\t\t\t\t\t\t\t\t\t\t<a href=\"https:\/\/horizonagency.eu\/wp-content\/uploads\/2021\/03\/wien-img-02.jpg\" data-elementor-open-lightbox=\"yes\" data-elementor-lightbox-title=\"Wiede\u0144 - Hofburg\" data-e-action-hash=\"#elementor-action%3Aaction%3Dlightbox%26settings%3DeyJpZCI6MTczOCwidXJsIjoiaHR0cHM6XC9cL2hvcml6b25hZ2VuY3kuZXVcL3dwLWNvbnRlbnRcL3VwbG9hZHNcLzIwMjFcLzAzXC93aWVuLWltZy0wMi5qcGcifQ%3D%3D\">\n\t\t\t\t\t\t\t<img decoding=\"async\" src=\"https:\/\/horizonagency.eu\/wp-content\/uploads\/elementor\/thumbs\/wien-img-02-r4e151fgsqaf5vje2w3u9gre6dzu1jtgx2t4b5kms8.jpg\" title=\"Wiede\u0144 &#8211; Hofburg\" alt=\"Wiede\u0144 - Hofburg\" loading=\"lazy\" \/>\t\t\t\t\t\t\t\t<\/a>\n\t\t\t\t\t\t\t\t\t\t\t\t\t\t\t<\/div>\n\t\t\t\t<\/div>\n\t\t\t\t\t<\/div>\n\t\t<\/div>\n\t\t\t\t\t<\/div>\n\t\t<\/section>\n\t\t\t\t<section class=\"elementor-section elementor-top-section elementor-element elementor-element-7e007bef elementor-section-stretched elementor-section-boxed elementor-section-height-default elementor-section-height-default\" data-id=\"7e007bef\" data-element_type=\"section\" data-e-type=\"section\" data-settings=\"{&quot;stretch_section&quot;:&quot;section-stretched&quot;}\">\n\t\t\t\t\t\t<div class=\"elementor-container elementor-column-gap-default\">\n\t\t\t\t\t<div class=\"elementor-column elementor-col-100 elementor-top-column elementor-element elementor-element-2cd2dfb1\" data-id=\"2cd2dfb1\" data-element_type=\"column\" data-e-type=\"column\">\n\t\t\t<div class=\"elementor-widget-wrap elementor-element-populated\">\n\t\t\t\t\t\t<div class=\"elementor-element elementor-element-3a9a8052 elementor-widget-divider--view-line elementor-widget elementor-widget-divider\" data-id=\"3a9a8052\" data-element_type=\"widget\" data-e-type=\"widget\" data-widget_type=\"divider.default\">\n\t\t\t\t<div class=\"elementor-widget-container\">\n\t\t\t\t\t\t\t<div class=\"elementor-divider\">\n\t\t\t<span class=\"elementor-divider-separator\">\n\t\t\t\t\t\t<\/span>\n\t\t<\/div>\n\t\t\t\t\t\t<\/div>\n\t\t\t\t<\/div>\n\t\t\t\t\t<\/div>\n\t\t<\/div>\n\t\t\t\t\t<\/div>\n\t\t<\/section>\n\t\t\t\t<section class=\"elementor-section elementor-top-section elementor-element elementor-element-7f3c1df3 elementor-section-content-middle elementor-section-stretched elementor-section-boxed elementor-section-height-default elementor-section-height-default\" data-id=\"7f3c1df3\" data-element_type=\"section\" data-e-type=\"section\" data-settings=\"{&quot;stretch_section&quot;:&quot;section-stretched&quot;}\">\n\t\t\t\t\t\t<div class=\"elementor-container elementor-column-gap-extended\">\n\t\t\t\t\t<div class=\"elementor-column elementor-col-50 elementor-top-column elementor-element elementor-element-d879924\" data-id=\"d879924\" data-element_type=\"column\" data-e-type=\"column\">\n\t\t\t<div class=\"elementor-widget-wrap elementor-element-populated\">\n\t\t\t\t\t\t<div class=\"elementor-element elementor-element-ef1b7cb elementor-widget elementor-widget-image\" data-id=\"ef1b7cb\" data-element_type=\"widget\" data-e-type=\"widget\" data-widget_type=\"image.default\">\n\t\t\t\t<div class=\"elementor-widget-container\">\n\t\t\t\t\t\t\t\t\t\t\t\t\t\t\t\t<a href=\"https:\/\/horizonagency.eu\/wp-content\/uploads\/2021\/03\/wien-img-03.jpg\" data-elementor-open-lightbox=\"yes\" data-elementor-lightbox-title=\"Wiede\u0144 - ko\u015bci\u00f3\u0142 \u015bw. Karola\" data-e-action-hash=\"#elementor-action%3Aaction%3Dlightbox%26settings%3DeyJpZCI6MTc0MSwidXJsIjoiaHR0cHM6XC9cL2hvcml6b25hZ2VuY3kuZXVcL3dwLWNvbnRlbnRcL3VwbG9hZHNcLzIwMjFcLzAzXC93aWVuLWltZy0wMy5qcGcifQ%3D%3D\">\n\t\t\t\t\t\t\t<img decoding=\"async\" src=\"https:\/\/horizonagency.eu\/wp-content\/uploads\/elementor\/thumbs\/wien-img-03-r4e151fgsq8ps3ij2o2go59d0un87vvx4mbm89zpnk.jpg\" title=\"Wiede\u0144 &#8211; ko\u015bci\u00f3\u0142 \u015bw. Karola\" alt=\"Wiede\u0144 - ko\u015bci\u00f3\u0142 \u015bw. Karola\" loading=\"lazy\" \/>\t\t\t\t\t\t\t\t<\/a>\n\t\t\t\t\t\t\t\t\t\t\t\t\t\t\t<\/div>\n\t\t\t\t<\/div>\n\t\t\t\t<div class=\"elementor-element elementor-element-f5da0bb elementor-widget elementor-widget-image\" data-id=\"f5da0bb\" data-element_type=\"widget\" data-e-type=\"widget\" data-widget_type=\"image.default\">\n\t\t\t\t<div class=\"elementor-widget-container\">\n\t\t\t\t\t\t\t\t\t\t\t\t\t\t\t\t<a href=\"https:\/\/horizonagency.eu\/wp-content\/uploads\/2021\/03\/wien-img-04.jpg\" data-elementor-open-lightbox=\"yes\" data-elementor-lightbox-title=\"Przepa\u015b\u0107 Macocha\" data-e-action-hash=\"#elementor-action%3Aaction%3Dlightbox%26settings%3DeyJpZCI6MTc0NCwidXJsIjoiaHR0cHM6XC9cL2hvcml6b25hZ2VuY3kuZXVcL3dwLWNvbnRlbnRcL3VwbG9hZHNcLzIwMjFcLzAzXC93aWVuLWltZy0wNC5qcGcifQ%3D%3D\">\n\t\t\t\t\t\t\t<img decoding=\"async\" src=\"https:\/\/horizonagency.eu\/wp-content\/uploads\/elementor\/thumbs\/wien-img-04-r4e151fj8fsg2x5f8cfvu3a2bu62zmczp8iah5w7mo.jpg\" title=\"Przepa\u015b\u0107 Macocha\" alt=\"Przepa\u015b\u0107 Macocha\" loading=\"lazy\" \/>\t\t\t\t\t\t\t\t<\/a>\n\t\t\t\t\t\t\t\t\t\t\t\t\t\t\t<\/div>\n\t\t\t\t<\/div>\n\t\t\t\t<div class=\"elementor-element elementor-element-d978951 elementor-widget elementor-widget-image\" data-id=\"d978951\" data-element_type=\"widget\" data-e-type=\"widget\" data-widget_type=\"image.default\">\n\t\t\t\t<div class=\"elementor-widget-container\">\n\t\t\t\t\t\t\t\t\t\t\t\t\t\t\t\t<a href=\"https:\/\/horizonagency.eu\/wp-content\/uploads\/2021\/03\/wien-img-05.jpg\" data-elementor-open-lightbox=\"yes\" data-elementor-lightbox-title=\"Wiede\u0144 - pa\u0142ac Sch\u00f6nbrunn\" data-e-action-hash=\"#elementor-action%3Aaction%3Dlightbox%26settings%3DeyJpZCI6MTc0NywidXJsIjoiaHR0cHM6XC9cL2hvcml6b25hZ2VuY3kuZXVcL3dwLWNvbnRlbnRcL3VwbG9hZHNcLzIwMjFcLzAzXC93aWVuLWltZy0wNS5qcGcifQ%3D%3D\">\n\t\t\t\t\t\t\t<img decoding=\"async\" src=\"https:\/\/horizonagency.eu\/wp-content\/uploads\/elementor\/thumbs\/wien-img-05-r4e151fj8fsg2x5f8cfvu3a2bu62zmczp8iah5w7mo.jpg\" title=\"Wiede\u0144 &#8211; pa\u0142ac Sch\u00f6nbrunn\" alt=\"Wiede\u0144 - pa\u0142ac Sch\u00f6nbrunn\" loading=\"lazy\" \/>\t\t\t\t\t\t\t\t<\/a>\n\t\t\t\t\t\t\t\t\t\t\t\t\t\t\t<\/div>\n\t\t\t\t<\/div>\n\t\t\t\t\t<\/div>\n\t\t<\/div>\n\t\t\t\t<div class=\"elementor-column elementor-col-50 elementor-top-column elementor-element elementor-element-3b27886e\" data-id=\"3b27886e\" data-element_type=\"column\" data-e-type=\"column\">\n\t\t\t<div class=\"elementor-widget-wrap elementor-element-populated\">\n\t\t\t\t\t\t<div class=\"elementor-element elementor-element-2d2f65c2 elementor-widget elementor-widget-heading\" data-id=\"2d2f65c2\" data-element_type=\"widget\" data-e-type=\"widget\" data-widget_type=\"heading.default\">\n\t\t\t\t<div class=\"elementor-widget-container\">\n\t\t\t\t\t<h3 class=\"elementor-heading-title elementor-size-default\">EKSEMPEL P\u00c5 7-DAGERS TUR<\/h3>\t\t\t\t<\/div>\n\t\t\t\t<\/div>\n\t\t\t\t<div class=\"elementor-element elementor-element-1b51a29f day-list elementor-widget elementor-widget-text-editor\" data-id=\"1b51a29f\" data-element_type=\"widget\" data-e-type=\"widget\" data-widget_type=\"text-editor.default\">\n\t\t\t\t<div class=\"elementor-widget-container\">\n\t\t\t\t\t\t\t\t\t<h3>Dag 1<\/h3>\n<p>Bes\u00f8ke Praha med en lisensiert guide: Hrad\u010dany, Mala Strana, Kloster i Strachov og Karlsbroen.<\/p>\n<h3>Dag 2<\/h3>\n<p>Bes\u00f8ke Praha med en lisensiert guide &#8211; Det gamle torget med den astronomiske klokken, Vaclavplassen og det j\u00f8diske kvarteret.<\/p>\n<h3>Dag 3<\/h3>\n<p>G\u00e5 rundt Kutn\u00e1 Hora, bes\u00f8k det underjordiske s\u00f8lvmuseet.<\/p>\n<p>Bes\u00f8k til ving\u00e5rden.<\/p>\n<h3>Dag 4<\/h3>\n<p>Bes\u00f8k Brno og Punkva-hulen &#8211; en stor hule med stup og en underjordisk elv.<\/p>\n<h3>Dag 5<\/h3>\n<p>Bes\u00f8ke Wien med en lisensiert guide &#8211; Opera, Maria Theresa-plassen med tvillingmuseer, Hofburg, parlamentet, Stefansdomen og Hundertwasserhaus.<\/p>\n<h3>Dag 6<\/h3>\n<p>Bes\u00f8ke Wien med en lisensiert guide &#8211; en tur gjennom Belvedere-hagene, bes\u00f8ke Sch\u00f6nbrunn-palasset, fritid i Prater forn\u00f8yelsesparken.<\/p>\n<h3>Dag 7<\/h3>\n<p>Suppler programmet etter turistgruppens valg: ekstra bes\u00f8k til interi\u00f8ret i turistattraksjonene, utvidet bes\u00f8k i Wien med flere distrikter og flere attraksjoner. (Praha, M\u00e4hren, Valtice-Lednice, Bratislava)<\/p>\n\t\t\t\t\t\t\t\t<\/div>\n\t\t\t\t<\/div>\n\t\t\t\t\t<\/div>\n\t\t<\/div>\n\t\t\t\t\t<\/div>\n\t\t<\/section>\n\t\t\t\t<\/div>\n\t\t","protected":false},"excerpt":{"rendered":"<p>Destination Management Company Vienna The capital of Austria is considered to be one of the most beautiful cities in Europe. The magnificent Habsburg palaces and impressive museums in the urban space are complemented by overwhelming greenery. The city&#8217;s location on the beautiful Danube adds charm to the city. And, what is even more better, at&hellip;<\/p>\n","protected":false},"author":1,"featured_media":0,"parent":0,"menu_order":0,"comment_status":"closed","ping_status":"closed","template":"elementor_header_footer","meta":{"footnotes":""},"class_list":["post-2190","page","type-page","status-publish","hentry"],"yoast_head":"<!-- This site is optimized with the Yoast SEO plugin v27.4 - https:\/\/yoast.com\/product\/yoast-seo-wordpress\/ -->\n<title>Wien &#8211; Horizon Reisebyr\u00e5<\/title>\n<meta name=\"robots\" content=\"noindex, nofollow\" \/>\n<meta property=\"og:locale\" content=\"nb_NO\" \/>\n<meta property=\"og:type\" content=\"article\" \/>\n<meta property=\"og:title\" content=\"Wien &#8211; Horizon Reisebyr\u00e5\" \/>\n<meta property=\"og:description\" content=\"Destination Management Company Vienna The capital of Austria is considered to be one of the most beautiful cities in Europe. The magnificent Habsburg palaces and impressive museums in the urban space are complemented by overwhelming greenery. The city&#8217;s location on the beautiful Danube adds charm to the city. And, what is even more better, at&hellip;\" \/>\n<meta property=\"og:url\" content=\"https:\/\/horizonagency.eu\/no\/wien\/\" \/>\n<meta property=\"og:site_name\" content=\"Horizon Reisebyr\u00e5\" \/>\n<meta property=\"og:image\" content=\"https:\/\/horizonagency.eu\/wp-content\/uploads\/elementor\/thumbs\/wien-img-01-p45jyir8gjdxfd6efj1jojjso1qqo2tyx5fvj58z8w.jpg\" \/>\n<meta name=\"twitter:card\" content=\"summary_large_image\" \/>\n<meta name=\"twitter:label1\" content=\"Ansl. lesetid\" \/>\n\t<meta name=\"twitter:data1\" content=\"2 minutter\" \/>\n<script type=\"application\/ld+json\" class=\"yoast-schema-graph\">{\"@context\":\"https:\\\/\\\/schema.org\",\"@graph\":[{\"@type\":\"WebPage\",\"@id\":\"https:\\\/\\\/horizonagency.eu\\\/no\\\/wien\\\/\",\"url\":\"https:\\\/\\\/horizonagency.eu\\\/no\\\/wien\\\/\",\"name\":\"Wien &#8211; Horizon Reisebyr\u00e5\",\"isPartOf\":{\"@id\":\"https:\\\/\\\/horizonagency.eu\\\/#website\"},\"primaryImageOfPage\":{\"@id\":\"https:\\\/\\\/horizonagency.eu\\\/no\\\/wien\\\/#primaryimage\"},\"image\":{\"@id\":\"https:\\\/\\\/horizonagency.eu\\\/no\\\/wien\\\/#primaryimage\"},\"thumbnailUrl\":\"https:\\\/\\\/horizonagency.eu\\\/wp-content\\\/uploads\\\/elementor\\\/thumbs\\\/wien-img-01-p45jyir8gjdxfd6efj1jojjso1qqo2tyx5fvj58z8w.jpg\",\"datePublished\":\"2021-04-20T16:19:31+00:00\",\"breadcrumb\":{\"@id\":\"https:\\\/\\\/horizonagency.eu\\\/no\\\/wien\\\/#breadcrumb\"},\"inLanguage\":\"nb-NO\",\"potentialAction\":[{\"@type\":\"ReadAction\",\"target\":[\"https:\\\/\\\/horizonagency.eu\\\/no\\\/wien\\\/\"]}]},{\"@type\":\"ImageObject\",\"inLanguage\":\"nb-NO\",\"@id\":\"https:\\\/\\\/horizonagency.eu\\\/no\\\/wien\\\/#primaryimage\",\"url\":\"https:\\\/\\\/horizonagency.eu\\\/wp-content\\\/uploads\\\/elementor\\\/thumbs\\\/wien-img-01-p45jyir8gjdxfd6efj1jojjso1qqo2tyx5fvj58z8w.jpg\",\"contentUrl\":\"https:\\\/\\\/horizonagency.eu\\\/wp-content\\\/uploads\\\/elementor\\\/thumbs\\\/wien-img-01-p45jyir8gjdxfd6efj1jojjso1qqo2tyx5fvj58z8w.jpg\"},{\"@type\":\"BreadcrumbList\",\"@id\":\"https:\\\/\\\/horizonagency.eu\\\/no\\\/wien\\\/#breadcrumb\",\"itemListElement\":[{\"@type\":\"ListItem\",\"position\":1,\"name\":\"Strona g\u0142\u00f3wna\",\"item\":\"https:\\\/\\\/horizonagency.eu\\\/no\\\/hjemmesiden\\\/\"},{\"@type\":\"ListItem\",\"position\":2,\"name\":\"Wien\"}]},{\"@type\":\"WebSite\",\"@id\":\"https:\\\/\\\/horizonagency.eu\\\/#website\",\"url\":\"https:\\\/\\\/horizonagency.eu\\\/\",\"name\":\"Horizon Reisebyr\u00e5\",\"description\":\"Vi er dine lokale reiseeksperter i Sentral-Europa\",\"publisher\":{\"@id\":\"https:\\\/\\\/horizonagency.eu\\\/#organization\"},\"potentialAction\":[{\"@type\":\"SearchAction\",\"target\":{\"@type\":\"EntryPoint\",\"urlTemplate\":\"https:\\\/\\\/horizonagency.eu\\\/?s={search_term_string}\"},\"query-input\":{\"@type\":\"PropertyValueSpecification\",\"valueRequired\":true,\"valueName\":\"search_term_string\"}}],\"inLanguage\":\"nb-NO\"},{\"@type\":\"Organization\",\"@id\":\"https:\\\/\\\/horizonagency.eu\\\/#organization\",\"name\":\"Horizon Reisebyr\u00e5\",\"url\":\"https:\\\/\\\/horizonagency.eu\\\/\",\"logo\":{\"@type\":\"ImageObject\",\"inLanguage\":\"nb-NO\",\"@id\":\"https:\\\/\\\/horizonagency.eu\\\/#\\\/schema\\\/logo\\\/image\\\/\",\"url\":\"https:\\\/\\\/horizonagency.eu\\\/wp-content\\\/uploads\\\/2021\\\/02\\\/logo-color-02.png\",\"contentUrl\":\"https:\\\/\\\/horizonagency.eu\\\/wp-content\\\/uploads\\\/2021\\\/02\\\/logo-color-02.png\",\"width\":140,\"height\":65,\"caption\":\"Horizon Reisebyr\u00e5\"},\"image\":{\"@id\":\"https:\\\/\\\/horizonagency.eu\\\/#\\\/schema\\\/logo\\\/image\\\/\"}}]}<\/script>\n<!-- \/ Yoast SEO plugin. -->","yoast_head_json":{"title":"Wien &#8211; Horizon Reisebyr\u00e5","robots":{"index":"noindex","follow":"nofollow"},"og_locale":"nb_NO","og_type":"article","og_title":"Wien &#8211; Horizon Reisebyr\u00e5","og_description":"Destination Management Company Vienna The capital of Austria is considered to be one of the most beautiful cities in Europe. The magnificent Habsburg palaces and impressive museums in the urban space are complemented by overwhelming greenery. The city&#8217;s location on the beautiful Danube adds charm to the city. And, what is even more better, at&hellip;","og_url":"https:\/\/horizonagency.eu\/no\/wien\/","og_site_name":"Horizon Reisebyr\u00e5","og_image":[{"url":"https:\/\/horizonagency.eu\/wp-content\/uploads\/elementor\/thumbs\/wien-img-01-p45jyir8gjdxfd6efj1jojjso1qqo2tyx5fvj58z8w.jpg","type":"","width":"","height":""}],"twitter_card":"summary_large_image","twitter_misc":{"Ansl. lesetid":"2 minutter"},"schema":{"@context":"https:\/\/schema.org","@graph":[{"@type":"WebPage","@id":"https:\/\/horizonagency.eu\/no\/wien\/","url":"https:\/\/horizonagency.eu\/no\/wien\/","name":"Wien &#8211; Horizon Reisebyr\u00e5","isPartOf":{"@id":"https:\/\/horizonagency.eu\/#website"},"primaryImageOfPage":{"@id":"https:\/\/horizonagency.eu\/no\/wien\/#primaryimage"},"image":{"@id":"https:\/\/horizonagency.eu\/no\/wien\/#primaryimage"},"thumbnailUrl":"https:\/\/horizonagency.eu\/wp-content\/uploads\/elementor\/thumbs\/wien-img-01-p45jyir8gjdxfd6efj1jojjso1qqo2tyx5fvj58z8w.jpg","datePublished":"2021-04-20T16:19:31+00:00","breadcrumb":{"@id":"https:\/\/horizonagency.eu\/no\/wien\/#breadcrumb"},"inLanguage":"nb-NO","potentialAction":[{"@type":"ReadAction","target":["https:\/\/horizonagency.eu\/no\/wien\/"]}]},{"@type":"ImageObject","inLanguage":"nb-NO","@id":"https:\/\/horizonagency.eu\/no\/wien\/#primaryimage","url":"https:\/\/horizonagency.eu\/wp-content\/uploads\/elementor\/thumbs\/wien-img-01-p45jyir8gjdxfd6efj1jojjso1qqo2tyx5fvj58z8w.jpg","contentUrl":"https:\/\/horizonagency.eu\/wp-content\/uploads\/elementor\/thumbs\/wien-img-01-p45jyir8gjdxfd6efj1jojjso1qqo2tyx5fvj58z8w.jpg"},{"@type":"BreadcrumbList","@id":"https:\/\/horizonagency.eu\/no\/wien\/#breadcrumb","itemListElement":[{"@type":"ListItem","position":1,"name":"Strona g\u0142\u00f3wna","item":"https:\/\/horizonagency.eu\/no\/hjemmesiden\/"},{"@type":"ListItem","position":2,"name":"Wien"}]},{"@type":"WebSite","@id":"https:\/\/horizonagency.eu\/#website","url":"https:\/\/horizonagency.eu\/","name":"Horizon Reisebyr\u00e5","description":"Vi er dine lokale reiseeksperter i Sentral-Europa","publisher":{"@id":"https:\/\/horizonagency.eu\/#organization"},"potentialAction":[{"@type":"SearchAction","target":{"@type":"EntryPoint","urlTemplate":"https:\/\/horizonagency.eu\/?s={search_term_string}"},"query-input":{"@type":"PropertyValueSpecification","valueRequired":true,"valueName":"search_term_string"}}],"inLanguage":"nb-NO"},{"@type":"Organization","@id":"https:\/\/horizonagency.eu\/#organization","name":"Horizon Reisebyr\u00e5","url":"https:\/\/horizonagency.eu\/","logo":{"@type":"ImageObject","inLanguage":"nb-NO","@id":"https:\/\/horizonagency.eu\/#\/schema\/logo\/image\/","url":"https:\/\/horizonagency.eu\/wp-content\/uploads\/2021\/02\/logo-color-02.png","contentUrl":"https:\/\/horizonagency.eu\/wp-content\/uploads\/2021\/02\/logo-color-02.png","width":140,"height":65,"caption":"Horizon Reisebyr\u00e5"},"image":{"@id":"https:\/\/horizonagency.eu\/#\/schema\/logo\/image\/"}}]}},"_links":{"self":[{"href":"https:\/\/horizonagency.eu\/no\/wp-json\/wp\/v2\/pages\/2190","targetHints":{"allow":["GET"]}}],"collection":[{"href":"https:\/\/horizonagency.eu\/no\/wp-json\/wp\/v2\/pages"}],"about":[{"href":"https:\/\/horizonagency.eu\/no\/wp-json\/wp\/v2\/types\/page"}],"author":[{"embeddable":true,"href":"https:\/\/horizonagency.eu\/no\/wp-json\/wp\/v2\/users\/1"}],"replies":[{"embeddable":true,"href":"https:\/\/horizonagency.eu\/no\/wp-json\/wp\/v2\/comments?post=2190"}],"version-history":[{"count":2,"href":"https:\/\/horizonagency.eu\/no\/wp-json\/wp\/v2\/pages\/2190\/revisions"}],"predecessor-version":[{"id":2192,"href":"https:\/\/horizonagency.eu\/no\/wp-json\/wp\/v2\/pages\/2190\/revisions\/2192"}],"wp:attachment":[{"href":"https:\/\/horizonagency.eu\/no\/wp-json\/wp\/v2\/media?parent=2190"}],"curies":[{"name":"wp","href":"https:\/\/api.w.org\/{rel}","templated":true}]}}