{"id":2367,"date":"2021-05-19T15:18:06","date_gmt":"2021-05-19T13:18:06","guid":{"rendered":"https:\/\/horizonagency.eu\/%e8%81%94%e7%b3%bb%e6%96%b9%e5%bc%8f\/"},"modified":"2021-05-19T15:18:07","modified_gmt":"2021-05-19T13:18:07","slug":"%e8%81%94%e7%b3%bb%e6%96%b9%e5%bc%8f","status":"publish","type":"page","link":"https:\/\/horizonagency.eu\/zh-hant\/%e8%81%94%e7%b3%bb%e6%96%b9%e5%bc%8f\/","title":{"rendered":"\u8054\u7cfb\u65b9\u5f0f"},"content":{"rendered":"\t\t<div data-elementor-type=\"wp-page\" data-elementor-id=\"2367\" class=\"elementor elementor-2367 elementor-34\" data-elementor-post-type=\"page\">\n\t\t\t\t\t\t<section class=\"elementor-section elementor-top-section elementor-element elementor-element-501e0fac elementor-section-stretched elementor-section-content-middle elementor-section-boxed elementor-section-height-default elementor-section-height-default\" data-id=\"501e0fac\" data-element_type=\"section\" data-e-type=\"section\" data-settings=\"{&quot;stretch_section&quot;:&quot;section-stretched&quot;}\">\n\t\t\t\t\t\t<div class=\"elementor-container elementor-column-gap-extended\">\n\t\t\t\t\t<div class=\"elementor-column elementor-col-50 elementor-top-column elementor-element elementor-element-1611d103\" data-id=\"1611d103\" data-element_type=\"column\" data-e-type=\"column\">\n\t\t\t<div class=\"elementor-widget-wrap elementor-element-populated\">\n\t\t\t\t\t\t<div class=\"elementor-element elementor-element-575c65ac elementor-widget elementor-widget-heading\" data-id=\"575c65ac\" data-element_type=\"widget\" data-e-type=\"widget\" data-widget_type=\"heading.default\">\n\t\t\t\t<div class=\"elementor-widget-container\">\n\t\t\t\t\t<h3 class=\"elementor-heading-title elementor-size-default\">\u4fdd\u6301\u8054\u7cfb<\/h3>\t\t\t\t<\/div>\n\t\t\t\t<\/div>\n\t\t\t\t<div class=\"elementor-element elementor-element-5ccac69 elementor-widget-divider--view-line elementor-widget elementor-widget-divider\" data-id=\"5ccac69\" data-element_type=\"widget\" data-e-type=\"widget\" data-widget_type=\"divider.default\">\n\t\t\t\t<div class=\"elementor-widget-container\">\n\t\t\t\t\t\t\t<div class=\"elementor-divider\">\n\t\t\t<span class=\"elementor-divider-separator\">\n\t\t\t\t\t\t<\/span>\n\t\t<\/div>\n\t\t\t\t\t\t<\/div>\n\t\t\t\t<\/div>\n\t\t\t\t<div class=\"elementor-element elementor-element-38d00dda elementor-widget__width-initial elementor-widget-mobile__width-initial elementor-widget elementor-widget-text-editor\" data-id=\"38d00dda\" data-element_type=\"widget\" data-e-type=\"widget\" data-settings=\"{&quot;_animation&quot;:&quot;none&quot;}\" data-widget_type=\"text-editor.default\">\n\t\t\t\t<div class=\"elementor-widget-container\">\n\t\t\t\t\t\t\t\t\t<p>\u8054\u7cfb\u65b9\u5f0f<\/p>\n\t\t\t\t\t\t\t\t<\/div>\n\t\t\t\t<\/div>\n\t\t\t\t<div class=\"elementor-element elementor-element-431d6ab elementor-widget elementor-widget-text-editor\" data-id=\"431d6ab\" data-element_type=\"widget\" data-e-type=\"widget\" data-widget_type=\"text-editor.default\">\n\t\t\t\t<div class=\"elementor-widget-container\">\n\t\t\t\t\t\t\t\t\t<p>\u4f5c\u4e3a\u7ecf\u9a8c\u4e30\u5bcc\u7684\u5165\u5883\u65c5\u884c\u793e\uff0c\u6211\u4eec\u6bcf\u5929\u90fd\u4f1a\u4e3a\u8bb8\u591a\u4eba\u63d0\u4f9b\u6709\u5173\u5982\u4f55\u51c6\u5907\u6210\u529f\u7684\u56e2\u4f53\u65c5\u884c\uff0c\u5956\u52b1\u65c5\u884c\u6216\u8c6a\u534e\u65c5\u884c\u7684\u5efa\u8bae\u3002\u5982\u679c\u60a8\u60f3\u4e0e\u4e13\u95e8\u7ec4\u7ec7\u81ea\u5b9a\u4e49\u6e38\u89c8\u7684\u4eba\u8054\u7cfb\uff0c\u8bf7\u81f4\u7535\u6211\u4eec\uff1b\u5982\u679c\u60a8\u60f3\u8868\u8fbe\u60a8\u7684\u671f\u671b\uff0c\u8bf7\u7ed9\u6211\u4eec\u5199\u7535\u5b50\u90ae\u4ef6\u3002 \u6211\u4eec\u5c06\u7ed3\u8bc6\u4ed6\u4eec\uff0c\u5e76\u518d\u6b21\u81f4\u7535\u4ee5\u8ba8\u8bba\u8be6\u7ec6\u4fe1\u606f\u3002  <\/p>\n\t\t\t\t\t\t\t\t<\/div>\n\t\t\t\t<\/div>\n\t\t\t\t<div class=\"elementor-element elementor-element-2c7ffb9 elementor-icon-list--layout-traditional elementor-list-item-link-full_width elementor-widget elementor-widget-icon-list\" data-id=\"2c7ffb9\" data-element_type=\"widget\" data-e-type=\"widget\" data-widget_type=\"icon-list.default\">\n\t\t\t\t<div class=\"elementor-widget-container\">\n\t\t\t\t\t\t\t<ul class=\"elementor-icon-list-items\">\n\t\t\t\t\t\t\t<li class=\"elementor-icon-list-item\">\n\t\t\t\t\t\t\t\t\t\t\t<span class=\"elementor-icon-list-icon\">\n\t\t\t\t\t\t\t<i aria-hidden=\"true\" class=\" icomoon-the7-font-the7-map-05\"><\/i>\t\t\t\t\t\t<\/span>\n\t\t\t\t\t\t\t\t\t\t<span class=\"elementor-icon-list-text\">\u5730\u5e73\u7ebf\u65c5\u884c\u793e <br> \u5730\u5740\uff1aUl. Powsta\u0144c\u00f3w \u015bl\u0105skich 116 53-333, Wroc\u0142aw, Poland <\/span>\n\t\t\t\t\t\t\t\t\t<\/li>\n\t\t\t\t\t\t\t\t<li class=\"elementor-icon-list-item\">\n\t\t\t\t\t\t\t\t\t\t\t<a href=\"tel:+48%2071%20367%2008%2092\">\n\n\t\t\t\t\t\t\t\t\t\t\t\t<span class=\"elementor-icon-list-icon\">\n\t\t\t\t\t\t\t<i aria-hidden=\"true\" class=\" icomoon-the7-font-the7-phone-051\"><\/i>\t\t\t\t\t\t<\/span>\n\t\t\t\t\t\t\t\t\t\t<span class=\"elementor-icon-list-text\">\u7535\u8bdd\uff1a0048 71 367 08 92<\/span>\n\t\t\t\t\t\t\t\t\t\t\t<\/a>\n\t\t\t\t\t\t\t\t\t<\/li>\n\t\t\t\t\t\t\t\t<li class=\"elementor-icon-list-item\">\n\t\t\t\t\t\t\t\t\t\t\t<a href=\"mailto:office@horizonagency.eu\">\n\n\t\t\t\t\t\t\t\t\t\t\t\t<span class=\"elementor-icon-list-icon\">\n\t\t\t\t\t\t\t<i aria-hidden=\"true\" class=\" icomoon-the7-font-the7-mail-mail-06\"><\/i>\t\t\t\t\t\t<\/span>\n\t\t\t\t\t\t\t\t\t\t<span class=\"elementor-icon-list-text\">\u90ae\u4ef6\uff1aoffice@horizonagency.eu<\/span>\n\t\t\t\t\t\t\t\t\t\t\t<\/a>\n\t\t\t\t\t\t\t\t\t<\/li>\n\t\t\t\t\t\t<\/ul>\n\t\t\t\t\t\t<\/div>\n\t\t\t\t<\/div>\n\t\t\t\t<div class=\"elementor-element elementor-element-5d8e7ec elementor-widget elementor-widget-html\" data-id=\"5d8e7ec\" data-element_type=\"widget\" data-e-type=\"widget\" data-widget_type=\"html.default\">\n\t\t\t\t<div class=\"elementor-widget-container\">\n\t\t\t\t\t<div class=\"social-follow\">\n\u8ddf\u968f\u6211\u4eec\uff1a <a href=\"https:\/\/www.facebook.com\/HoryzontBiuroTurystyczne\"><i aria-hidden=\"true\" class=\"icomoon-the7-font-facebook\"><\/i><\/a> <a href=\"https:\/\/www.instagram.com\/bt_horyzont\/\"><i aria-hidden=\"true\" class=\" icomoon-the7-font-instagram\"><\/i><\/a> <a href=\"https:\/\/www.linkedin.com\/company\/biuro-turystyczne-horyzont\/about\/\"><i aria-hidden=\"true\" class=\"icomoon-the7-font-linkedin\"><\/i><\/a>\n<\/div>\t\t\t\t<\/div>\n\t\t\t\t<\/div>\n\t\t\t\t\t<\/div>\n\t\t<\/div>\n\t\t\t\t<div class=\"elementor-column elementor-col-50 elementor-top-column elementor-element elementor-element-49980205\" data-id=\"49980205\" data-element_type=\"column\" data-e-type=\"column\">\n\t\t\t<div class=\"elementor-widget-wrap elementor-element-populated\">\n\t\t\t\t\t\t<div class=\"elementor-element elementor-element-31ec3f4 elementor-widget elementor-widget-image\" data-id=\"31ec3f4\" data-element_type=\"widget\" data-e-type=\"widget\" data-widget_type=\"image.default\">\n\t\t\t\t<div class=\"elementor-widget-container\">\n\t\t\t\t\t\t\t\t\t\t\t\t\t\t\t<img decoding=\"async\" src=\"https:\/\/horizonagency.eu\/wp-content\/uploads\/elementor\/thumbs\/contact-image-01-r4e14ym0nxquygmo13xu91bq32csg2yj2sj6564abk.jpg\" title=\"\" alt=\"\" loading=\"lazy\" \/>\t\t\t\t\t\t\t\t\t\t\t\t\t\t\t<\/div>\n\t\t\t\t<\/div>\n\t\t\t\t\t<\/div>\n\t\t<\/div>\n\t\t\t\t\t<\/div>\n\t\t<\/section>\n\t\t\t\t<\/div>\n\t\t","protected":false},"excerpt":{"rendered":"<p>\u4fdd\u6301\u8054\u7cfb \u8054\u7cfb\u65b9\u5f0f \u4f5c\u4e3a\u7ecf\u9a8c\u4e30\u5bcc\u7684\u5165\u5883\u65c5\u884c\u793e\uff0c\u6211\u4eec\u6bcf\u5929\u90fd\u4f1a\u4e3a\u8bb8\u591a\u4eba\u63d0\u4f9b\u6709\u5173\u5982\u4f55\u51c6\u5907\u6210\u529f\u7684\u56e2\u4f53\u65c5\u884c\uff0c\u5956\u52b1\u65c5\u884c\u6216\u8c6a&hellip;<\/p>\n","protected":false},"author":1,"featured_media":0,"parent":0,"menu_order":0,"comment_status":"closed","ping_status":"closed","template":"elementor_header_footer","meta":{"footnotes":""},"class_list":["post-2367","page","type-page","status-publish","hentry"],"yoast_head":"<!-- This site is optimized with the Yoast SEO plugin v27.4 - https:\/\/yoast.com\/product\/yoast-seo-wordpress\/ -->\n<title>\u8054\u7cfb\u65b9\u5f0f Us &#8211; \u5730\u5e73\u7dda\u65c5\u884c\u793e<\/title>\n<meta name=\"description\" content=\"\u5982\u679c\u60a8\u60f3\u8207\u5c08\u9580\u7d44\u7e54\u81ea\u5b9a\u7fa9\u65c5\u884c\u7684\u4eba\u4ea4\u8ac7-Horizo\u200b\u200bn Travel Agency\u3002\" \/>\n<meta name=\"robots\" content=\"index, follow, max-snippet:-1, max-image-preview:large, max-video-preview:-1\" \/>\n<link rel=\"canonical\" href=\"https:\/\/horizonagency.eu\/zh-hant\/\u8054\u7cfb\u65b9\u5f0f\/\" \/>\n<meta property=\"og:locale\" content=\"zh_TW\" \/>\n<meta property=\"og:type\" content=\"article\" \/>\n<meta property=\"og:title\" content=\"\u8054\u7cfb\u65b9\u5f0f Us &#8211; \u5730\u5e73\u7dda\u65c5\u884c\u793e\" \/>\n<meta property=\"og:description\" content=\"\u5982\u679c\u60a8\u60f3\u8207\u5c08\u9580\u7d44\u7e54\u81ea\u5b9a\u7fa9\u65c5\u884c\u7684\u4eba\u4ea4\u8ac7-Horizo\u200b\u200bn Travel Agency\u3002\" \/>\n<meta property=\"og:url\" content=\"https:\/\/horizonagency.eu\/zh-hant\/\u8054\u7cfb\u65b9\u5f0f\/\" \/>\n<meta property=\"og:site_name\" content=\"\u5730\u5e73\u7dda\u65c5\u884c\u793e\" \/>\n<meta property=\"article:modified_time\" content=\"2021-05-19T13:18:07+00:00\" \/>\n<meta property=\"og:image\" content=\"https:\/\/horizonagency.eu\/wp-content\/uploads\/elementor\/thumbs\/contact-image-01-p3dvyhux1mkuyptumokvw2aze1uqnnfjbfg2yeoi0w.jpg\" \/>\n<meta name=\"twitter:card\" content=\"summary_large_image\" \/>\n<script type=\"application\/ld+json\" class=\"yoast-schema-graph\">{\"@context\":\"https:\\\/\\\/schema.org\",\"@graph\":[{\"@type\":\"WebPage\",\"@id\":\"https:\\\/\\\/horizonagency.eu\\\/zh-hant\\\/%e8%81%94%e7%b3%bb%e6%96%b9%e5%bc%8f\\\/\",\"url\":\"https:\\\/\\\/horizonagency.eu\\\/zh-hant\\\/%e8%81%94%e7%b3%bb%e6%96%b9%e5%bc%8f\\\/\",\"name\":\"\u8054\u7cfb\u65b9\u5f0f Us &#8211; \u5730\u5e73\u7dda\u65c5\u884c\u793e\",\"isPartOf\":{\"@id\":\"https:\\\/\\\/horizonagency.eu\\\/#website\"},\"primaryImageOfPage\":{\"@id\":\"https:\\\/\\\/horizonagency.eu\\\/zh-hant\\\/%e8%81%94%e7%b3%bb%e6%96%b9%e5%bc%8f\\\/#primaryimage\"},\"image\":{\"@id\":\"https:\\\/\\\/horizonagency.eu\\\/zh-hant\\\/%e8%81%94%e7%b3%bb%e6%96%b9%e5%bc%8f\\\/#primaryimage\"},\"thumbnailUrl\":\"https:\\\/\\\/horizonagency.eu\\\/wp-content\\\/uploads\\\/elementor\\\/thumbs\\\/contact-image-01-p3dvyhux1mkuyptumokvw2aze1uqnnfjbfg2yeoi0w.jpg\",\"datePublished\":\"2021-05-19T13:18:06+00:00\",\"dateModified\":\"2021-05-19T13:18:07+00:00\",\"description\":\"\u5982\u679c\u60a8\u60f3\u8207\u5c08\u9580\u7d44\u7e54\u81ea\u5b9a\u7fa9\u65c5\u884c\u7684\u4eba\u4ea4\u8ac7-Horizo\u200b\u200bn Travel Agency\u3002\",\"breadcrumb\":{\"@id\":\"https:\\\/\\\/horizonagency.eu\\\/zh-hant\\\/%e8%81%94%e7%b3%bb%e6%96%b9%e5%bc%8f\\\/#breadcrumb\"},\"inLanguage\":\"zh-TW\",\"potentialAction\":[{\"@type\":\"ReadAction\",\"target\":[\"https:\\\/\\\/horizonagency.eu\\\/zh-hant\\\/%e8%81%94%e7%b3%bb%e6%96%b9%e5%bc%8f\\\/\"]}]},{\"@type\":\"ImageObject\",\"inLanguage\":\"zh-TW\",\"@id\":\"https:\\\/\\\/horizonagency.eu\\\/zh-hant\\\/%e8%81%94%e7%b3%bb%e6%96%b9%e5%bc%8f\\\/#primaryimage\",\"url\":\"https:\\\/\\\/horizonagency.eu\\\/wp-content\\\/uploads\\\/elementor\\\/thumbs\\\/contact-image-01-p3dvyhux1mkuyptumokvw2aze1uqnnfjbfg2yeoi0w.jpg\",\"contentUrl\":\"https:\\\/\\\/horizonagency.eu\\\/wp-content\\\/uploads\\\/elementor\\\/thumbs\\\/contact-image-01-p3dvyhux1mkuyptumokvw2aze1uqnnfjbfg2yeoi0w.jpg\"},{\"@type\":\"BreadcrumbList\",\"@id\":\"https:\\\/\\\/horizonagency.eu\\\/zh-hant\\\/%e8%81%94%e7%b3%bb%e6%96%b9%e5%bc%8f\\\/#breadcrumb\",\"itemListElement\":[{\"@type\":\"ListItem\",\"position\":1,\"name\":\"Strona g\u0142\u00f3wna\",\"item\":\"https:\\\/\\\/horizonagency.eu\\\/zh-hant\\\/%e4%b8%bb%e9%a1%b5\\\/\"},{\"@type\":\"ListItem\",\"position\":2,\"name\":\"\u8054\u7cfb\u65b9\u5f0f\"}]},{\"@type\":\"WebSite\",\"@id\":\"https:\\\/\\\/horizonagency.eu\\\/#website\",\"url\":\"https:\\\/\\\/horizonagency.eu\\\/\",\"name\":\"\u5730\u5e73\u7dda\u65c5\u884c\u793e\",\"description\":\"\u6211\u5011\u662f\u60a8\u5728\u4e2d\u6b50\u7684\u672c\u5730\u65c5\u884c\u5c08\u5bb6\",\"publisher\":{\"@id\":\"https:\\\/\\\/horizonagency.eu\\\/#organization\"},\"potentialAction\":[{\"@type\":\"SearchAction\",\"target\":{\"@type\":\"EntryPoint\",\"urlTemplate\":\"https:\\\/\\\/horizonagency.eu\\\/?s={search_term_string}\"},\"query-input\":{\"@type\":\"PropertyValueSpecification\",\"valueRequired\":true,\"valueName\":\"search_term_string\"}}],\"inLanguage\":\"zh-TW\"},{\"@type\":\"Organization\",\"@id\":\"https:\\\/\\\/horizonagency.eu\\\/#organization\",\"name\":\"\u5730\u5e73\u7dda\u65c5\u884c\u793e\",\"url\":\"https:\\\/\\\/horizonagency.eu\\\/\",\"logo\":{\"@type\":\"ImageObject\",\"inLanguage\":\"zh-TW\",\"@id\":\"https:\\\/\\\/horizonagency.eu\\\/#\\\/schema\\\/logo\\\/image\\\/\",\"url\":\"https:\\\/\\\/horizonagency.eu\\\/wp-content\\\/uploads\\\/2021\\\/02\\\/logo-color-02.png\",\"contentUrl\":\"https:\\\/\\\/horizonagency.eu\\\/wp-content\\\/uploads\\\/2021\\\/02\\\/logo-color-02.png\",\"width\":140,\"height\":65,\"caption\":\"\u5730\u5e73\u7dda\u65c5\u884c\u793e\"},\"image\":{\"@id\":\"https:\\\/\\\/horizonagency.eu\\\/#\\\/schema\\\/logo\\\/image\\\/\"}}]}<\/script>\n<!-- \/ Yoast SEO plugin. -->","yoast_head_json":{"title":"\u8054\u7cfb\u65b9\u5f0f Us &#8211; \u5730\u5e73\u7dda\u65c5\u884c\u793e","description":"\u5982\u679c\u60a8\u60f3\u8207\u5c08\u9580\u7d44\u7e54\u81ea\u5b9a\u7fa9\u65c5\u884c\u7684\u4eba\u4ea4\u8ac7-Horizo\u200b\u200bn Travel Agency\u3002","robots":{"index":"index","follow":"follow","max-snippet":"max-snippet:-1","max-image-preview":"max-image-preview:large","max-video-preview":"max-video-preview:-1"},"canonical":"https:\/\/horizonagency.eu\/zh-hant\/\u8054\u7cfb\u65b9\u5f0f\/","og_locale":"zh_TW","og_type":"article","og_title":"\u8054\u7cfb\u65b9\u5f0f Us &#8211; \u5730\u5e73\u7dda\u65c5\u884c\u793e","og_description":"\u5982\u679c\u60a8\u60f3\u8207\u5c08\u9580\u7d44\u7e54\u81ea\u5b9a\u7fa9\u65c5\u884c\u7684\u4eba\u4ea4\u8ac7-Horizo\u200b\u200bn Travel Agency\u3002","og_url":"https:\/\/horizonagency.eu\/zh-hant\/\u8054\u7cfb\u65b9\u5f0f\/","og_site_name":"\u5730\u5e73\u7dda\u65c5\u884c\u793e","article_modified_time":"2021-05-19T13:18:07+00:00","og_image":[{"url":"https:\/\/horizonagency.eu\/wp-content\/uploads\/elementor\/thumbs\/contact-image-01-p3dvyhux1mkuyptumokvw2aze1uqnnfjbfg2yeoi0w.jpg","type":"","width":"","height":""}],"twitter_card":"summary_large_image","schema":{"@context":"https:\/\/schema.org","@graph":[{"@type":"WebPage","@id":"https:\/\/horizonagency.eu\/zh-hant\/%e8%81%94%e7%b3%bb%e6%96%b9%e5%bc%8f\/","url":"https:\/\/horizonagency.eu\/zh-hant\/%e8%81%94%e7%b3%bb%e6%96%b9%e5%bc%8f\/","name":"\u8054\u7cfb\u65b9\u5f0f Us &#8211; \u5730\u5e73\u7dda\u65c5\u884c\u793e","isPartOf":{"@id":"https:\/\/horizonagency.eu\/#website"},"primaryImageOfPage":{"@id":"https:\/\/horizonagency.eu\/zh-hant\/%e8%81%94%e7%b3%bb%e6%96%b9%e5%bc%8f\/#primaryimage"},"image":{"@id":"https:\/\/horizonagency.eu\/zh-hant\/%e8%81%94%e7%b3%bb%e6%96%b9%e5%bc%8f\/#primaryimage"},"thumbnailUrl":"https:\/\/horizonagency.eu\/wp-content\/uploads\/elementor\/thumbs\/contact-image-01-p3dvyhux1mkuyptumokvw2aze1uqnnfjbfg2yeoi0w.jpg","datePublished":"2021-05-19T13:18:06+00:00","dateModified":"2021-05-19T13:18:07+00:00","description":"\u5982\u679c\u60a8\u60f3\u8207\u5c08\u9580\u7d44\u7e54\u81ea\u5b9a\u7fa9\u65c5\u884c\u7684\u4eba\u4ea4\u8ac7-Horizo\u200b\u200bn Travel Agency\u3002","breadcrumb":{"@id":"https:\/\/horizonagency.eu\/zh-hant\/%e8%81%94%e7%b3%bb%e6%96%b9%e5%bc%8f\/#breadcrumb"},"inLanguage":"zh-TW","potentialAction":[{"@type":"ReadAction","target":["https:\/\/horizonagency.eu\/zh-hant\/%e8%81%94%e7%b3%bb%e6%96%b9%e5%bc%8f\/"]}]},{"@type":"ImageObject","inLanguage":"zh-TW","@id":"https:\/\/horizonagency.eu\/zh-hant\/%e8%81%94%e7%b3%bb%e6%96%b9%e5%bc%8f\/#primaryimage","url":"https:\/\/horizonagency.eu\/wp-content\/uploads\/elementor\/thumbs\/contact-image-01-p3dvyhux1mkuyptumokvw2aze1uqnnfjbfg2yeoi0w.jpg","contentUrl":"https:\/\/horizonagency.eu\/wp-content\/uploads\/elementor\/thumbs\/contact-image-01-p3dvyhux1mkuyptumokvw2aze1uqnnfjbfg2yeoi0w.jpg"},{"@type":"BreadcrumbList","@id":"https:\/\/horizonagency.eu\/zh-hant\/%e8%81%94%e7%b3%bb%e6%96%b9%e5%bc%8f\/#breadcrumb","itemListElement":[{"@type":"ListItem","position":1,"name":"Strona g\u0142\u00f3wna","item":"https:\/\/horizonagency.eu\/zh-hant\/%e4%b8%bb%e9%a1%b5\/"},{"@type":"ListItem","position":2,"name":"\u8054\u7cfb\u65b9\u5f0f"}]},{"@type":"WebSite","@id":"https:\/\/horizonagency.eu\/#website","url":"https:\/\/horizonagency.eu\/","name":"\u5730\u5e73\u7dda\u65c5\u884c\u793e","description":"\u6211\u5011\u662f\u60a8\u5728\u4e2d\u6b50\u7684\u672c\u5730\u65c5\u884c\u5c08\u5bb6","publisher":{"@id":"https:\/\/horizonagency.eu\/#organization"},"potentialAction":[{"@type":"SearchAction","target":{"@type":"EntryPoint","urlTemplate":"https:\/\/horizonagency.eu\/?s={search_term_string}"},"query-input":{"@type":"PropertyValueSpecification","valueRequired":true,"valueName":"search_term_string"}}],"inLanguage":"zh-TW"},{"@type":"Organization","@id":"https:\/\/horizonagency.eu\/#organization","name":"\u5730\u5e73\u7dda\u65c5\u884c\u793e","url":"https:\/\/horizonagency.eu\/","logo":{"@type":"ImageObject","inLanguage":"zh-TW","@id":"https:\/\/horizonagency.eu\/#\/schema\/logo\/image\/","url":"https:\/\/horizonagency.eu\/wp-content\/uploads\/2021\/02\/logo-color-02.png","contentUrl":"https:\/\/horizonagency.eu\/wp-content\/uploads\/2021\/02\/logo-color-02.png","width":140,"height":65,"caption":"\u5730\u5e73\u7dda\u65c5\u884c\u793e"},"image":{"@id":"https:\/\/horizonagency.eu\/#\/schema\/logo\/image\/"}}]}},"_links":{"self":[{"href":"https:\/\/horizonagency.eu\/zh-hant\/wp-json\/wp\/v2\/pages\/2367","targetHints":{"allow":["GET"]}}],"collection":[{"href":"https:\/\/horizonagency.eu\/zh-hant\/wp-json\/wp\/v2\/pages"}],"about":[{"href":"https:\/\/horizonagency.eu\/zh-hant\/wp-json\/wp\/v2\/types\/page"}],"author":[{"embeddable":true,"href":"https:\/\/horizonagency.eu\/zh-hant\/wp-json\/wp\/v2\/users\/1"}],"replies":[{"embeddable":true,"href":"https:\/\/horizonagency.eu\/zh-hant\/wp-json\/wp\/v2\/comments?post=2367"}],"version-history":[{"count":3,"href":"https:\/\/horizonagency.eu\/zh-hant\/wp-json\/wp\/v2\/pages\/2367\/revisions"}],"predecessor-version":[{"id":2370,"href":"https:\/\/horizonagency.eu\/zh-hant\/wp-json\/wp\/v2\/pages\/2367\/revisions\/2370"}],"wp:attachment":[{"href":"https:\/\/horizonagency.eu\/zh-hant\/wp-json\/wp\/v2\/media?parent=2367"}],"curies":[{"name":"wp","href":"https:\/\/api.w.org\/{rel}","templated":true}]}}